{"id":5778,"date":"2026-01-11T12:55:45","date_gmt":"2026-01-11T11:55:45","guid":{"rendered":"https:\/\/bud-legal.hu\/?page_id=5778"},"modified":"2026-01-11T13:09:31","modified_gmt":"2026-01-11T12:09:31","slug":"rolunk-uj-sandbox","status":"publish","type":"page","link":"https:\/\/bud-legal.hu\/en\/rolunk-uj-sandbox\/","title":{"rendered":"rolunk uj sandbox"},"content":{"rendered":"\n\t<section class=\"section\" id=\"section_485937102\">\n\t\t<div class=\"section-bg fill\" >\n\t\t\t\t\t\t\t\t\t\n\t\t\t\n\n\t\t<\/div>\n\n\t\t\n\n\t\t<div class=\"section-content relative\">\n\t\t\t\n<div class=\"row row-collapse row-full-width\"  id=\"row-2028127224\">\n\n\t<div id=\"col-1860321258\" class=\"col medium-6 small-12 large-6\"  >\n\t\t\t\t<div class=\"col-inner\"  >\n\t\t\t\n\t\t\t\n\n  <div class=\"banner has-hover\" id=\"banner-1617768381\">\n          <div class=\"banner-inner fill\">\n        <div class=\"banner-bg fill\" >\n            <img loading=\"lazy\" decoding=\"async\" width=\"900\" height=\"599\" src=\"https:\/\/bud-legal.hu\/wp-content\/uploads\/2026\/01\/About-Us-\u2013-Excellence-by-default.jpg\" class=\"bg attachment-large size-large\" alt=\"\" title=\"About Us \u2013 Excellence by default\" \/>                                    \n                    <\/div>\n\t\t\n        <div class=\"banner-layers container\">\n            <div class=\"fill banner-link\"><\/div>            \n        <\/div>\n      <\/div>\n\n            \n<style>\n#banner-1617768381 {\n  padding-top: 300px;\n  background-color: rgba(255, 255, 255, 0);\n}\n#banner-1617768381 .banner-bg img {\n  object-position: 64% 33%;\n}\n@media (min-width:550px) {\n  #banner-1617768381 {\n    padding-top: 600px;\n  }\n}\n<\/style>\n  <\/div>\n\n\n\t\t<\/div>\n\t\t\t\t\t<\/div>\n\n\t\n\n\t<div id=\"col-1157248278\" class=\"col medium-6 small-12 large-6\"  >\n\t\t\t\t<div class=\"col-inner\"  >\n\t\t\t\n\t\t\t\n<div class=\"row align-center\"  id=\"row-2112372425\">\n\n\t<div id=\"col-1291103033\" class=\"col medium-9 small-12 large-11\"  >\n\t\t\t\t<div class=\"col-inner\"  >\n\t\t\t\n\t\t\t\n\t<div id=\"text-4294734697\" class=\"text\">\n\t\t\n<h2>R\u00f3lunk \u2013 Excellence by default<\/h2>\n\t\t\n<style>\n#text-4294734697 {\n  font-size: 1rem;\n}\n@media (min-width:550px) {\n  #text-4294734697 {\n    font-size: 0.9rem;\n  }\n}\n@media (min-width:850px) {\n  #text-4294734697 {\n    font-size: 1rem;\n  }\n}\n<\/style>\n\t<\/div>\n\t\n<p style=\"text-align:justify\">A Budlegal \u00dcgyv\u00e9di T\u00e1rsul\u00e1s \u00fczleti szeml\u00e9let\u0171 gazdas\u00e1gi \u00e9s polg\u00e1ri jogi tan\u00e1csad\u00e1st ny\u00fajt magyar \u00e9s nemzetk\u00f6zi \u00fcgyfeleknek Budapesten, k\u00e9t helysz\u00ednen: a Gell\u00e9rthegyen \u00e9s a belv\u00e1rosban. \u00dcgyfeleink k\u00f6z\u00f6tt v\u00e1llalkoz\u00e1sok, nonprofit szervezetek \u00e9s mag\u00e1nszem\u00e9lyek egyar\u00e1nt megtal\u00e1lhat\u00f3k. T\u00f6bb mint h\u00fasz \u00e9v nemzetk\u00f6zi tapasztalattal, magyar\u2013n\u00e9met\u2013angol nyelvtud\u00e1ssal \u00e9s k\u00fclf\u00f6ldi szakmai h\u00e1tt\u00e9rrel dolgozunk.<br \/>Agilis, t\u00edzf\u0151s szakmai csapatunkkal olyan jogi k\u00f6rnyezetet teremt\u00fcnk, amely \u00e9rthet\u0151, \u00e1tl\u00e1that\u00f3 \u00e9s val\u00f3di d\u00f6nt\u00e9si biztons\u00e1got ad.<\/p>\n<p style=\"text-align:justify\">\u201eExcellence by default\u201d sz\u00e1munkra nem jelmondat, hanem m\u0171k\u00f6d\u00e9si m\u00e9rce: k\u00f6vetkezetes, magas szint\u0171 szakmai min\u0151s\u00e9get adunk, k\u00fcl\u00f6n k\u00e9r\u00e9s n\u00e9lk\u00fcl.<\/p>\n\t\t<\/div>\n\t\t\t\t\n<style>\n#col-1291103033 > .col-inner {\n  padding: 20px 0px 0px 0px;\n}\n@media (min-width:550px) {\n  #col-1291103033 > .col-inner {\n    padding: 0px 0px 0px 0;\n  }\n}\n<\/style>\n\t<\/div>\n\n\t\n<\/div>\n\t\t<\/div>\n\t\t\t\t\t<\/div>\n\n\t\n\n<style>\n#row-2028127224 > .col > .col-inner {\n  padding: 0px 5% 0px 5%;\n}\n@media (min-width:550px) {\n  #row-2028127224 > .col > .col-inner {\n    padding: 0px 0px 0px 5%;\n  }\n}\n<\/style>\n<\/div>\n<div class=\"row row-collapse row-full-width\"  id=\"row-1439741642\">\n\n\t<div id=\"col-1765275240\" class=\"col medium-6 small-12 large-6\"  >\n\t\t\t\t<div class=\"col-inner\"  >\n\t\t\t\n\t\t\t\n<div class=\"row align-center\"  id=\"row-1784133785\">\n\n\t<div id=\"col-173063095\" class=\"col medium-9 small-12 large-11\"  >\n\t\t\t\t<div class=\"col-inner\"  >\n\t\t\t\n\t\t\t\n\t<div id=\"gap-1530659371\" class=\"gap-element clearfix\" style=\"display:block; height:auto;\">\n\t\t\n<style>\n#gap-1530659371 {\n  padding-top: 30px;\n}\n<\/style>\n\t<\/div>\n\t\n\t<div id=\"text-2101848678\" class=\"text\">\n\t\t\n<h2>Mi\u00e9rt \u00e9s hogyan dolgozunk?<\/h2>\n\t\t\n<style>\n#text-2101848678 {\n  font-size: 1rem;\n}\n@media (min-width:550px) {\n  #text-2101848678 {\n    font-size: 0.9rem;\n  }\n}\n@media (min-width:850px) {\n  #text-2101848678 {\n    font-size: 1rem;\n  }\n}\n<\/style>\n\t<\/div>\n\t\n<p style=\"text-align:justify\">A Budlegal csapat c\u00e9lja, hogy \u00fcgyfeleink olyan jogi megold\u00e1sokat kapjanak, amelyek \u00e9rthet\u0151k, haszn\u00e1lhat\u00f3k \u00e9s val\u00f3di \u00fczleti vagy szem\u00e9lyes \u00e9rt\u00e9ket teremtenek. Gyorsan, \u00e1tl\u00e1that\u00f3an \u00e9s el\u0151rel\u00e1t\u00f3 szeml\u00e9lettel dolgozunk, hogy minden helyzetben stabil szakmai t\u00e1maszt adjunk.<\/p>\n<p style=\"text-align:justify\">Fontos sz\u00e1munkra, hogy a jogi k\u00e9rd\u00e9sek \u00e9rthet\u0151v\u00e9 v\u00e1ljanak, a d\u00f6nt\u00e9si helyzetek pedig kezelhet\u0151ek legyenek. Az \u00fcgyeket mindig vil\u00e1gos szerkezetben, l\u00e9nyegre f\u00f3kusz\u00e1lva k\u00f6zel\u00edtj\u00fck meg, \u00e9s el\u0151re jelezz\u00fck a kock\u00e1zatokat, a k\u00f6vetkezm\u00e9nyeket \u00e9s a sz\u00fcks\u00e9ges l\u00e9p\u00e9seket.<\/p>\n<p style=\"text-align:justify\">A munk\u00e1nk alapja a megb\u00edzhat\u00f3 el\u0151k\u00e9sz\u00edt\u00e9s, a pontos inform\u00e1ci\u00f3kra \u00e9p\u00fcl\u0151 elemz\u00e9s \u00e9s az \u00f6sszef\u00fcgg\u00e9sekben val\u00f3 gondolkod\u00e1s.<br \/>Hisz\u00fcnk abban, hogy a jog akkor szolg\u00e1lja igaz\u00e1n az \u00fcgyfeleket \u2013 legyenek v\u00e1llalkoz\u00e1sok vagy mag\u00e1nszem\u00e9lyek \u2013, ha k\u00f6z\u00e9rthet\u0151 nyelven, tiszt\u00e1n \u00e9s egyenes logik\u00e1val magyar\u00e1zzuk el; visszajelz\u00e9seik szerint ez sz\u00e1mukra val\u00f3di seg\u00edts\u00e9get jelent.<\/p>\n<p style=\"text-align:justify\">Irod\u00e1nk t\u00f6bb nemzetk\u00f6zi platformon el\u00e9rhet\u0151, k\u00f6zt\u00fck az anwalt.de szakmai oldal\u00e1n is, ahol \u00fcgyfeleink \u00e9rt\u00e9kel\u00e9sei er\u0151s\u00edtik vissza munk\u00e1nk min\u0151s\u00e9g\u00e9t.<\/p>\n\t\t<\/div>\n\t\t\t\t\n<style>\n#col-173063095 > .col-inner {\n  padding: 20px 0px 0px 0px;\n}\n@media (min-width:550px) {\n  #col-173063095 > .col-inner {\n    padding: 0px 0px 0px 0;\n  }\n}\n<\/style>\n\t<\/div>\n\n\t\n<\/div>\n\t\t<\/div>\n\t\t\t\t\t<\/div>\n\n\t\n\n\t<div id=\"col-2130793069\" class=\"col medium-6 small-12 large-6 small-col-first\"  >\n\t\t\t\t<div class=\"col-inner\"  >\n\t\t\t\n\t\t\t\n\n  <div class=\"banner has-hover\" id=\"banner-521911365\">\n          <div class=\"banner-inner fill\">\n        <div class=\"banner-bg fill\" >\n            <img loading=\"lazy\" decoding=\"async\" width=\"800\" height=\"600\" src=\"https:\/\/bud-legal.hu\/wp-content\/uploads\/2026\/01\/Why-We-Work.jpg\" class=\"bg attachment-large size-large\" alt=\"\" title=\"Why-We-Work\" \/>                                    \n                    <\/div>\n\t\t\n        <div class=\"banner-layers container\">\n            <div class=\"fill banner-link\"><\/div>            \n        <\/div>\n      <\/div>\n\n            \n<style>\n#banner-521911365 {\n  padding-top: 300px;\n  background-color: rgba(255, 255, 255, 0);\n}\n#banner-521911365 .banner-bg img {\n  object-position: 64% 33%;\n}\n@media (min-width:550px) {\n  #banner-521911365 {\n    padding-top: 600px;\n  }\n}\n<\/style>\n  <\/div>\n\n\n\t\t<\/div>\n\t\t\t\t\t<\/div>\n\n\t\n\n<style>\n#row-1439741642 > .col > .col-inner {\n  padding: 0px 5% 0px 5%;\n}\n@media (min-width:550px) {\n  #row-1439741642 > .col > .col-inner {\n    padding: 0px 5% 0px 0px;\n  }\n}\n<\/style>\n<\/div>\n<div class=\"row row-collapse row-full-width\"  id=\"row-1558138168\">\n\n\t<div id=\"col-124317158\" class=\"col medium-6 small-12 large-6\"  >\n\t\t\t\t<div class=\"col-inner\"  >\n\t\t\t\n\t\t\t\n\n  <div class=\"banner has-hover\" id=\"banner-1750893104\">\n          <div class=\"banner-inner fill\">\n        <div class=\"banner-bg fill\" >\n            <img loading=\"lazy\" decoding=\"async\" width=\"800\" height=\"600\" src=\"https:\/\/bud-legal.hu\/wp-content\/uploads\/2026\/01\/Our-Practice-Areas.jpg\" class=\"bg attachment-large size-large\" alt=\"\" title=\"Our Practice Areas\" \/>                                    \n                    <\/div>\n\t\t\n        <div class=\"banner-layers container\">\n            <div class=\"fill banner-link\"><\/div>            \n        <\/div>\n      <\/div>\n\n            \n<style>\n#banner-1750893104 {\n  padding-top: 300px;\n  background-color: rgba(255, 255, 255, 0);\n}\n#banner-1750893104 .banner-bg img {\n  object-position: 64% 33%;\n}\n@media (min-width:550px) {\n  #banner-1750893104 {\n    padding-top: 600px;\n  }\n}\n<\/style>\n  <\/div>\n\n\n\t\t<\/div>\n\t\t\t\t\t<\/div>\n\n\t\n\n\t<div id=\"col-355617820\" class=\"col medium-6 small-12 large-6\"  >\n\t\t\t\t<div class=\"col-inner\"  >\n\t\t\t\n\t\t\t\n<div class=\"row align-center\"  id=\"row-663583361\">\n\n\t<div id=\"col-682120888\" class=\"col medium-9 small-12 large-11\"  >\n\t\t\t\t<div class=\"col-inner\"  >\n\t\t\t\n\t\t\t\n\t<div id=\"gap-1653629970\" class=\"gap-element clearfix\" style=\"display:block; height:auto;\">\n\t\t\n<style>\n#gap-1653629970 {\n  padding-top: 30px;\n}\n<\/style>\n\t<\/div>\n\t\n\t<div id=\"text-331014379\" class=\"text\">\n\t\t\n<h2>Szakter\u00fcleteink<\/h2>\n\t\t\n<style>\n#text-331014379 {\n  font-size: 1rem;\n}\n@media (min-width:550px) {\n  #text-331014379 {\n    font-size: 0.9rem;\n  }\n}\n@media (min-width:850px) {\n  #text-331014379 {\n    font-size: 1rem;\n  }\n}\n<\/style>\n\t<\/div>\n\t\n<p style=\"text-align:justify\">Seg\u00edtj\u00fck \u00fcgyfeleinket a magyarorsz\u00e1gi terjeszked\u00e9sben, a hat\u00e1rokon \u00e1tny\u00fal\u00f3 tranzakci\u00f3kban \u00e9s a v\u00e1llalati m\u0171k\u00f6d\u00e9shez kapcsol\u00f3d\u00f3 jogi feladatokban. Ide tartoznak k\u00fcl\u00f6n\u00f6sen a munkajogi, adatv\u00e9delmi, kereskedelmi, ingatlan- \u00e9s M&amp;A k\u00e9rd\u00e9sek, valamint a szerz\u0151d\u00e9sek el\u0151k\u00e9sz\u00edt\u00e9se, \u00e1tvil\u00e1g\u00edt\u00e1sa \u00e9s a v\u00e1llalatfelv\u00e1s\u00e1rl\u00e1si \u00fcgyletek jogi koordin\u00e1ci\u00f3ja.<\/p>\n<p style=\"text-align:justify\">Mag\u00e1nszem\u00e9lyeinket ingatlanv\u00e1s\u00e1rl\u00e1sban \u00e9s -\u00e9rt\u00e9kes\u00edt\u00e9sben, \u00f6r\u00f6kl\u00e9si \u00e9s hagyat\u00e9ki \u00fcgyekben, valamint szerz\u0151d\u00e9ses vagy jogvit\u00e1s helyzetek rendez\u00e9s\u00e9ben t\u00e1mogatjuk; az ut\u00f3bbi \u00e9vekben k\u00fcl\u00f6n\u00f6sen sok megkeres\u00e9st kapunk N\u00e9metorsz\u00e1gb\u00f3l.<\/p>\n<p style=\"text-align:justify\">Kereskedelmi jog, t\u00e1rsas\u00e1gi jog, M&amp;A \u00e9s v\u00e1llalatfelv\u00e1s\u00e1rl\u00e1sok, nemzetk\u00f6zi tranzakci\u00f3k, munkajog, ingatlanjog, adatv\u00e9delem (GDPR), online kereskedelem joga, \u00f6r\u00f6kl\u00e9si jog, panaszbejelent\u00e9si rendszerek (whistleblowing), valamint ESG-tan\u00e1csad\u00e1s; szolg\u00e1ltat\u00e1saink az \u00fczleti m\u0171k\u00f6d\u00e9s teljes \u00edv\u00e9t lefedik<\/p>\n\t\t<\/div>\n\t\t\t\t\n<style>\n#col-682120888 > .col-inner {\n  padding: 50px 20px 20px 20px;\n}\n@media (min-width:550px) {\n  #col-682120888 > .col-inner {\n    padding: 0px 0px 0px 0;\n  }\n}\n<\/style>\n\t<\/div>\n\n\t\n<\/div>\n\t\t<\/div>\n\t\t\t\t\t<\/div>\n\n\t\n\n<style>\n#row-1558138168 > .col > .col-inner {\n  padding: 0px 5% 0px 5%;\n}\n@media (min-width:550px) {\n  #row-1558138168 > .col > .col-inner {\n    padding: 0px 0px 0px 5%;\n  }\n}\n<\/style>\n<\/div>\n<div class=\"row row-collapse row-full-width\"  id=\"row-122667351\">\n\n\t<div id=\"col-1064777608\" class=\"col medium-6 small-12 large-6\"  >\n\t\t\t\t<div class=\"col-inner\"  >\n\t\t\t\n\t\t\t\n<div class=\"row align-center\"  id=\"row-300576427\">\n\n\t<div id=\"col-721448151\" class=\"col medium-9 small-12 large-11\"  >\n\t\t\t\t<div class=\"col-inner\"  >\n\t\t\t\n\t\t\t\n\t<div id=\"gap-311181763\" class=\"gap-element clearfix\" style=\"display:block; height:auto;\">\n\t\t\n<style>\n#gap-311181763 {\n  padding-top: 30px;\n}\n<\/style>\n\t<\/div>\n\t\n\t<div id=\"text-2025621892\" class=\"text\">\n\t\t\n<h2>Nemzetk\u00f6zi h\u00e1l\u00f3zatok \u00e9s szakmai elismer\u00e9sek<\/h2>\n\t\t\n<style>\n#text-2025621892 {\n  font-size: 1rem;\n}\n@media (min-width:550px) {\n  #text-2025621892 {\n    font-size: 0.9rem;\n  }\n}\n@media (min-width:850px) {\n  #text-2025621892 {\n    font-size: 1rem;\n  }\n}\n<\/style>\n\t<\/div>\n\t\n<p style=\"text-align: justify;\">A Budlegal akt\u00edv tagja az IR Global, WIRAS Verbund \u00e9s DACH Europ\u00e4ische Anwaltsvereinigung h\u00e1l\u00f3zatoknak. Tagjai vagyunk a N\u00e9met\u2013Magyar Ipari \u00e9s Kereskedelmi Kamar\u00e1nak (DUIHK) \u00e9s a Sv\u00e1jci\u2013Magyar Kereskedelmi Kamar\u00e1nak, \u00e9s szerepl\u00fcnk a budapesti N\u00e9met \u00e9s Sv\u00e1jci Nagyk\u00f6vets\u00e9g aj\u00e1nlott n\u00e9met\u00fcl besz\u00e9l\u0151 \u00fcgyv\u00e9di list\u00e1j\u00e1n.<br \/>A Budapest Business Journal a nemzetk\u00f6zi kapcsolattal rendelkez\u0151 50 legnagyobb budapesti \u00fcgyv\u00e9di iroda k\u00f6z\u00f6tt tartja nyilv\u00e1n irod\u00e1nkat.<\/p>\n\t\t<\/div>\n\t\t\t\t\n<style>\n#col-721448151 > .col-inner {\n  padding: 20px 0px 0px 0px;\n}\n@media (min-width:550px) {\n  #col-721448151 > .col-inner {\n    padding: 0px 0px 0px 0;\n  }\n}\n<\/style>\n\t<\/div>\n\n\t\n<\/div>\n\t\t<\/div>\n\t\t\t\t\t<\/div>\n\n\t\n\n\t<div id=\"col-111411906\" class=\"col medium-6 small-12 large-6 small-col-first\"  >\n\t\t\t\t<div class=\"col-inner\"  >\n\t\t\t\n\t\t\t\n\n  <div class=\"banner has-hover\" id=\"banner-1586262550\">\n          <div class=\"banner-inner fill\">\n        <div class=\"banner-bg fill\" >\n            <img loading=\"lazy\" decoding=\"async\" width=\"800\" height=\"600\" src=\"https:\/\/bud-legal.hu\/wp-content\/uploads\/2026\/01\/International-Networks-and-Recognitions.jpg\" class=\"bg attachment-large size-large\" alt=\"\" title=\"International Networks and Recognitions\" \/>                                    \n                    <\/div>\n\t\t\n        <div class=\"banner-layers container\">\n            <div class=\"fill banner-link\"><\/div>            \n        <\/div>\n      <\/div>\n\n            \n<style>\n#banner-1586262550 {\n  padding-top: 300px;\n  background-color: rgba(255, 255, 255, 0);\n}\n#banner-1586262550 .banner-bg img {\n  object-position: 74% 33%;\n}\n@media (min-width:550px) {\n  #banner-1586262550 {\n    padding-top: 600px;\n  }\n}\n<\/style>\n  <\/div>\n\n\n\t\t<\/div>\n\t\t\t\t\t<\/div>\n\n\t\n\n<style>\n#row-122667351 > .col > .col-inner {\n  padding: 0px 5% 0px 5%;\n}\n@media (min-width:550px) {\n  #row-122667351 > .col > .col-inner {\n    padding: 0px 5% 0px 0px;\n  }\n}\n<\/style>\n<\/div>\n\t\t<\/div>\n\n\t\t\n<style>\n#section_485937102 {\n  padding-top: 50px;\n  padding-bottom: 50px;\n}\n<\/style>\n\t<\/section>\n\t\n","protected":false},"excerpt":{"rendered":"","protected":false},"author":1,"featured_media":0,"parent":0,"menu_order":0,"comment_status":"closed","ping_status":"closed","template":"page-blank.php","meta":{"footnotes":""},"class_list":["post-5778","page","type-page","status-publish","hentry"],"_links":{"self":[{"href":"https:\/\/bud-legal.hu\/en\/wp-json\/wp\/v2\/pages\/5778","targetHints":{"allow":["GET"]}}],"collection":[{"href":"https:\/\/bud-legal.hu\/en\/wp-json\/wp\/v2\/pages"}],"about":[{"href":"https:\/\/bud-legal.hu\/en\/wp-json\/wp\/v2\/types\/page"}],"author":[{"embeddable":true,"href":"https:\/\/bud-legal.hu\/en\/wp-json\/wp\/v2\/users\/1"}],"replies":[{"embeddable":true,"href":"https:\/\/bud-legal.hu\/en\/wp-json\/wp\/v2\/comments?post=5778"}],"version-history":[{"count":4,"href":"https:\/\/bud-legal.hu\/en\/wp-json\/wp\/v2\/pages\/5778\/revisions"}],"predecessor-version":[{"id":5804,"href":"https:\/\/bud-legal.hu\/en\/wp-json\/wp\/v2\/pages\/5778\/revisions\/5804"}],"wp:attachment":[{"href":"https:\/\/bud-legal.hu\/en\/wp-json\/wp\/v2\/media?parent=5778"}],"curies":[{"name":"wp","href":"https:\/\/api.w.org\/{rel}","templated":true}]}}