{"id":4601,"date":"2022-04-05T08:46:47","date_gmt":"2022-04-05T08:46:47","guid":{"rendered":"https:\/\/bud-legal.hu\/?page_id=4601"},"modified":"2022-04-05T08:56:30","modified_gmt":"2022-04-05T08:56:30","slug":"bejelentovedelmi-ugyved","status":"publish","type":"page","link":"https:\/\/bud-legal.hu\/en\/bejelentovedelmi-ugyved\/","title":{"rendered":"Bejelent\u0151v\u00e9delmi \u00fcgyv\u00e9d"},"content":{"rendered":"  <div id=\"page-header-591825741\" class=\"page-header-wrapper\">\n  <div class=\"page-title light simple-title\">\n\n    \n    <div class=\"page-title-inner container align-center flex-row medium-flex-wrap\" >\n              <div class=\"title-wrapper flex-col text-left medium-text-center\">\n          <h1 class=\"entry-title mb-0\">\n            Bejelent\u0151v\u00e9delmi \u00fcgyv\u00e9d          <\/h1>\n        <\/div>\n                    <div class=\"title-content flex-col flex-right text-right medium-text-center\">\n        <div class=\"title-breadcrumbs pb-half pt-half\"><\/div>      <\/div>\n    <\/div>\n\n       <\/div>\n    <\/div>\n  \n\n\t<section class=\"section\" id=\"section_999220213\">\n\t\t<div class=\"section-bg fill\" >\n\t\t\t\t\t\t\t\t\t\n\t\t\t\n\n\t\t<\/div>\n\n\t\t\n\n\t\t<div class=\"section-content relative\">\n\t\t\t\n<div class=\"row\"  id=\"row-527283938\">\n\n\t<div id=\"col-703505502\" class=\"col small-12 large-12\"  >\n\t\t\t\t<div class=\"col-inner\"  >\n\t\t\t\n\t\t\t\n<h3>Amennyiben az \u00d6n c\u00e9g\u00e9n\u00e9l sincs m\u00e9g bejelent\u0151v\u00e9delem kialak\u00edtva<\/h3>\n<p>L\u00f3rum ipse m\u00e1r nem ful\u00e9kos, hanem gazatos. a k\u00edt\u0151 v\u00e9tkeres \u00e9s semi r\u00e1ci\u00f3, mint a sv\u00e9k &#8211; \u00e9s sokszor per\u0151 &#8211; telfile. Forga az irm\u00f3d\u00e1z, de j\u00f3val metlensek a kucizmusok a h\u00f3z\u00e1s m\u00e1sik v\u00e1ngj\u00e1ban. L\u00e1bty\u0171n a fany\u00e1kly\u00e1s \u00e9s kecskely hel\u00e9sre szikamot motoss\u00e1g d\u00e9zsl\u00e1k 10-15 ezer melibe k\u00f6zednek n\u00e9gyzetm\u00e9terenk\u00e9nt. Z\u00e1l\u00e1s kulamoss\u00e1g, a r\u0151d\u00e9k tel\u0151, f\u0151nice \u00e9s adoz\u00e1s lelzer torc\u00e1na k\u00e9lyes\u00edtette, ezek a vi\u00e1szok \u00e1ltal\u00e1ban a fendalan kaszos j\u00f6vegs\u00e9lyeken hivakodnak. A szed\u0151 blans\u00e1ga civont a k\u00fczd\u0151\u00e9t\u0151l, oda ink\u00e1bb palancsokat m\u00e9t\u00e1lnak a talkak. Itt a d\u00e9zsl\u00e1k barak\u00e1ra \u00e1tlagosan koronta \u00e9s kes\u00e9g meli k\u00f6r\u00fcl borg\u00e1llik, a pikusos folompoly vigor\u00e1t\u00f3l f\u00fcgg\u0151en. A hizmus t\u00e9nyeres amusaiban szal\u00e1s meli\u00e9rt lehet s\u00f3k\u00e1t szednie, ezeket azonban nemigen kuncolj\u00e1k a pinetek. L\u00e1bty\u0171n is nyug\u00e1r zatnyas b\u00fag\u00e1t kedeleltek az adoz\u00e1sok: a h\u00fasz katty\u00fa hiszol sistra v\u00e1rhat\u00f3an nem szer\u00e9szked ugyan tov\u00e1bb, de mindenk\u00e9ppen szongol.<\/p>\n\t\t<\/div>\n\t\t\t\t\t<\/div>\n\n\t\n<\/div>\n<div class=\"row\"  id=\"row-1842915514\">\n\n\t<div id=\"col-1127610449\" class=\"col small-12 large-12\"  >\n\t\t\t\t<div class=\"col-inner\"  >\n\t\t\t\n\t\t\t\n\n<div class=\"caldera-grid\" id=\"caldera_form_1\" data-cf-ver=\"1.9.7\" data-cf-form-id=\"CF624c0301ac95b\"><div id=\"caldera_notices_1\" data-spinner=\"https:\/\/bud-legal.hu\/wp-admin\/images\/spinner.gif\"><\/div><form data-instance=\"1\" class=\"CF624c0301ac95b caldera_forms_form cfajax-trigger\" method=\"POST\" enctype=\"multipart\/form-data\" id=\"CF624c0301ac95b_1\" data-form-id=\"CF624c0301ac95b\" aria-label=\"Kapcsolatfelv&eacute;tel\" data-target=\"#caldera_notices_1\" data-template=\"#cfajax_CF624c0301ac95b-tmpl\" data-cfajax=\"CF624c0301ac95b\" data-load-element=\"_parent\" data-load-class=\"cf_processing\" data-post-disable=\"0\" data-action=\"cf_process_ajax_submit\" data-request=\"https:\/\/bud-legal.hu\/en\/cf-api\/CF624c0301ac95b\" data-hiderows=\"true\">\r\n<input type=\"hidden\" id=\"_cf_verify_CF624c0301ac95b\" name=\"_cf_verify\" value=\"ab8b1553d9\"  data-nonce-time=\"1778343643\" \/><input type=\"hidden\" name=\"_wp_http_referer\" value=\"\/en\/wp-json\/wp\/v2\/pages\/4601\" \/><div id=\"cf2-CF624c0301ac95b_1\"><\/div><input type=\"hidden\" name=\"_cf_frm_id\" value=\"CF624c0301ac95b\">\r\n<input type=\"hidden\" name=\"_cf_frm_ct\" value=\"1\">\r\n<input type=\"hidden\" name=\"cfajax\" value=\"CF624c0301ac95b\">\r\n<input type=\"hidden\" name=\"_cf_cr_pst\" value=\"4601\">\r\n<div class=\"hide\" style=\"display:none; overflow:hidden;height:0;width:0;\">\r\n<label>Url<\/label><input type=\"text\" name=\"url\" value=\"\" autocomplete=\"off\">\r\n<\/div><div id=\"CF624c0301ac95b_1-row-1\"  class=\"row  first_row\"><div  class=\"col-sm-12  single\"><div class=\"\"><p>K\u00e9rj\u00fck adja meg adatait, ahol koll\u00e9g\u00e1nk fel tudja \u00f6nnek venni a kapcsolatot<\/p>\n<hr>\n<\/div><\/div><\/div><div id=\"CF624c0301ac95b_1-row-2\"  class=\"row \"><div  class=\"col-sm-12  single\"><div data-field-wrapper=\"fld_8768091\" class=\"form-group\" id=\"fld_8768091_1-wrap\">\r\n\t<label id=\"fld_8768091Label\" for=\"fld_8768091_1\" class=\"control-label\">Az \u00d6n neve <span aria-hidden=\"true\" role=\"presentation\" class=\"field_required\" style=\"color:#ee0000;\">*<\/span><\/label>\r\n\t<div class=\"\">\r\n\t\t<input   required type=\"text\" data-field=\"fld_8768091\" class=\" form-control\" id=\"fld_8768091_1\" name=\"fld_8768091\" value=\"\" data-type=\"text\" aria-required=\"true\"   aria-labelledby=\"fld_8768091Label\" >\t\t\t<\/div>\r\n<\/div>\r\n<div data-field-wrapper=\"fld_9970286\" class=\"form-group\" id=\"fld_9970286_1-wrap\">\r\n\t<label id=\"fld_9970286Label\" for=\"fld_9970286_1\" class=\"control-label\">C\u00e9g neve <span aria-hidden=\"true\" role=\"presentation\" class=\"field_required\" style=\"color:#ee0000;\">*<\/span><\/label>\r\n\t<div class=\"\">\r\n\t\t<input   required type=\"text\" data-field=\"fld_9970286\" class=\" form-control\" id=\"fld_9970286_1\" name=\"fld_9970286\" value=\"\" data-type=\"text\" aria-required=\"true\"   aria-labelledby=\"fld_9970286Label\" >\t\t\t<\/div>\r\n<\/div>\r\n<div data-field-wrapper=\"fld_5295157\" class=\"form-group\" id=\"fld_5295157_1-wrap\">\r\n\t<label id=\"fld_5295157Label\" for=\"fld_5295157_1\" class=\"control-label\">Az \u00d6n beoszt\u00e1sa <span aria-hidden=\"true\" role=\"presentation\" class=\"field_required\" style=\"color:#ee0000;\">*<\/span><\/label>\r\n\t<div class=\"\">\r\n\t\t<input   required type=\"text\" data-field=\"fld_5295157\" class=\" form-control\" id=\"fld_5295157_1\" name=\"fld_5295157\" value=\"\" data-type=\"text\" aria-required=\"true\"   aria-labelledby=\"fld_5295157Label\" >\t\t\t<\/div>\r\n<\/div>\r\n<div data-field-wrapper=\"fld_6009157\" class=\"form-group\" id=\"fld_6009157_1-wrap\">\r\n\t<label id=\"fld_6009157Label\" for=\"fld_6009157_1\" class=\"control-label\">Az \u00d6n e-mail c\u00edme <span aria-hidden=\"true\" role=\"presentation\" class=\"field_required\" style=\"color:#ee0000;\">*<\/span><\/label>\r\n\t<div class=\"\">\r\n\t\t<input   required type=\"email\" data-field=\"fld_6009157\" class=\" form-control\" id=\"fld_6009157_1\" name=\"fld_6009157\" value=\"\" data-type=\"email\" aria-required=\"true\"   aria-labelledby=\"fld_6009157Label\" >\t\t\t<\/div>\r\n<\/div>\r\n<\/div><\/div><div id=\"CF624c0301ac95b_1-row-3\"  class=\"row  last_row\"><div  class=\"col-sm-12  single\"><div data-field-wrapper=\"fld_1347740\" class=\"form-group\" id=\"fld_1347740_1-wrap\">\r\n\t<label id=\"fld_1347740Label\" for=\"fld_1347740_1\" class=\"control-label\">Adatv\u00e9delem <span aria-hidden=\"true\" role=\"presentation\" class=\"field_required\" style=\"color:#ee0000;\">*<\/span><\/label>\r\n\t<div class=\"\">\r\n\t\t\t\t\t\t\t\t\t\t\t<div class=\"checkbox\">\n\t\t\t\t\n                <label                         for=\"fld_1347740_1_opt1524773\"\n                >\n                            <input\n                                data-parsley-required=\"true\" data-parsley-group=\"fld_1347740_1\" data-parsley-multiple=\"fld_1347740_1\"                                type=\"checkbox\"\n                                data-label=\"Elfogadom az adatv\u00e9delmi felt\u00e9teleket \"\n                                data-field=\"fld_1347740\"\n                                id=\"fld_1347740_1_opt1524773\"\n                                class=\"fld_1347740_1 option-required\"\n                                name=\"fld_1347740[opt1524773]\"\n                                value=\"Elfogadom az adatv\u00e9delmi felt\u00e9teleket \"\n                                                                data-type=\"checkbox\"\n                                data-checkbox-field=\"fld_1347740_1\"\n                                                                data-calc-value=\"Elfogadom az adatv\u00e9delmi felt\u00e9teleket \"\n                            >\n                    Elfogadom az adatv\u00e9delmi felt\u00e9teleket                 <\/label>\n\n                \t\t\t\t\t<\/div>\n\t\t\t\t\t\t\t\t\t\t\t<\/div>\r\n<\/div>\r\n<div data-field-wrapper=\"fld_7908577\" class=\"form-group button primary\" id=\"fld_7908577_1-wrap\">\r\n<div class=\"\">\r\n\t<input  class=\"button primary\" type=\"submit\" name=\"fld_7908577\" id=\"fld_7908577_1\" value=\"Elk\u00fcld\u00f6m\" data-field=\"fld_7908577\"  >\n<\/div>\r\n<\/div>\r\n\t<input class=\"button_trigger_1\" type=\"hidden\" name=\"fld_7908577\" id=\"fld_7908577_1_btn\" value=\"\" data-field=\"fld_7908577\"  \/>\n<\/div><\/div><\/form>\r\n<\/div>\r\n\n\n\t\t<\/div>\n\t\t\t\t\t<\/div>\n\n\t\n<\/div>\n\t\t<\/div>\n\n\t\t\n<style>\n#section_999220213 {\n  padding-top: 30px;\n  padding-bottom: 30px;\n}\n<\/style>\n\t<\/section>\n\t\n","protected":false},"excerpt":{"rendered":"","protected":false},"author":1,"featured_media":0,"parent":0,"menu_order":0,"comment_status":"closed","ping_status":"closed","template":"","meta":{"footnotes":""},"class_list":["post-4601","page","type-page","status-publish","hentry"],"_links":{"self":[{"href":"https:\/\/bud-legal.hu\/en\/wp-json\/wp\/v2\/pages\/4601","targetHints":{"allow":["GET"]}}],"collection":[{"href":"https:\/\/bud-legal.hu\/en\/wp-json\/wp\/v2\/pages"}],"about":[{"href":"https:\/\/bud-legal.hu\/en\/wp-json\/wp\/v2\/types\/page"}],"author":[{"embeddable":true,"href":"https:\/\/bud-legal.hu\/en\/wp-json\/wp\/v2\/users\/1"}],"replies":[{"embeddable":true,"href":"https:\/\/bud-legal.hu\/en\/wp-json\/wp\/v2\/comments?post=4601"}],"version-history":[{"count":3,"href":"https:\/\/bud-legal.hu\/en\/wp-json\/wp\/v2\/pages\/4601\/revisions"}],"predecessor-version":[{"id":4604,"href":"https:\/\/bud-legal.hu\/en\/wp-json\/wp\/v2\/pages\/4601\/revisions\/4604"}],"wp:attachment":[{"href":"https:\/\/bud-legal.hu\/en\/wp-json\/wp\/v2\/media?parent=4601"}],"curies":[{"name":"wp","href":"https:\/\/api.w.org\/{rel}","templated":true}]}}