{"id":4110,"date":"2018-09-07T14:25:42","date_gmt":"2018-09-07T14:25:42","guid":{"rendered":"http:\/\/bud-legal.hu\/?page_id=4110"},"modified":"2022-09-18T14:41:06","modified_gmt":"2022-09-18T14:41:06","slug":"masolatkeszitesi-szabalyzat","status":"publish","type":"page","link":"https:\/\/bud-legal.hu\/en\/masolatkeszitesi-szabalyzat\/","title":{"rendered":"M\u00e1solatk\u00e9sz\u00edt\u00e9si szab\u00e1lyza"},"content":{"rendered":"<a href=\"https:\/\/bud-legal.hu\/wp-content\/uploads\/2018\/09\/Masolatkeszitesi_szabalyzat.pdf\" class=\"pdfemb-viewer\" style=\"\" data-width=\"max\" data-height=\"max\" data-toolbar=\"bottom\" data-toolbar-fixed=\"on\">Masolatkeszitesi_szabalyzat<\/a>","protected":false},"excerpt":{"rendered":"","protected":false},"author":1,"featured_media":0,"parent":0,"menu_order":0,"comment_status":"closed","ping_status":"closed","template":"","meta":{"footnotes":""},"class_list":["post-4110","page","type-page","status-publish","hentry"],"_links":{"self":[{"href":"https:\/\/bud-legal.hu\/en\/wp-json\/wp\/v2\/pages\/4110","targetHints":{"allow":["GET"]}}],"collection":[{"href":"https:\/\/bud-legal.hu\/en\/wp-json\/wp\/v2\/pages"}],"about":[{"href":"https:\/\/bud-legal.hu\/en\/wp-json\/wp\/v2\/types\/page"}],"author":[{"embeddable":true,"href":"https:\/\/bud-legal.hu\/en\/wp-json\/wp\/v2\/users\/1"}],"replies":[{"embeddable":true,"href":"https:\/\/bud-legal.hu\/en\/wp-json\/wp\/v2\/comments?post=4110"}],"version-history":[{"count":1,"href":"https:\/\/bud-legal.hu\/en\/wp-json\/wp\/v2\/pages\/4110\/revisions"}],"predecessor-version":[{"id":4672,"href":"https:\/\/bud-legal.hu\/en\/wp-json\/wp\/v2\/pages\/4110\/revisions\/4672"}],"wp:attachment":[{"href":"https:\/\/bud-legal.hu\/en\/wp-json\/wp\/v2\/media?parent=4110"}],"curies":[{"name":"wp","href":"https:\/\/api.w.org\/{rel}","templated":true}]}}