{"id":3321,"date":"2017-04-27T15:12:42","date_gmt":"2017-04-27T15:12:42","guid":{"rendered":"http:\/\/bud-legal.hu\/?page_id=3321"},"modified":"2025-07-10T12:22:37","modified_gmt":"2025-07-10T10:22:37","slug":"adatvedelmi-tajekoztato","status":"publish","type":"page","link":"https:\/\/bud-legal.hu\/en\/adatvedelmi-tajekoztato\/","title":{"rendered":"Adatv\u00e9delmi t\u00e1j\u00e9koztat\u00f3"},"content":{"rendered":"<p>A<b> budlegal \u00dcgyv\u00e9di T\u00e1rsul\u00e1s<\/b> tagja, a <b>Buz\u00e1dy \u00e9s Udvari \u00dcgyv\u00e9di Iroda <\/b>(\u201e<b>budlegal<\/b>\u201d) ez\u00faton t\u00e1j\u00e9koztatja a http:\/\/www. bud-legal.hu\/ weboldalra (\u201e<b>budlegal weboldal<\/b>\u201d)<b> L\u00e1togat\u00f3kat, \u00e9s a budlegal h\u00edrlevel\u00e9re feliratkoz\u00f3 \u00fcgyfeleit<\/b> \u00e9s \u00e9rdekl\u0151d\u0151ket <b>(\u201e\u00c9rintettek\u201d)<\/b> a budlegal \u00e1ltal e k\u00f6rben kezelt szem\u00e9lyes adatokr\u00f3l, az adatkezel\u00e9s c\u00e9lj\u00e1r\u00f3l \u00e9s jogalapj\u00e1r\u00f3l.<\/p>\n<p>Budlegal az \u00c9rintettek tudom\u00e1s\u00e1ra jutott adatait az inform\u00e1ci\u00f3s \u00f6nrendelkez\u00e9si jogr\u00f3l \u00e9s inform\u00e1ci\u00f3szabads\u00e1gr\u00f3l sz\u00f3l\u00f3 2011.\u00a0\u00e9vi CXII. t\u00f6rv\u00e9ny (\u201e<b>Infotv.<\/b>\u201d) valamint az \u00c1ltal\u00e1nos Adatv\u00e9delmi Rendelet el\u0151\u00edr\u00e1sainak megfelelve kezeli. Az Infotv. 5. \u00a7 (1) bekezd\u00e9se \u00e9rtelm\u00e9ben a budlegal adatkezel\u0151nek min\u0151s\u00fcl a honlapon, online k\u00e9rd\u0151\u00edven vagy facebook fel\u00fcleten kereszt\u00fcl gy\u0171jt\u00f6tt azonos\u00edthat\u00f3 szem\u00e9lyes adatok tekintet\u00e9ben.<\/p>\n<ol>\n<li><b><\/b><b>Az adatkezel\u00e9s sor\u00e1n k\u00f6vetett elvek \u00e9s c\u00e9lok<\/b><\/li>\n<\/ol>\n<p>A budlegal v\u00e9di az \u00c9rintett szem\u00e9lyes adatait, csak olyan adatot kezel, amely az adatkezel\u00e9s c\u00e9lj\u00e1nak megval\u00f3sul\u00e1s\u00e1hoz elengedhetetlen, \u00e9s a c\u00e9l el\u00e9r\u00e9s\u00e9hez alkalmas.<span class=\"Apple-converted-space\">\u00a0<\/span><\/p>\n<p>A budlegal weboldal l\u00e1togat\u00f3inak szem\u00e9lyes adatait budlegal a jogi tan\u00e1csad\u00e1si tev\u00e9kenys\u00e9g\u00e9t bemutat\u00f3 honlap l\u00e1togatotts\u00e1g\u00e1nak n\u00f6vel\u00e9se \u00e9rdek\u00e9ben kezeli \u00e9s az\u00e9rt, hogy a weboldalra l\u00e1togat\u00f3 sz\u00e1m\u00e1ra hat\u00e9kony \u00e9s gyors b\u00f6ng\u00e9sz\u00e9si \u00e9lm\u00e9nyt ny\u00fajthasson. H\u00edrlev\u00e9lk\u00fcld\u00e9s eset\u00e9n az szem\u00e9lyes adatok kezel\u00e9s\u00e9nek c\u00e9lja a h\u00edrlev\u00e9lre feliratkoz\u00f3 \u00e9rdekl\u0151d\u0151k e-mailen t\u00f6rt\u00e9n\u0151 t\u00e1j\u00e9koztat\u00e1sa jogi aktualit\u00e1sokr\u00f3l.<\/p>\n<ol start=\"2\">\n<li><b><\/b><b>Kezelt adatok (b\u00f6ng\u00e9sz\u00e9s \u00e9s h\u00edrlev\u00e9lk\u00fcld\u00e9s)<\/b><\/li>\n<\/ol>\n<p>A budlegal weboldalon alkalmazott s\u00fctik haszn\u00e1lat\u00e1ra vonatkoz\u00f3 szab\u00e1lyzat el\u00e9rhet\u0151 itt: <a href=\"http:\/\/bud-legal.hu\/suti\">http:\/\/bud-legal.hu\/suti<\/a><\/p>\n<p>A weboldal szervere a honlap bet\u00f6lt\u00e9sekor automatikusan regisztr\u00e1lja a l\u00e1togat\u00f3 IP-c\u00edm\u00e9t, a haszn\u00e1lt oper\u00e1ci\u00f3s rendszer \u00e9s b\u00f6ng\u00e9sz\u0151program t\u00edpus\u00e1t \u00e9s n\u00e9h\u00e1ny m\u00e1s inform\u00e1ci\u00f3t. Ezeket az inform\u00e1ci\u00f3kat a weboldal \u00fczemeltet\u0151je kiz\u00e1r\u00f3lag \u00f6sszes\u00edtett \u00e9s feldolgozott form\u00e1ban hasznos\u00edtja, a honlap szolg\u00e1ltat\u00e1sai esetleges hib\u00e1inak kijav\u00edt\u00e1sa, min\u0151s\u00e9g\u00fck jav\u00edt\u00e1sa \u00e9rdek\u00e9ben \u00e9s egy\u00e9b statisztikai c\u00e9lra, az adatot a L\u00e1togat\u00f3 \u00e1ltal megadott egy\u00e9b adattal nem kapcsolja \u00f6ssze. A napl\u00f3f\u00e1jlokban t\u00e1rol\u00f3d\u00f3 adatot 90 napig t\u00e1rolja, ezt k\u00f6vet\u0151en t\u00f6rli.<span class=\"Apple-converted-space\">\u00a0<\/span><\/p>\n<p>A budlegal weboldalon t\u00f6rt\u00e9n\u0151 <b>b\u00f6ng\u00e9sz\u00e9s<\/b> megkezd\u00e9sekor a l\u00e1togat\u00f3nak el kell fogadnia a budlegal S\u00fctiszab\u00e1lyzat\u00e1t \u00e9s a jelen Adatv\u00e9delmi t\u00e1j\u00e9koztat\u00f3 rendelkez\u00e9seit. Mindk\u00e9t irat megtal\u00e1lhat\u00f3 \u00e9s folyamatosan el\u00e9rhet\u0151 a budlegal weboldal alj\u00e1n, a l\u00e1br\u00e9szben hiperlinken kereszt\u00fcl.<\/p>\n<p><b>H\u00edrlevel<\/b>et akkor k\u00fcld\u00fcnk, ha az \u00c9rintett a budlegal egyik \u00fcgyv\u00e9di irod\u00e1j\u00e1val k\u00f6t\u00f6tt megb\u00edz\u00e1si vagy szolg\u00e1ltat\u00e1si szerz\u0151d\u00e9s\u00e9ben, a <a href=\"http:\/\/bud-legal.hu\/index.php\/bud-legal-news\/\">bud-legal.hu<\/a> weboldalon, <a href=\"https:\/\/goo.gl\/forms\/fopISmXB4BVdTGte2\" target=\"_blank\" rel=\"noopener\">online k\u00e9rd\u0151\u00edv\u00fcnk\u00f6n<\/a>, vagy <a href=\"https:\/\/www.facebook.com\/budlegal\/\" target=\"_blank\" rel=\"noopener\">facebook<\/a> oldalunkon kereszt\u00fcl kifejezett hozz\u00e1j\u00e1rul\u00e1s\u00e1t adta ahhoz, hogy nev\u00e9t \u00e9s e-mailc\u00edm\u00e9t h\u00edrlevelek k\u00fcld\u00e9s\u00e9hez nyilv\u00e1ntartsuk, kezelj\u00fck \u00e9s elektronikus \u00fczeneteket (e-mailt) k\u00fcldj\u00fcnk (h\u00edrlev\u00e9lk\u00fcld\u00e9s). A hozz\u00e1j\u00e1rul\u00e1s megad\u00e1sa a jelen adatv\u00e9delmi t\u00e1j\u00e9koztat\u00e1s elfogad\u00e1s\u00e1t is jelenti. Az adatv\u00e9delmi t\u00e1j\u00e9koztat\u00f3 folyamatosan el\u00e9rhet\u0151 a budlegal weboldal alj\u00e1n, a l\u00e1br\u00e9szben hiperlinken kereszt\u00fcl.<\/p>\n<ol start=\"3\">\n<li><b><\/b><b>Leiratkoz\u00e1s h\u00edrlev\u00e9lr\u0151l<\/b><\/li>\n<\/ol>\n<p>A h\u00edrlev\u00e9l k\u00fcld\u00e9s\u00e9hez adott hozz\u00e1j\u00e1rul\u00e1s\u00e1t az <a href=\"https:\/\/goo.gl\/forms\/0rF3oIrVPQoLQCgm1\" target=\"_blank\" rel=\"noopener\">online k\u00e9rd\u0151\u00edv<\/a> ism\u00e9telt kit\u00f6lt\u00e9s\u00e9vel vagy a <a href=\"mailto:gdpr@bud-legal.hu\">gdpr@bud-legal.hu<\/a> e-mailc\u00edmre k\u00fcld\u00f6tt \u201eH\u00edrlev\u00e9lk\u00fcld\u00e9st lemondom.\u201d sz\u00f6veget tartalmaz\u00f3 nyilatkozattal b\u00e1rmikor visszavonhatja.<\/p>\n<ol start=\"4\">\n<li><b><\/b><b>L\u00e1togat\u00f3 jogai \u00e9s jog\u00e9rv\u00e9nyes\u00edt\u00e9si lehet\u0151s\u00e9gei<\/b><\/li>\n<\/ol>\n<p>A L\u00e1togat\u00f3 \u00edr\u00e1sban t\u00e1j\u00e9koztat\u00e1st k\u00e9rhet az\u00a0<a href=\"mailto:gdpr@bud-legal.hu\">gdpr@bud-legal.hu<\/a>\u00a0c\u00edmen a budlegal \u00e1ltal kezelt szem\u00e9lyes adatair\u00f3l. A budlegal a k\u00e9r\u00e9s be\u00e9rkez\u00e9s\u00e9t k\u00f6vet\u0151 25 napon bel\u00fcl t\u00e1j\u00e9koztat\u00e1st ad az \u00e1ltala kezelt adatr\u00f3l \u00e9s jelen adatv\u00e9delmi t\u00e1j\u00e9koztat\u00f3ban foglaltakr\u00f3l, valamint &#8211; amennyiben adattov\u00e1bb\u00edt\u00e1sra ker\u00fclt sor &#8211; a tov\u00e1bb\u00edt\u00e1s jogalapj\u00e1r\u00f3l \u00e9s c\u00edmzettj\u00e9r\u0151l is.<\/p>\n<p>A L\u00e1togat\u00f3 \u00edr\u00e1sban tiltakozhat szem\u00e9lyes adat\u00e1nak kezel\u00e9se ellen, kiv\u00e9ve a k\u00f6telez\u0151 adatkezel\u00e9s eset\u00e9ben, \u00e9s k\u00e9rheti szem\u00e9lyes adatainak helyesb\u00edt\u00e9s\u00e9t, t\u00f6rl\u00e9s\u00e9t vagy z\u00e1rol\u00e1s\u00e1t. A budlegal a k\u00e9relem be\u00e9rkez\u00e9s\u00e9t k\u00f6vet\u0151 15 napon bel\u00fcl v\u00e1laszol. Amennyiben a L\u00e1togat\u00f3 nem el\u00e9gedett az adatkezel\u0151 v\u00e1lasz\u00e1val, \u00fagy szem\u00e9lyes adatai v\u00e9delm\u00e9hez val\u00f3 jog\u00e1t b\u00edr\u00f3s\u00e1g el\u0151tt \u00e9rv\u00e9nyes\u00edtheti, tov\u00e1bb\u00e1 a Nemzeti Adatv\u00e9delmi \u00e9s Inform\u00e1ci\u00f3szabads\u00e1g Hat\u00f3s\u00e1ghoz (<a href=\"http:\/\/www.naih.hu\" target=\"_blank\" rel=\"noopener\">www.naih.hu<\/a>) fordulhat.<\/p>\n<ol start=\"5\">\n<li><b><\/b><b>Az adatkezel\u00e9s id\u0151tartama<\/b><\/li>\n<\/ol>\n<p>A budlegal a szem\u00e9lyes adatokat csak az adatkezel\u00e9si c\u00e9l megval\u00f3sul\u00e1s\u00e1hoz sz\u00fcks\u00e9ges m\u00e9rt\u00e9kben \u00e9s ideig kezeli. A napl\u00f3f\u00e1jlokban t\u00e1rol\u00f3d\u00f3 (budlegal weboldal l\u00e1togat\u00f3it \u00e9rint\u0151) adatot 90 napig t\u00e1rolja, ezt k\u00f6vet\u0151en t\u00f6rli. A h\u00edrlev\u00e9l k\u00fcld\u00e9s\u00e9hez adott szem\u00e9lyes adatot az \u00e9rintett leiratkoz\u00f3 nyilatkozat\u00e1ig kezeli, azt k\u00f6vet\u0151en t\u00f6rli. Kiv\u00e9telt k\u00e9pez, ha valamely jogszab\u00e1lyi rendelkez\u00e9s k\u00f6telezi budlegalt az adatok meg\u00f6rz\u00e9s\u00e9re.<\/p>\n<ol start=\"6\">\n<li><b><\/b><b>Az adatok feldolgoz\u00e1sa \u00e9s tov\u00e1bb\u00edt\u00e1sa, az adatv\u00e9delmi t\u00e1j\u00e9koztat\u00f3 m\u00f3dos\u00edt\u00e1sa<\/b><\/li>\n<\/ol>\n<p>A budlegal a l\u00e1togat\u00f3 \u00e9s a h\u00edrlev\u00e9lre feliratkoz\u00f3 szem\u00e9lyes adatait harmadik f\u00e9l r\u00e9sz\u00e9re nem adja \u00e1t.<span class=\"Apple-converted-space\">\u00a0<\/span><\/p>\n<p>Jelen adatv\u00e9delmi t\u00e1j\u00e9koztat\u00f3t a budlegal jogosult egyoldal\u00faan m\u00f3dos\u00edtani.<\/p>\n<ol start=\"7\">\n<li><b><\/b><b>Adatkezel\u0151 el\u00e9rhet\u0151s\u00e9gei<\/b><\/li>\n<\/ol>\n<p><b>Buz\u00e1dy \u00e9s Udvari \u00dcgyv\u00e9di Iroda<\/b><\/p>\n<p>Kapcsolattart\u00f3: <a href=\"mailto:office@budlegal.hu\">office@budlegal.hu<\/a><\/p>\n<p>Telefonsz\u00e1m: +36 30 868 1297<\/p>\n<p>C\u00edm: 1116 Budpest, Szirtes \u00fat 6\/B.<\/p>\n<p>Weboldal: <a href=\"http:\/\/www.bud-legal.hu\/\">http:\/\/www.bud-legal.hu\/\u00a0<\/a><\/p>\n<p>Budapest, 2025.01.01.<span style=\"font-size: 14.4px;\"><\/span><\/p>","protected":false},"excerpt":{"rendered":"<p>A budlegal \u00dcgyv\u00e9di T\u00e1rsul\u00e1s tagja, a Buz\u00e1dy \u00e9s Udvari \u00dcgyv\u00e9di Iroda (\u201ebudlegal\u201d) ez\u00faton t\u00e1j\u00e9koztatja a http:\/\/www. bud-legal.hu\/ weboldalra (\u201ebudlegal weboldal\u201d) L\u00e1togat\u00f3kat, \u00e9s a budlegal h\u00edrlevel\u00e9re feliratkoz\u00f3 \u00fcgyfeleit \u00e9s \u00e9rdekl\u0151d\u0151ket (\u201e\u00c9rintettek\u201d) a budlegal \u00e1ltal e k\u00f6rben kezelt szem\u00e9lyes adatokr\u00f3l, az adatkezel\u00e9s c\u00e9lj\u00e1r\u00f3l \u00e9s jogalapj\u00e1r\u00f3l. Budlegal az \u00c9rintettek tudom\u00e1s\u00e1ra jutott adatait az inform\u00e1ci\u00f3s \u00f6nrendelkez\u00e9si jogr\u00f3l \u00e9s inform\u00e1ci\u00f3szabads\u00e1gr\u00f3l [&#8230;]\n","protected":false},"author":1,"featured_media":0,"parent":0,"menu_order":0,"comment_status":"closed","ping_status":"closed","template":"","meta":{"footnotes":""},"class_list":["post-3321","page","type-page","status-publish","hentry"],"_links":{"self":[{"href":"https:\/\/bud-legal.hu\/en\/wp-json\/wp\/v2\/pages\/3321","targetHints":{"allow":["GET"]}}],"collection":[{"href":"https:\/\/bud-legal.hu\/en\/wp-json\/wp\/v2\/pages"}],"about":[{"href":"https:\/\/bud-legal.hu\/en\/wp-json\/wp\/v2\/types\/page"}],"author":[{"embeddable":true,"href":"https:\/\/bud-legal.hu\/en\/wp-json\/wp\/v2\/users\/1"}],"replies":[{"embeddable":true,"href":"https:\/\/bud-legal.hu\/en\/wp-json\/wp\/v2\/comments?post=3321"}],"version-history":[{"count":2,"href":"https:\/\/bud-legal.hu\/en\/wp-json\/wp\/v2\/pages\/3321\/revisions"}],"predecessor-version":[{"id":5663,"href":"https:\/\/bud-legal.hu\/en\/wp-json\/wp\/v2\/pages\/3321\/revisions\/5663"}],"wp:attachment":[{"href":"https:\/\/bud-legal.hu\/en\/wp-json\/wp\/v2\/media?parent=3321"}],"curies":[{"name":"wp","href":"https:\/\/api.w.org\/{rel}","templated":true}]}}