{"id":2932,"date":"2017-01-18T15:57:05","date_gmt":"2017-01-18T15:57:05","guid":{"rendered":"http:\/\/bud-legal.hu\/?page_id=2932"},"modified":"2026-03-20T04:18:47","modified_gmt":"2026-03-20T03:18:47","slug":"contact","status":"publish","type":"page","link":"https:\/\/bud-legal.hu\/en\/contact\/","title":{"rendered":"Contact Us"},"content":{"rendered":"<section class=\"section\" id=\"section_326923741\">\n\t\t<div class=\"section-bg fill\" >\n\t\t\t\t\t\t\t\t\t\n\t\t\t\n\n\t\t<\/div>\n\n\t\t\n\n\t\t<div class=\"section-content relative\">\n\t\t\t\n<div class=\"row\"  id=\"row-1899565811\">\n\n\t<div id=\"col-954746068\" class=\"col large-12\"  >\n\t\t\t\t<div class=\"col-inner text-center\"  >\n\t\t\t\n\t\t\t\n<div class=\"container section-title-container\" style=\"margin-bottom:-5px;\"><h3 class=\"section-title section-title-center\"><b aria-hidden=\"true\"><\/b><span class=\"section-title-main\" style=\"font-size:110%;\">Budlegal ATTRONEYS<\/span><b aria-hidden=\"true\"><\/b><\/h3><\/div>\n\t<div id=\"text-893488544\" class=\"text\">\n\t\t\n<p>represented by: dr. Jesszika Udvari, attorney<br \/>Head office: H-1024 Budapest, L\u00f6v\u0151h\u00e1z utca 30.<br \/>Mobile: <a style=\"color: inherit; text-decoration: inherit;\" href=\"tel:+36308681297\">+36 30 868 1297<\/a><br \/>Email: office@bud-legal.hu<br \/>www.bud-legal.hu<\/p>\n\t\t\n<style>\n#text-893488544 {\n  font-size: 1.2rem;\n}\n<\/style>\n\t<\/div>\n\t\n<a href=\"mailto:office@bud-legal.hu?subject=Kapcsolat%20a%20budlegal%20honlapr\u00f3l\" class=\"button primary is-primary is-medium\" >\n\t\t<span>Send us an email<\/span>\n\t<\/a>\n\n<div class=\"social-icons follow-icons full-width text-center\" ><a href=\"https:\/\/www.facebook.com\/budlegal\/\" target=\"_blank\" data-label=\"Facebook\" class=\"icon primary button circle tooltip facebook\" title=\"Follow on Facebook\" aria-label=\"Follow on Facebook\" rel=\"noopener nofollow\"><i class=\"icon-facebook\" aria-hidden=\"true\"><\/i><\/a><a href=\"https:\/\/www.instagram.com\/budlegal\/\" target=\"_blank\" data-label=\"Instagram\" class=\"icon primary button circle tooltip instagram\" title=\"Follow on Instagram\" aria-label=\"Follow on Instagram\" rel=\"noopener nofollow\"><i class=\"icon-instagram\" aria-hidden=\"true\"><\/i><\/a><a href=\"https:\/\/www.linkedin.com\/company\/buz-dy-&#038;-udvari-law-firm\/\" data-label=\"LinkedIn\" target=\"_blank\" class=\"icon primary button circle tooltip linkedin\" title=\"Follow on LinkedIn\" aria-label=\"Follow on LinkedIn\" rel=\"noopener nofollow\"><i class=\"icon-linkedin\" aria-hidden=\"true\"><\/i><\/a><\/div>\n\t\t<\/div>\n\t\t\t\t\t<\/div>\n\n\t\n<\/div>\n<div class=\"row\"  id=\"row-102512618\">\n\n\t<div id=\"col-681439737\" class=\"col medium-6 large-6\"  >\n\t\t\t\t<div class=\"col-inner\"  >\n\t\t\t\n\t\t\t\n<div class=\"container section-title-container\" ><h4 class=\"section-title section-title-normal\"><b aria-hidden=\"true\"><\/b><span class=\"section-title-main\" style=\"color:rgb(3, 46, 98);\">Buz\u00e1dy &amp; Udvari Lawfirm<\/span><b aria-hidden=\"true\"><\/b><\/h4><\/div>\n<p>H-1024 Budapest<br \/>L\u00f6v\u0151h\u00e1z utca 30.<\/p>\n<p>Tax number: 18110537-2-41<\/p>\n<p>dr. Csongor Buz\u00e1dy, LL.M. (Berlin)<br \/>attorney<br \/>Bar association identification number: 36058203<\/p>\n<p>dr. Jesszika Udvari, MBA<br \/>attorney<br \/>Bar association identification number: 36070727<\/p>\n<p>Members of the Budapest Bar Association<\/p>\n\t\t<\/div>\n\t\t\t\t\t<\/div>\n\n\t\n\n\t<div id=\"col-1385754630\" class=\"col medium-6 large-6\"  >\n\t\t\t\t<div class=\"col-inner\"  >\n\t\t\t\n\t\t\t\n<div class=\"container section-title-container\" ><h4 class=\"section-title section-title-normal\"><b aria-hidden=\"true\"><\/b><span class=\"section-title-main\" style=\"color:rgb(3, 46, 98);\">Dr. D\u00f3ra Tuczai Attorney-at-law<\/span><b aria-hidden=\"true\"><\/b><\/h4><\/div>\n<p>H-1024 Budapest<br \/>L\u00f6v\u0151h\u00e1z utca 30.<\/p>\n<p>Tax number: 70895511-2-41<\/p>\n<p>dr. D\u00f3ra Tuczai, LL.M. (Berlin)<br \/>attorney<br \/>Bar association identification number: 36070655<\/p>\n<p>Mobil: <a href=\"tel:+36303613938\">+36 30 361 3938<\/a><\/p>\n<p>Member of the Budapest Bar Association<\/p>\n\t\t<\/div>\n\t\t\t\t\t<\/div>\n\n\t\n<\/div>\n\n\n<div class=\"row\"  id=\"row-781558538\">\n\n\t<div id=\"col-1531499827\" class=\"col small-12 large-12\"  >\n\t\t\t\t<div class=\"col-inner\"  >\n\t\t\t\n\t\t\t\n<div class=\"container section-title-container\" style=\"margin-bottom:-10px;\"><h4 class=\"section-title section-title-normal\"><b aria-hidden=\"true\"><\/b><span class=\"section-title-main\" style=\"color:rgb(3, 46, 98);\">Approach<\/span><b aria-hidden=\"true\"><\/b><\/h4><\/div>\n<p>L\u00f6v\u0151h\u00e1z utca 30.<br \/>\nH-1024 Budapest<\/p>\n<p><iframe src=\"https:\/\/www.google.com\/maps\/embed?pb=!1m18!1m12!1m3!1d2694.9134227016943!2d19.02023367678208!3d47.51107727118138!2m3!1f0!2f0!3f0!3m2!1i1024!2i768!4f13.1!3m3!1m2!1s0x4741dea69bc040a1%3A0x1237ec058540f7ca!2zTMO2dsWRaMOheiB1LiAzMA!5e0!3m2!1sen!2shu!4v1771302779879!5m2!1sen!2shu\" width=\"1200\" height=\"450\" style=\"border:0;\" allowfullscreen=\"\" loading=\"lazy\" referrerpolicy=\"no-referrer-when-downgrade\"><\/iframe><\/p>\n\t\t<\/div>\n\t\t\t\t\t<\/div>\n\n\t\n<\/div>\n<div class=\"row\"  id=\"row-1878189177\">\n\n\t<div id=\"col-1256109333\" class=\"col medium-6 large-6\"  >\n\t\t\t\t<div class=\"col-inner\"  >\n\t\t\t\n\t\t\t\n<div class=\"container section-title-container\" style=\"margin-bottom:-10px;\"><h4 class=\"section-title section-title-normal\"><b aria-hidden=\"true\"><\/b><span class=\"section-title-main\" style=\"color:rgb(3, 46, 98);\">Hosting provider<\/span><b aria-hidden=\"true\"><\/b><\/h4><\/div>\n\t<div id=\"text-1189313069\" class=\"text\">\n\t\t\n<p>Name: <strong>Global Systems Informatika Kft.<\/strong><br \/>Address: H-1119 Budapest, Etele \u00fat 57.<br \/>Phone number: +36 1 808 9379<br \/>Website: <a href=\"http:\/\/www.globalsystems.hu\" style=\"color: inherit;\ntext-decoration: inherit;\" target=\"_blank\" rel=\"noopener\">www.globalsystems.hu<\/a><\/p>\n\t\t\n<style>\n#text-1189313069 {\n  font-size: 1rem;\n}\n<\/style>\n\t<\/div>\n\t\n\t\t<\/div>\n\t\t\t\t\t<\/div>\n\n\t\n\n\t<div id=\"col-409173719\" class=\"col small-12 large-12\"  >\n\t\t\t\t<div class=\"col-inner\"  >\n\t\t\t\n\t\t\t\n\t<div id=\"text-2549389833\" class=\"text\">\n\t\t\n<p>This website is maintained by <strong>BUDLEGAL <span style=\"color: #333333;\">ATTORNEYS<\/span><\/strong>, a law firm registered with the Budapest Bar Association, in accordance with the laws and internal regulations applicable to lawyers, which, together with information on client rights, can be found on the website <a style=\"color: inherit; text-decoration: inherit;\" href=\"http:\/\/www.bpbar.hu\" target=\"_blank\" rel=\"noopener\">www.bpbar.hu<\/a>.<\/p>\n\t\t\n<style>\n#text-2549389833 {\n  font-size: 1rem;\n}\n<\/style>\n\t<\/div>\n\t\n\t\t<\/div>\n\t\t\t\t\t<\/div>\n\n\t\n<\/div>\n\t\t<\/div>\n\n\t\t\n<style>\n#section_326923741 {\n  padding-top: 30px;\n  padding-bottom: 30px;\n}\n<\/style>\n\t<\/section>","protected":false},"excerpt":{"rendered":"","protected":false},"author":1,"featured_media":0,"parent":0,"menu_order":0,"comment_status":"closed","ping_status":"closed","template":"","meta":{"footnotes":""},"class_list":["post-2932","page","type-page","status-publish","hentry"],"_links":{"self":[{"href":"https:\/\/bud-legal.hu\/en\/wp-json\/wp\/v2\/pages\/2932","targetHints":{"allow":["GET"]}}],"collection":[{"href":"https:\/\/bud-legal.hu\/en\/wp-json\/wp\/v2\/pages"}],"about":[{"href":"https:\/\/bud-legal.hu\/en\/wp-json\/wp\/v2\/types\/page"}],"author":[{"embeddable":true,"href":"https:\/\/bud-legal.hu\/en\/wp-json\/wp\/v2\/users\/1"}],"replies":[{"embeddable":true,"href":"https:\/\/bud-legal.hu\/en\/wp-json\/wp\/v2\/comments?post=2932"}],"version-history":[{"count":5,"href":"https:\/\/bud-legal.hu\/en\/wp-json\/wp\/v2\/pages\/2932\/revisions"}],"predecessor-version":[{"id":5904,"href":"https:\/\/bud-legal.hu\/en\/wp-json\/wp\/v2\/pages\/2932\/revisions\/5904"}],"wp:attachment":[{"href":"https:\/\/bud-legal.hu\/en\/wp-json\/wp\/v2\/media?parent=2932"}],"curies":[{"name":"wp","href":"https:\/\/api.w.org\/{rel}","templated":true}]}}