{"id":5843,"date":"2026-01-21T11:48:21","date_gmt":"2026-01-21T10:48:21","guid":{"rendered":"https:\/\/bud-legal.hu\/?page_id=5843"},"modified":"2026-01-23T19:35:23","modified_gmt":"2026-01-23T18:35:23","slug":"erbrecht-ungarn","status":"publish","type":"page","link":"https:\/\/bud-legal.hu\/de\/erbrecht-ungarn\/","title":{"rendered":"Erbrecht Ungarn | Deutschsprachige Anw\u00e4ltin \u2013 Budlegal"},"content":{"rendered":"<div class=\"row row-collapse row-full-width\"  id=\"row-509804926\">\n\n\t<div id=\"col-1331596221\" class=\"col small-12 large-12\"  >\n\t\t\t\t<div class=\"col-inner text-center\"  >\n\t\t\t\n\t\t\t\n\t<div id=\"text-1820296538\" class=\"text\">\n\t\t\n<h1>Erbrecht in Ungarn \u2013 deutschsprachige anwaltliche Beratung<\/h1>\n\t\t\n<style>\n#text-1820296538 {\n  font-size: 1.05rem;\n  color: #002d62;\n}\n#text-1820296538 > * {\n  color: #002d62;\n}\n@media (min-width:550px) {\n  #text-1820296538 {\n    font-size: 1.65rem;\n  }\n}\n<\/style>\n\t<\/div>\n\t\n\t\t<\/div>\n\t\t\t\t\n<style>\n#col-1331596221 > .col-inner {\n  padding: 0px 10% 0px 10%;\n}\n<\/style>\n\t<\/div>\n\n\t\n<\/div>\n\n\t<section class=\"section\" id=\"section_626791981\">\n\t\t<div class=\"section-bg fill\" >\n\t\t\t\t\t\t\t\t\t\n\t\t\t\n\n\t\t<\/div>\n\n\t\t\n\n\t\t<div class=\"section-content relative\">\n\t\t\t\n<div class=\"row row-collapse\"  id=\"row-238455733\">\n\n\t<div id=\"col-1252849295\" class=\"col small-12 large-12\"  >\n\t\t\t\t<div class=\"col-inner text-center\"  >\n\t\t\t\n\t\t\t\n\t<div id=\"text-1700632224\" class=\"text\">\n\t\t\n<p style=\"font-size: 110%;\">Haben Sie in Ungarn eine Immobilie oder Verm\u00f6genswerte geerbt?<br \/>Oder m\u00f6chten Sie ein Testament erstellen, das auch in Ungarn rechtswirksam ist?<\/p>\n<p>Das ungarische Erbrecht unterscheidet sich in vielen Punkten vom deutschen Recht.<br \/>Ohne fachkundige Begleitung kann ein Nachlassverfahren unn\u00f6tig kompliziert, langwierig und kostspielig werden.<\/p>\n<p>Wir unterst\u00fctzen deutschsprachige Mandanten umfassend bei allen Fragen des Erbrechts und Nachlassverfahrens in Ungarn\u00a0\u2013 klar, strukturiert und zuverl\u00e4ssig.<\/p>\n\t\t\n<style>\n#text-1700632224 {\n  text-align: left;\n}\n<\/style>\n\t<\/div>\n\t\n\t<div id=\"gap-1018128339\" class=\"gap-element clearfix\" style=\"display:block; height:auto;\">\n\t\t\n<style>\n#gap-1018128339 {\n  padding-top: 30px;\n}\n<\/style>\n\t<\/div>\n\t\n\n\t\t<div class=\"icon-box featured-box icon-box-left text-left\"  >\n\t\t\t\t\t<div class=\"icon-box-img\" style=\"width: 50px\">\n\t\t\t\t<div class=\"icon\">\n\t\t\t\t\t<div class=\"icon-inner\" >\n\t\t\t\t\t\t<img loading=\"lazy\" decoding=\"async\" width=\"512\" height=\"512\" src=\"https:\/\/bud-legal.hu\/wp-content\/uploads\/2023\/04\/1.png\" class=\"attachment-medium size-medium\" alt=\"1\" srcset=\"https:\/\/bud-legal.hu\/wp-content\/uploads\/2023\/04\/1.png 512w, https:\/\/bud-legal.hu\/wp-content\/uploads\/2023\/04\/1-340x340.png 340w\" sizes=\"auto, (max-width: 512px) 100vw, 512px\" title=\"1\" \/>\t\t\t\t\t<\/div>\n\t\t\t\t<\/div>\n\t\t\t<\/div>\n\t\t\t\t<div class=\"icon-box-text last-reset\">\n\t\t\t\t\t\t\t\t\t\n<h2><span style=\"color: #032e62;\">Warum ist das Erbrecht in Ungarn f\u00fcr deutsche Erben besonders komplex?<\/span><\/h2>\n<p style=\"font-size: 110%;\">Auch wenn die EU-Erbrechtsverordnung\u00a0Anwendung findet, gelten im Detail weiterhin ungarische nationale Regelungen, insbesondere bei:<\/p>\n<ul>\n<li>dem ungarischen Nachlassverfahren<\/li>\n<li>der Zust\u00e4ndigkeit von Notaren<\/li>\n<li>der Eintragung ins ungarische Grundbuch<\/li>\n<li>der Vererbung von Immobilien und Grundst\u00fccken<\/li>\n<li>Pflichtteilsanspr\u00fcchen nach ungarischem Recht<\/li>\n<\/ul>\n<p>Hinzu kommen h\u00e4ufig Sprachbarrieren und fehlende Ortskenntnis.<br \/>Eine fr\u00fchzeitige anwaltliche Beratung hilft, Fehler zu vermeiden und den Nachlass effizient abzuwickeln.<\/p>\n\t\t<\/div>\n\t<\/div>\n\t\n\t\n\t<div id=\"gap-101527888\" class=\"gap-element clearfix\" style=\"display:block; height:auto;\">\n\t\t\n<style>\n#gap-101527888 {\n  padding-top: 50px;\n}\n<\/style>\n\t<\/div>\n\t\n\t<div class=\"img has-hover x md-x lg-x y md-y lg-y\" id=\"image_138656053\">\n\t\t<a class=\"\" href=\"https:\/\/drive.google.com\/file\/d\/1t8ydE-Q624r6vhYluY3SUqXsSocv3Afh\/view\" target=\"_blank\" rel=\"noopener\">\t\t\t\t\t\t<div class=\"img-inner dark\" >\n\t\t\t<img loading=\"lazy\" decoding=\"async\" width=\"1482\" height=\"1468\" src=\"https:\/\/bud-legal.hu\/wp-content\/uploads\/2026\/01\/qr-kod-bud-legal.png\" class=\"attachment-original size-original\" alt=\"\" srcset=\"https:\/\/bud-legal.hu\/wp-content\/uploads\/2026\/01\/qr-kod-bud-legal.png 1482w, https:\/\/bud-legal.hu\/wp-content\/uploads\/2026\/01\/qr-kod-bud-legal-800x792.png 800w, https:\/\/bud-legal.hu\/wp-content\/uploads\/2026\/01\/qr-kod-bud-legal-768x761.png 768w\" sizes=\"auto, (max-width: 1482px) 100vw, 1482px\" title=\"qr-kod-bud-legal\" \/>\t\t\t\t\t\t\n\t\t\t\t\t<\/div>\n\t\t\t\t\t\t<\/a>\t\t\n<style>\n#image_138656053 {\n  width: 30%;\n}\n<\/style>\n\t<\/div>\n\t\n<a href=\"https:\/\/drive.google.com\/file\/d\/1t8ydE-Q624r6vhYluY3SUqXsSocv3Afh\/view\" target=\"_blank\" class=\"button primary is-outline\" rel=\"noopener\">\n\t\t<span>Erfahren Sie mehr hier<\/span>\n\t<\/a>\n\n\t<div id=\"text-2363837627\" class=\"text hidden\">\n\t\t\n<h3><a href=\"https:\/\/drive.google.com\/file\/d\/1t8ydE-Q624r6vhYluY3SUqXsSocv3Afh\/view\" target=\"_blank\" rel=\"noopener\">Nachlassfragen Info<\/a><\/h3>\n\t\t\t<\/div>\n\t\n\t<div id=\"gap-643019043\" class=\"gap-element clearfix\" style=\"display:block; height:auto;\">\n\t\t\n<style>\n#gap-643019043 {\n  padding-top: 40px;\n}\n<\/style>\n\t<\/div>\n\t\n\n\t\t<div class=\"icon-box featured-box icon-box-left text-left\"  >\n\t\t\t\t\t<div class=\"icon-box-img\" style=\"width: 50px\">\n\t\t\t\t<div class=\"icon\">\n\t\t\t\t\t<div class=\"icon-inner\" >\n\t\t\t\t\t\t<img loading=\"lazy\" decoding=\"async\" width=\"512\" height=\"512\" src=\"https:\/\/bud-legal.hu\/wp-content\/uploads\/2023\/04\/2.png\" class=\"attachment-medium size-medium\" alt=\"2\" srcset=\"https:\/\/bud-legal.hu\/wp-content\/uploads\/2023\/04\/2.png 512w, https:\/\/bud-legal.hu\/wp-content\/uploads\/2023\/04\/2-340x340.png 340w\" sizes=\"auto, (max-width: 512px) 100vw, 512px\" title=\"2\" \/>\t\t\t\t\t<\/div>\n\t\t\t\t<\/div>\n\t\t\t<\/div>\n\t\t\t\t<div class=\"icon-box-text last-reset\">\n\t\t\t\t\t\t\t\t\t\n<h2><span style=\"color: #032e62;\">Unsere Leistungen im ungarischen Erbrecht<\/span><br \/><span style=\"color: #032e62;\">Nachlassverfahren in Ungarn<\/span><\/h2>\n<ul style=\"font-size: 110%;\">\n<li>vollst\u00e4ndige anwaltliche Vertretung im ungarischen Nachlassverfahren<\/li>\n<li>Kommunikation mit Notaren und Beh\u00f6rden<\/li>\n<li>Pr\u00fcfung der Erbenstellung und Nachlasswerte<\/li>\n<li>in vielen F\u00e4llen keine pers\u00f6nliche Anwesenheit in Ungarn erforderlich<\/li>\n<\/ul>\n\t\t<\/div>\n\t<\/div>\n\t\n\t\n\t<div id=\"gap-2134604496\" class=\"gap-element clearfix\" style=\"display:block; height:auto;\">\n\t\t\n<style>\n#gap-2134604496 {\n  padding-top: 30px;\n}\n<\/style>\n\t<\/div>\n\t\n\n\t\t<div class=\"icon-box featured-box icon-box-left text-left\"  >\n\t\t\t\t\t<div class=\"icon-box-img\" style=\"width: 50px\">\n\t\t\t\t<div class=\"icon\">\n\t\t\t\t\t<div class=\"icon-inner\" >\n\t\t\t\t\t\t<img loading=\"lazy\" decoding=\"async\" width=\"512\" height=\"512\" src=\"https:\/\/bud-legal.hu\/wp-content\/uploads\/2023\/04\/3.png\" class=\"attachment-medium size-medium\" alt=\"\" srcset=\"https:\/\/bud-legal.hu\/wp-content\/uploads\/2023\/04\/3.png 512w, https:\/\/bud-legal.hu\/wp-content\/uploads\/2023\/04\/3-340x340.png 340w\" sizes=\"auto, (max-width: 512px) 100vw, 512px\" title=\"3\" \/>\t\t\t\t\t<\/div>\n\t\t\t\t<\/div>\n\t\t\t<\/div>\n\t\t\t\t<div class=\"icon-box-text last-reset\">\n\t\t\t\t\t\t\t\t\t\n<h2><span style=\"color: #032e62;\">Immobilie in Ungarn geerbt<\/span><\/h2>\n<ul style=\"font-size: 110%;\">\n<li>H\u00e4user, Wohnungen, Ferienimmobilien und Grundst\u00fccke<\/li>\n<li>Grundbuchumschreibung<\/li>\n<li>rechtliche Begleitung beim Verkauf oder bei der Nutzung der Immobilie<\/li>\n<li>Kl\u00e4rung von Miteigentumsverh\u00e4ltnissen<\/li>\n<\/ul>\n\t\t<\/div>\n\t<\/div>\n\t\n\t\n\t<div id=\"gap-201816583\" class=\"gap-element clearfix\" style=\"display:block; height:auto;\">\n\t\t\n<style>\n#gap-201816583 {\n  padding-top: 30px;\n}\n<\/style>\n\t<\/div>\n\t\n\n\t\t<div class=\"icon-box featured-box icon-box-left text-left\"  >\n\t\t\t\t\t<div class=\"icon-box-img\" style=\"width: 50px\">\n\t\t\t\t<div class=\"icon\">\n\t\t\t\t\t<div class=\"icon-inner\" >\n\t\t\t\t\t\t<img loading=\"lazy\" decoding=\"async\" width=\"512\" height=\"512\" src=\"https:\/\/bud-legal.hu\/wp-content\/uploads\/2023\/04\/4.png\" class=\"attachment-medium size-medium\" alt=\"4\" srcset=\"https:\/\/bud-legal.hu\/wp-content\/uploads\/2023\/04\/4.png 512w, https:\/\/bud-legal.hu\/wp-content\/uploads\/2023\/04\/4-340x340.png 340w\" sizes=\"auto, (max-width: 512px) 100vw, 512px\" title=\"4\" \/>\t\t\t\t\t<\/div>\n\t\t\t\t<\/div>\n\t\t\t<\/div>\n\t\t\t\t<div class=\"icon-box-text last-reset\">\n\t\t\t\t\t\t\t\t\t\n<h2><span style=\"color: #032e62;\">Testament und Erbvertrag in Ungarn<\/span><\/h2>\n<ul style=\"font-size: 110%;\">\n<li>Erstellung und Pr\u00fcfung von Testamenten<\/li>\n<li>Abstimmung zwischen deutschem, ungarischem und EU-Recht<\/li>\n<li>rechtssichere Gestaltung f\u00fcr grenz\u00fcberschreitende Verm\u00f6genssituationen<\/li>\n<li>verst\u00e4ndliche Erkl\u00e4rung der rechtlichen Folgen auf Deutsch<\/li>\n<\/ul>\n\t\t<\/div>\n\t<\/div>\n\t\n\t\n\t<div id=\"gap-2055983234\" class=\"gap-element clearfix\" style=\"display:block; height:auto;\">\n\t\t\n<style>\n#gap-2055983234 {\n  padding-top: 30px;\n}\n<\/style>\n\t<\/div>\n\t\n\n\t\t<div class=\"icon-box featured-box icon-box-left text-left\"  >\n\t\t\t\t\t<div class=\"icon-box-img\" style=\"width: 50px\">\n\t\t\t\t<div class=\"icon\">\n\t\t\t\t\t<div class=\"icon-inner\" >\n\t\t\t\t\t\t<img loading=\"lazy\" decoding=\"async\" width=\"512\" height=\"512\" src=\"https:\/\/bud-legal.hu\/wp-content\/uploads\/2023\/04\/5.png\" class=\"attachment-medium size-medium\" alt=\"5\" srcset=\"https:\/\/bud-legal.hu\/wp-content\/uploads\/2023\/04\/5.png 512w, https:\/\/bud-legal.hu\/wp-content\/uploads\/2023\/04\/5-340x340.png 340w\" sizes=\"auto, (max-width: 512px) 100vw, 512px\" title=\"5\" \/>\t\t\t\t\t<\/div>\n\t\t\t\t<\/div>\n\t\t\t<\/div>\n\t\t\t\t<div class=\"icon-box-text last-reset\">\n\t\t\t\t\t\t\t\t\t\n<h2><span style=\"color: #032e62;\">Pflichtteil und Erbstreitigkeiten<\/span><\/h2>\n<ul style=\"font-size: 110%;\">\n<li>Beratung zu Pflichtteilsanspr\u00fcchen nach ungarischem Recht<\/li>\n<li>au\u00dfergerichtliche Konfliktl\u00f6sung<\/li>\n<li>gerichtliche Vertretung bei Erbstreitigkeiten<\/li>\n<\/ul>\n\t\t<\/div>\n\t<\/div>\n\t\n\t\n\t<div id=\"gap-331643154\" class=\"gap-element clearfix\" style=\"display:block; height:auto;\">\n\t\t\n<style>\n#gap-331643154 {\n  padding-top: 30px;\n}\n<\/style>\n\t<\/div>\n\t\n\n\t\t<div class=\"icon-box featured-box icon-box-left text-left\"  >\n\t\t\t\t\t<div class=\"icon-box-img\" style=\"width: 50px\">\n\t\t\t\t<div class=\"icon\">\n\t\t\t\t\t<div class=\"icon-inner\" >\n\t\t\t\t\t\t<img loading=\"lazy\" decoding=\"async\" width=\"512\" height=\"512\" src=\"https:\/\/bud-legal.hu\/wp-content\/uploads\/2023\/04\/6.png\" class=\"attachment-medium size-medium\" alt=\"6\" srcset=\"https:\/\/bud-legal.hu\/wp-content\/uploads\/2023\/04\/6.png 512w, https:\/\/bud-legal.hu\/wp-content\/uploads\/2023\/04\/6-340x340.png 340w\" sizes=\"auto, (max-width: 512px) 100vw, 512px\" title=\"6\" \/>\t\t\t\t\t<\/div>\n\t\t\t\t<\/div>\n\t\t\t<\/div>\n\t\t\t\t<div class=\"icon-box-text last-reset\">\n\t\t\t\t\t\t\t\t\t\n<h2><span style=\"color: #032e62;\">F\u00fcr wen ist diese Beratung geeignet?<\/span><\/h2>\n<p style=\"font-size: 110%;\">Unsere Leistungen richten sich insbesondere an:<\/p>\n<ul style=\"font-size: 110%;\">\n<li>deutsche, \u00f6sterreichische und schweizerische Staatsb\u00fcrger<\/li>\n<li>Erben mit Immobilien oder Verm\u00f6gen in Ungarn<\/li>\n<li>deutsch-ungarische Familien<\/li>\n<li>Mandanten mit Wohnsitz au\u00dferhalb Ungarns<\/li>\n<li>Personen, die eine <strong>deutschsprachige anwaltliche Betreuung<\/strong> w\u00fcnschen<\/li>\n<\/ul>\n\t\t<\/div>\n\t<\/div>\n\t\n\t\n\t<div id=\"gap-983432574\" class=\"gap-element clearfix\" style=\"display:block; height:auto;\">\n\t\t\n<style>\n#gap-983432574 {\n  padding-top: 30px;\n}\n<\/style>\n\t<\/div>\n\t\n\n\t\t<div class=\"icon-box featured-box icon-box-left text-left\"  >\n\t\t\t\t\t<div class=\"icon-box-img\" style=\"width: 50px\">\n\t\t\t\t<div class=\"icon\">\n\t\t\t\t\t<div class=\"icon-inner\" >\n\t\t\t\t\t\t<img loading=\"lazy\" decoding=\"async\" width=\"512\" height=\"512\" src=\"https:\/\/bud-legal.hu\/wp-content\/uploads\/2023\/04\/7.png\" class=\"attachment-medium size-medium\" alt=\"7\" srcset=\"https:\/\/bud-legal.hu\/wp-content\/uploads\/2023\/04\/7.png 512w, https:\/\/bud-legal.hu\/wp-content\/uploads\/2023\/04\/7-340x340.png 340w\" sizes=\"auto, (max-width: 512px) 100vw, 512px\" title=\"7\" \/>\t\t\t\t\t<\/div>\n\t\t\t\t<\/div>\n\t\t\t<\/div>\n\t\t\t\t<div class=\"icon-box-text last-reset\">\n\t\t\t\t\t\t\t\t\t\n<h2><span style=\"color: #032e62;\">Warum Budlegal?<\/span><\/h2>\n<ul style=\"font-size: 110%;\">\n<li>deutschsprachige anwaltliche Beratung<\/li>\n<li>langj\u00e4hrige Erfahrung mit internationalen Mandanten<\/li>\n<li>Schwerpunkt Erbrecht und Immobilienrecht<\/li>\n<li>klare Kommunikation und transparente Abl\u00e4ufe<\/li>\n<li>Kanzleisitz in Budapest \u2013 landesweite Vertretung in Ungarn<\/li>\n<\/ul>\n<p style=\"font-size: 110%;\">Wir legen Wert auf <strong>verst\u00e4ndliche Beratung<\/strong>, realistische Einsch\u00e4tzungen und l\u00f6sungsorientiertes Vorgehen.<\/p>\n\t\t<\/div>\n\t<\/div>\n\t\n\t\n\t<div id=\"gap-1018437351\" class=\"gap-element clearfix\" style=\"display:block; height:auto;\">\n\t\t\n<style>\n#gap-1018437351 {\n  padding-top: 30px;\n}\n<\/style>\n\t<\/div>\n\t\n\n\t\t<div class=\"icon-box featured-box icon-box-left text-left\"  >\n\t\t\t\t\t<div class=\"icon-box-img\" style=\"width: 50px\">\n\t\t\t\t<div class=\"icon\">\n\t\t\t\t\t<div class=\"icon-inner\" >\n\t\t\t\t\t\t<img loading=\"lazy\" decoding=\"async\" width=\"512\" height=\"512\" src=\"https:\/\/bud-legal.hu\/wp-content\/uploads\/2023\/04\/8.png\" class=\"attachment-medium size-medium\" alt=\"8\" srcset=\"https:\/\/bud-legal.hu\/wp-content\/uploads\/2023\/04\/8.png 512w, https:\/\/bud-legal.hu\/wp-content\/uploads\/2023\/04\/8-340x340.png 340w\" sizes=\"auto, (max-width: 512px) 100vw, 512px\" title=\"8\" \/>\t\t\t\t\t<\/div>\n\t\t\t\t<\/div>\n\t\t\t<\/div>\n\t\t\t\t<div class=\"icon-box-text last-reset\">\n\t\t\t\t\t\t\t\t\t\n<h2><span style=\"color: #032e62;\">H\u00e4ufige Fragen zum Erbrecht in Ungarn<\/span><br \/><span style=\"color: #032e62;\">Muss ich pers\u00f6nlich nach Ungarn reisen?<\/span><\/h2>\n<p style=\"font-size: 110%;\">In vielen F\u00e4llen ist keine pers\u00f6nliche Anwesenheit erforderlich. Wir vertreten Sie umfassend vor Ort.<\/p>\n\t\t<\/div>\n\t<\/div>\n\t\n\t\n\t<div id=\"gap-1755013438\" class=\"gap-element clearfix\" style=\"display:block; height:auto;\">\n\t\t\n<style>\n#gap-1755013438 {\n  padding-top: 30px;\n}\n<\/style>\n\t<\/div>\n\t\n\n\t\t<div class=\"icon-box featured-box icon-box-left text-left\"  >\n\t\t\t\t\t<div class=\"icon-box-img\" style=\"width: 50px\">\n\t\t\t\t<div class=\"icon\">\n\t\t\t\t\t<div class=\"icon-inner\" >\n\t\t\t\t\t\t<img loading=\"lazy\" decoding=\"async\" width=\"512\" height=\"512\" src=\"https:\/\/bud-legal.hu\/wp-content\/uploads\/2023\/04\/9.png\" class=\"attachment-medium size-medium\" alt=\"9\" srcset=\"https:\/\/bud-legal.hu\/wp-content\/uploads\/2023\/04\/9.png 512w, https:\/\/bud-legal.hu\/wp-content\/uploads\/2023\/04\/9-340x340.png 340w\" sizes=\"auto, (max-width: 512px) 100vw, 512px\" title=\"9\" \/>\t\t\t\t\t<\/div>\n\t\t\t\t<\/div>\n\t\t\t<\/div>\n\t\t\t\t<div class=\"icon-box-text last-reset\">\n\t\t\t\t\t\t\t\t\t\n<h2><span style=\"color: #032e62;\">Wie lange dauert ein Nachlassverfahren in Ungarn?<\/span><\/h2>\n<p style=\"font-size: 110%;\">Die Dauer h\u00e4ngt vom Einzelfall ab, insbesondere von der Anzahl der Erben und der Verm\u00f6genswerte.<\/p>\n\t\t<\/div>\n\t<\/div>\n\t\n\t\n\t<div id=\"gap-1353623326\" class=\"gap-element clearfix\" style=\"display:block; height:auto;\">\n\t\t\n<style>\n#gap-1353623326 {\n  padding-top: 30px;\n}\n<\/style>\n\t<\/div>\n\t\n\n\t\t<div class=\"icon-box featured-box icon-box-left text-left\"  >\n\t\t\t\t\t<div class=\"icon-box-img\" style=\"width: 50px\">\n\t\t\t\t<div class=\"icon\">\n\t\t\t\t\t<div class=\"icon-inner\" >\n\t\t\t\t\t\t<img loading=\"lazy\" decoding=\"async\" width=\"800\" height=\"800\" src=\"https:\/\/bud-legal.hu\/wp-content\/uploads\/2026\/01\/10-800x800.png\" class=\"attachment-medium size-medium\" alt=\"\" srcset=\"https:\/\/bud-legal.hu\/wp-content\/uploads\/2026\/01\/10-800x800.png 800w, https:\/\/bud-legal.hu\/wp-content\/uploads\/2026\/01\/10-340x340.png 340w, https:\/\/bud-legal.hu\/wp-content\/uploads\/2026\/01\/10-768x768.png 768w, https:\/\/bud-legal.hu\/wp-content\/uploads\/2026\/01\/10.png 1024w\" sizes=\"auto, (max-width: 800px) 100vw, 800px\" title=\"10\" \/>\t\t\t\t\t<\/div>\n\t\t\t\t<\/div>\n\t\t\t<\/div>\n\t\t\t\t<div class=\"icon-box-text last-reset\">\n\t\t\t\t\t\t\t\t\t\n<h2><span style=\"color: #032e62;\">Was passiert, wenn kein Testament vorhanden ist?<\/span><\/h2>\n<p style=\"font-size: 110%;\">Dann gilt die gesetzliche Erbfolge nach ungarischem Recht, die sich von der deutschen Regelung unterscheidet.<\/p>\n\t\t<\/div>\n\t<\/div>\n\t\n\t\n\t<div id=\"gap-2140094398\" class=\"gap-element clearfix\" style=\"display:block; height:auto;\">\n\t\t\n<style>\n#gap-2140094398 {\n  padding-top: 30px;\n}\n<\/style>\n\t<\/div>\n\t\n\n\t\t<div class=\"icon-box featured-box icon-box-left text-left\"  >\n\t\t\t\t\t<div class=\"icon-box-img\" style=\"width: 50px\">\n\t\t\t\t<div class=\"icon\">\n\t\t\t\t\t<div class=\"icon-inner\" >\n\t\t\t\t\t\t<img loading=\"lazy\" decoding=\"async\" width=\"800\" height=\"800\" src=\"https:\/\/bud-legal.hu\/wp-content\/uploads\/2026\/01\/11-800x800.jpg\" class=\"attachment-medium size-medium\" alt=\"\" srcset=\"https:\/\/bud-legal.hu\/wp-content\/uploads\/2026\/01\/11-800x800.jpg 800w, https:\/\/bud-legal.hu\/wp-content\/uploads\/2026\/01\/11-340x340.jpg 340w, https:\/\/bud-legal.hu\/wp-content\/uploads\/2026\/01\/11-768x768.jpg 768w, https:\/\/bud-legal.hu\/wp-content\/uploads\/2026\/01\/11.jpg 1024w\" sizes=\"auto, (max-width: 800px) 100vw, 800px\" title=\"11\" \/>\t\t\t\t\t<\/div>\n\t\t\t\t<\/div>\n\t\t\t<\/div>\n\t\t\t\t<div class=\"icon-box-text last-reset\">\n\t\t\t\t\t\t\t\t\t\n<h2><span style=\"color: #032e62;\">Welche Kosten entstehen?<\/span><\/h2>\n<p style=\"font-size: 110%;\">Die Kosten richten sich nach dem Umfang des Verfahrens. Wir informieren Sie vorab transparent.<\/p>\n<p style=\"font-size: 110%;\">Kontakt \u2013 unverbindliche Erstberatung<\/p>\n<p style=\"font-size: 110%;\">Gerne pr\u00fcfen wir Ihren Fall und erl\u00e4utern Ihnen die n\u00e4chsten Schritte auf Deutsch.<br \/>Kontaktieren Sie uns unverbindlich per E-Mail oder \u00fcber das Kontaktformular.<\/p>\n\t\t<\/div>\n\t<\/div>\n\t\n\t\n\t<div id=\"gap-966740436\" class=\"gap-element clearfix\" style=\"display:block; height:auto;\">\n\t\t\n<style>\n#gap-966740436 {\n  padding-top: 30px;\n}\n<\/style>\n\t<\/div>\n\t\n\t\t<\/div>\n\t\t\t\t\t<\/div>\n\n\t\n<\/div>\n\t\t<\/div>\n\n\t\t\n<style>\n#section_626791981 {\n  padding-top: 30px;\n  padding-bottom: 30px;\n}\n@media (min-width:550px) {\n  #section_626791981 {\n    padding-top: 30px;\n    padding-bottom: 30px;\n  }\n}\n<\/style>\n\t<\/section>\n\t\n\n\t<section class=\"section\" id=\"section_2049126870\">\n\t\t<div class=\"section-bg fill\" >\n\t\t\t\t\t\t\t\t\t\n\t\t\t\n\n\t\t<\/div>\n\n\t\t\n\n\t\t<div class=\"section-content relative\">\n\t\t\t\n<div class=\"row\"  id=\"row-1314171321\">\n\n\t<div id=\"col-1588674854\" class=\"col medium-6 small-12 large-6\"  >\n\t\t\t\t<div class=\"col-inner text-center\"  >\n\t\t\t\n\t\t\t\n<a href=\"mailto:office@bud-legal.hu?subject=Jetzt%20Kontakt%20aufnehmen\" class=\"button primary is-large\" style=\"border-radius:10px;\">\n\t\t<span>Jetzt Kontakt aufnehmen<\/span>\n\t<\/a>\n\n\t\t<\/div>\n\t\t\t\t\t<\/div>\n\n\t\n\n\t<div id=\"col-1190342759\" class=\"col medium-6 small-12 large-6\"  >\n\t\t\t\t<div class=\"col-inner text-center\"  >\n\t\t\t\n\t\t\t\n<a href=\"mailto:office@bud-legal.hu?subject=Unverbindliche%20Anfrage%20stellen\" class=\"button primary is-large\" style=\"border-radius:10px;\">\n\t\t<span>Unverbindliche Anfrage stellen<\/span>\n\t<\/a>\n\n\t\t<\/div>\n\t\t\t\t\t<\/div>\n\n\t\n\n\t<div id=\"col-250404843\" class=\"col small-12 large-12\"  >\n\t\t\t\t<div class=\"col-inner text-center\"  >\n\t\t\t\n\t\t\t\n<p><span style=\"font-size: 110%;\">Folgen Sie uns:<\/span><\/p>\n<div class=\"social-icons follow-icons\" ><a href=\"https:\/\/www.facebook.com\/budlegal\" target=\"_blank\" data-label=\"Facebook\" class=\"icon primary button circle tooltip facebook\" title=\"Auf Facebook folgen\" aria-label=\"Auf Facebook folgen\" rel=\"noopener nofollow\"><i class=\"icon-facebook\" aria-hidden=\"true\"><\/i><\/a><a href=\"https:\/\/www.linkedin.com\/company\/budlegal\" data-label=\"LinkedIn\" target=\"_blank\" class=\"icon primary button circle tooltip linkedin\" title=\"Auf Linkedin folgen\" aria-label=\"Auf Linkedin folgen\" rel=\"noopener nofollow\"><i class=\"icon-linkedin\" aria-hidden=\"true\"><\/i><\/a><\/div>\n\t\t<\/div>\n\t\t\t\t\t<\/div>\n\n\t\n<\/div>\n\t\t<\/div>\n\n\t\t\n<style>\n#section_2049126870 {\n  padding-top: 30px;\n  padding-bottom: 30px;\n}\n<\/style>\n\t<\/section>","protected":false},"excerpt":{"rendered":"","protected":false},"author":1,"featured_media":0,"parent":0,"menu_order":0,"comment_status":"closed","ping_status":"closed","template":"","meta":{"footnotes":""},"class_list":["post-5843","page","type-page","status-publish","hentry"],"_links":{"self":[{"href":"https:\/\/bud-legal.hu\/de\/wp-json\/wp\/v2\/pages\/5843","targetHints":{"allow":["GET"]}}],"collection":[{"href":"https:\/\/bud-legal.hu\/de\/wp-json\/wp\/v2\/pages"}],"about":[{"href":"https:\/\/bud-legal.hu\/de\/wp-json\/wp\/v2\/types\/page"}],"author":[{"embeddable":true,"href":"https:\/\/bud-legal.hu\/de\/wp-json\/wp\/v2\/users\/1"}],"replies":[{"embeddable":true,"href":"https:\/\/bud-legal.hu\/de\/wp-json\/wp\/v2\/comments?post=5843"}],"version-history":[{"count":4,"href":"https:\/\/bud-legal.hu\/de\/wp-json\/wp\/v2\/pages\/5843\/revisions"}],"predecessor-version":[{"id":5883,"href":"https:\/\/bud-legal.hu\/de\/wp-json\/wp\/v2\/pages\/5843\/revisions\/5883"}],"wp:attachment":[{"href":"https:\/\/bud-legal.hu\/de\/wp-json\/wp\/v2\/media?parent=5843"}],"curies":[{"name":"wp","href":"https:\/\/api.w.org\/{rel}","templated":true}]}}