{"id":5604,"date":"2025-06-25T13:27:06","date_gmt":"2025-06-25T11:27:06","guid":{"rendered":"https:\/\/bud-legal.hu\/?page_id=5604"},"modified":"2025-06-30T09:08:04","modified_gmt":"2025-06-30T07:08:04","slug":"online-ugyvedi-tanacsadas-budlegal-konzultacio-maganszemelyeknek-es-cegeknek","status":"publish","type":"page","link":"https:\/\/bud-legal.hu\/de\/online-ugyvedi-tanacsadas-budlegal-konzultacio-maganszemelyeknek-es-cegeknek\/","title":{"rendered":"Einmalige Online-Rechtsberatung \u2013 budlegal Beratung f\u00fcr Privatpersonen und Unternehmen"},"content":{"rendered":"<div class=\"row row-collapse row-full-width align-center\"  id=\"row-226566365\">\n\n\t<div id=\"col-880505610\" class=\"col medium-12 small-12 large-9\"  >\n\t\t\t\t<div class=\"col-inner\"  >\n\t\t\t\n\t\t\t\n\t<div id=\"gap-222332689\" class=\"gap-element clearfix\" style=\"display:block; height:auto;\">\n\t\t\n<style>\n#gap-222332689 {\n  padding-top: 700px;\n}\n@media (min-width:550px) {\n  #gap-222332689 {\n    padding-top: 750px;\n  }\n}\n<\/style>\n\t<\/div>\n\t\n<div class=\"row row-collapse row-full-width\"  id=\"row-1437890592\">\n\n\t<div id=\"col-1898318513\" class=\"col small-12 large-12\"  >\n\t\t\t\t<div class=\"col-inner\"  >\n\t\t\t\n\t\t\t\n<div class=\"row row-collapse\"  id=\"row-1778744150\">\n\n\t<div id=\"col-485113732\" class=\"col medium-11 small-12 large-11\"  >\n\t\t\t\t<div class=\"col-inner\"  >\n\t\t\t\n\t\t\t\n\t<div id=\"text-3460980604\" class=\"text\">\n\t\t\n<h1><span style=\"color: #032e62;\">Einmalige Online-Rechtsberatung<\/span><\/h1>\n<h3><span style=\"color: #032e62;\">\u2013 budlegal Beratung f\u00fcr Privatpersonen und Unternehmen<\/span><\/h3>\n\t\t\n<style>\n#text-3460980604 {\n  font-size: 1.75rem;\n}\n@media (min-width:550px) {\n  #text-3460980604 {\n    font-size: 2.25rem;\n  }\n}\n<\/style>\n\t<\/div>\n\t\n\t<div id=\"text-3112816159\" class=\"text\">\n\t\t\n<p class=\"s8\">Sie ben\u00f6tigen eine Rechtsberatung im <strong><span class=\"s6\">Immobilienrecht, Erbrecht oder Unternehmensrecht<\/span><\/strong>?<\/p>\n<p class=\"s8\">Die erfahrenen Rechtsanw\u00e4lt:innen der <strong><span class=\"s6\">Budlegal Anwaltskanzlei<\/span><\/strong>, die auf <strong><span class=\"s6\">Ungarisch, Deutsch und Englisch<\/span><\/strong> beraten, bieten eine <strong><span class=\"s6\">einmalige einst\u00fcndige Rechtsberatung<\/span><\/strong> zu einem <strong><span class=\"s6\">Festpreis<\/span><\/strong> an.<\/p>\n<p class=\"s8\">Ideal f\u00fcr alle, die eine <strong><span class=\"s6\">schnelle und zielgerichtete rechtliche Unterst\u00fctzung<\/span><\/strong> w\u00fcnschen \u2013 z.\u202fB. beim <strong><span class=\"s6\">Immobilienkauf, bei einer Erbschaft, bei der Unternehmensgr\u00fcndung oder Vertragspr\u00fcfung<\/span><\/strong>.<\/p>\n\t\t\n<style>\n#text-3112816159 {\n  font-size: 1.25rem;\n}\n@media (min-width:550px) {\n  #text-3112816159 {\n    font-size: 1.3rem;\n  }\n}\n<\/style>\n\t<\/div>\n\t\n<a href=\"https:\/\/outlook.office.com\/bookwithme\/user\/3a71e407fa244a67abd51636dc39a704@bud-legal.hu?anonymous&#038;ismsaljsauthenabled=true\" target=\"_blank\" class=\"button secondary\" rel=\"noopener\" style=\"padding:5px 25px 5px 25px;\">\n\t\t<span>Terminbuchung<\/span>\n\t<\/a>\n\n\t\t<\/div>\n\t\t\t\t\n<style>\n#col-485113732 > .col-inner {\n  padding: 0px 20px 0px 20px;\n}\n@media (min-width:550px) {\n  #col-485113732 > .col-inner {\n    padding: 0px 0px 0px 40px;\n  }\n}\n<\/style>\n\t<\/div>\n\n\t\n<\/div>\n\t<div id=\"gap-1339810930\" class=\"gap-element clearfix\" style=\"display:block; height:auto;\">\n\t\t\n<style>\n#gap-1339810930 {\n  padding-top: 200px;\n}\n@media (min-width:550px) {\n  #gap-1339810930 {\n    padding-top: 220px;\n  }\n}\n<\/style>\n\t<\/div>\n\t\n<div class=\"row row-small row-full-width\"  id=\"row-2129687974\">\n\n\t<div id=\"col-552129403\" class=\"col medium-6 small-12 large-3\"  data-animate=\"fadeInUp\">\n\t\t\t\t<div class=\"col-inner\"  >\n\t\t\t\n\t\t\t\n\n  <div class=\"banner has-hover\" id=\"banner-1282814719\">\n          <div class=\"banner-inner fill\">\n        <div class=\"banner-bg fill\" >\n                                                \n                    <\/div>\n\t\t\n        <div class=\"banner-layers container\">\n            <div class=\"fill banner-link\"><\/div>            \n   <div id=\"text-box-398685581\" class=\"text-box banner-layer x50 md-x50 lg-x50 y50 md-y50 lg-y50 res-text\">\n                                <div class=\"text-box-content text dark\">\n              \n              <div class=\"text-inner text-left\">\n                  \n<h4><span style=\"color: #fdc803;\">F\u00fcr wen ist dieses Angebot gedacht?<\/span><\/h4>\n<ul>\n<li class=\"s12\"><span style=\"font-size: 120%;\"><strong><span class=\"s6\">Privatpersonen,<\/span><\/strong><span class=\"s6\"> die eine Immobilie in Ungarn kaufen oder geerbt haben<\/span><\/span><\/li>\n<li><span style=\"font-size: 120%;\"><strong><span class=\"s6\">Unternehmen und Unternehmer:innen,<\/span><\/strong><span class=\"s6\"> die rechtliche Unterst\u00fctzung bei Vertr\u00e4gen oder Gesch\u00e4ftsfragen suchen<\/span><\/span><\/li>\n<li><span style=\"font-size: 120%;\"><strong><span class=\"s6\">Ausl\u00e4nder:innen,<\/span><\/strong><span class=\"s6\"> die eine vertrauensw\u00fcrdige, mehrsprachige rechtliche Beratung in Ungarn ben\u00f6tigen<\/span><\/span><\/li>\n<\/ul>\n              <\/div>\n           <\/div>\n                            \n<style>\n#text-box-398685581 {\n  width: 90%;\n}\n#text-box-398685581 .text-box-content {\n  font-size: 100%;\n}\n<\/style>\n    <\/div>\n \n        <\/div>\n      <\/div>\n\n            \n<style>\n#banner-1282814719 {\n  padding-top: 250px;\n  background-color: rgb(3, 46, 98);\n}\n@media (min-width:550px) {\n  #banner-1282814719 {\n    padding-top: 400px;\n  }\n}\n<\/style>\n  <\/div>\n\n\n\t\t<\/div>\n\t\t\t\t\n<style>\n#col-552129403 > .col-inner {\n  margin: -125px 0px 0px 0px;\n}\n@media (min-width:550px) {\n  #col-552129403 > .col-inner {\n    margin: -85px 0px 0px 0px;\n  }\n}\n@media (min-width:850px) {\n  #col-552129403 > .col-inner {\n    margin: -50px 0px 0px 0px;\n  }\n}\n<\/style>\n\t<\/div>\n\n\t\n\n\t<div id=\"col-895112286\" class=\"col medium-6 small-12 large-3\"  data-animate=\"fadeInUp\">\n\t\t\t\t<div class=\"col-inner\"  >\n\t\t\t\n\t\t\t\n\n  <div class=\"banner has-hover\" id=\"banner-2074285277\">\n          <div class=\"banner-inner fill\">\n        <div class=\"banner-bg fill\" >\n                                                \n                    <\/div>\n\t\t\n        <div class=\"banner-layers container\">\n            <div class=\"fill banner-link\"><\/div>            \n   <div id=\"text-box-944221432\" class=\"text-box banner-layer x50 md-x50 lg-x50 y50 md-y50 lg-y50 res-text\">\n                                <div class=\"text-box-content text dark\">\n              \n              <div class=\"text-inner text-left\">\n                  \n<h4><span style=\"color: #fdc803;\">Was beinhaltet die Beratung?<\/span><\/h4>\n<ul>\n<li class=\"s12\"><span style=\"font-size: 120%;\">1 Stunde individuelle Rechtsberatung durch eine:n zugelassene:n Anwalt\/Anw\u00e4ltin<\/span><\/li>\n<li><span style=\"font-size: 120%;\">Auf Wunsch Pr\u00fcfung von Dokumenten im Voraus<\/span><\/li>\n<li><span style=\"font-size: 120%;\">Beratung <strong>telefonisch<\/strong>, per <strong><span class=\"s6\">Videokonferenz (Teams)<\/span><\/strong> oder <strong><span class=\"s6\">E-Mail<\/span><\/strong><\/span><\/li>\n<li><span style=\"font-size: 120%;\">Zusammenfassung per E-Mail auf Wunsch<\/span><\/li>\n<\/ul>\n              <\/div>\n           <\/div>\n                            \n<style>\n#text-box-944221432 {\n  width: 90%;\n}\n#text-box-944221432 .text-box-content {\n  font-size: 100%;\n}\n<\/style>\n    <\/div>\n \n        <\/div>\n      <\/div>\n\n            \n<style>\n#banner-2074285277 {\n  padding-top: 250px;\n  background-color: rgb(3, 46, 98);\n}\n@media (min-width:550px) {\n  #banner-2074285277 {\n    padding-top: 350px;\n  }\n}\n@media (min-width:850px) {\n  #banner-2074285277 {\n    padding-top: 400px;\n  }\n}\n<\/style>\n  <\/div>\n\n\n\t\t<\/div>\n\t\t\t\t\n<style>\n#col-895112286 > .col-inner {\n  margin: -0 0px 0px 0px;\n}\n@media (min-width:550px) {\n  #col-895112286 > .col-inner {\n    margin: -140px 0px 0px 0px;\n  }\n}\n<\/style>\n\t<\/div>\n\n\t\n\n\t<div id=\"col-1394531659\" class=\"col medium-6 small-12 large-3\"  data-animate=\"fadeInUp\">\n\t\t\t\t<div class=\"col-inner\"  >\n\t\t\t\n\t\t\t\n\n  <div class=\"banner has-hover\" id=\"banner-608812461\">\n          <div class=\"banner-inner fill\">\n        <div class=\"banner-bg fill\" >\n                                                \n                    <\/div>\n\t\t\n        <div class=\"banner-layers container\">\n            <div class=\"fill banner-link\"><\/div>            \n   <div id=\"text-box-1078126953\" class=\"text-box banner-layer x50 md-x50 lg-x50 y50 md-y50 lg-y50 res-text\">\n                                <div class=\"text-box-content text dark\">\n              \n              <div class=\"text-inner text-left\">\n                  \n<h4><span style=\"color: #fdc803;\">Pauschalpreis und Sprachen<\/span><\/h4>\n<ul>\n<li class=\"s12\"><span style=\"font-size: 120%;\"><strong>Festpreis: 55.000 HUF (brutto)<\/strong><\/span><\/li>\n<li><span style=\"font-size: 120%;\"><strong>Beratung auf <span class=\"s6\">Deutsch, Englisch oder Ungarisch<\/span><\/strong><\/span><\/li>\n<\/ul>\n              <\/div>\n           <\/div>\n                            \n<style>\n#text-box-1078126953 {\n  width: 90%;\n}\n#text-box-1078126953 .text-box-content {\n  font-size: 100%;\n}\n<\/style>\n    <\/div>\n \n        <\/div>\n      <\/div>\n\n            \n<style>\n#banner-608812461 {\n  padding-top: 250px;\n  background-color: rgb(3, 46, 98);\n}\n@media (min-width:550px) {\n  #banner-608812461 {\n    padding-top: 400px;\n  }\n}\n<\/style>\n  <\/div>\n\n\n\t\t<\/div>\n\t\t\t\t\n<style>\n#col-1394531659 > .col-inner {\n  margin: 0 0px 0px 0px;\n}\n@media (min-width:550px) {\n  #col-1394531659 > .col-inner {\n    margin: 20px 0px 0px 0px;\n  }\n}\n@media (min-width:850px) {\n  #col-1394531659 > .col-inner {\n    margin: -50px 0px 0px 0px;\n  }\n}\n<\/style>\n\t<\/div>\n\n\t\n\n\t<div id=\"col-2022661614\" class=\"col medium-6 small-12 large-3\"  data-animate=\"fadeInUp\">\n\t\t\t\t<div class=\"col-inner\"  >\n\t\t\t\n\t\t\t\n\n  <div class=\"banner has-hover\" id=\"banner-1151117322\">\n          <div class=\"banner-inner fill\">\n        <div class=\"banner-bg fill\" >\n                                                \n                    <\/div>\n\t\t\n        <div class=\"banner-layers container\">\n            <div class=\"fill banner-link\"><\/div>            \n   <div id=\"text-box-628007646\" class=\"text-box banner-layer x50 md-x50 lg-x50 y50 md-y50 lg-y50 res-text\">\n                                <div class=\"text-box-content text dark\">\n              \n              <div class=\"text-inner text-left\">\n                  \n<h4><span style=\"color: #fdc803;\">So funktioniert\u2019s<\/span><\/h4>\n<ul>\n<li class=\"s12\"><span style=\"font-size: 120%;\"><strong><span class=\"s6\">Terminbuchung<\/span><\/strong><\/span><\/li>\n<li><span style=\"font-size: 120%;\"><strong><span class=\"s6\">R\u00fcckmeldung innerhalb eines Werktages<\/span><\/strong><\/span><\/li>\n<li><span style=\"font-size: 120%;\"><strong><span class=\"s6\">Rechtsberatung wie vereinbart erhalten<\/span><\/strong><\/span><\/li>\n<\/ul>\n              <\/div>\n           <\/div>\n                            \n<style>\n#text-box-628007646 {\n  width: 90%;\n}\n#text-box-628007646 .text-box-content {\n  font-size: 100%;\n}\n<\/style>\n    <\/div>\n \n        <\/div>\n      <\/div>\n\n            \n<style>\n#banner-1151117322 {\n  padding-top: 250px;\n  background-color: rgb(3, 46, 98);\n}\n@media (min-width:550px) {\n  #banner-1151117322 {\n    padding-top: 400px;\n  }\n}\n<\/style>\n  <\/div>\n\n\n\t\t<\/div>\n\t\t\t\t\n<style>\n#col-2022661614 > .col-inner {\n  margin: 0 0px 0px 0px;\n}\n@media (min-width:550px) {\n  #col-2022661614 > .col-inner {\n    margin: -85px 0px 0px 0px;\n  }\n}\n@media (min-width:850px) {\n  #col-2022661614 > .col-inner {\n    margin: -140px 0px 0px 0px;\n  }\n}\n<\/style>\n\t<\/div>\n\n\t\n<\/div>\n\t\t<\/div>\n\t\t\t\t\n<style>\n#col-1898318513 > .col-inner {\n  margin: -650px 0px 0px 0px;\n}\n<\/style>\n\t<\/div>\n\n\t\n<\/div>\n\t\t<\/div>\n\t\t\t\t\t<\/div>\n\n\t\n\n\t<div id=\"col-801628786\" class=\"col medium-8 small-12 large-3\"  >\n\t\t<div class=\"is-sticky-column\" data-sticky-mode=\"javascript\"><div class=\"is-sticky-column__inner\">\t\t<div class=\"col-inner text-left dark\" style=\"background-color:rgb(3, 46, 98);\" >\n\t\t\t\n\t\t\t\n<h3 style=\"text-align: center;\">budlegal Beratung<\/h3>\n<h2 style=\"text-align: center;\">Immobilie kaufen? Geerbt? Firma gr\u00fcnden?<\/h2>\n<div class=\"is-divider divider clearfix\" style=\"margin-top:5px;margin-bottom:5px;max-width:100%;height:2px;background-color:rgb(255, 255, 255);\"><\/div>\n\t<div id=\"gap-26947479\" class=\"gap-element clearfix\" style=\"display:block; height:auto;\">\n\t\t\n<style>\n#gap-26947479 {\n  padding-top: 20px;\n}\n<\/style>\n\t<\/div>\n\t\n<p>Einmalige Rechtsberatung auf Ungarisch, Englisch oder Deutsch \u2013 zum Festpreis von <strong><span style=\"font-size: 110%;\">55.000<\/span><\/strong> HUF (brutto):<\/p>\n<ul>\n<li>1 Stunde Beratung oder Dokumentenpr\u00fcfung durch einen Anwalt<\/li>\n<li>Telefonisch, online (Teams) oder per E-Mail<\/li>\n<li>F\u00fcr Privatpersonen und Unternehmen<\/li>\n<\/ul>\n<a href=\"https:\/\/outlook.office.com\/bookwithme\/user\/3a71e407fa244a67abd51636dc39a704@bud-legal.hu?anonymous&#038;ismsaljsauthenabled=true\" target=\"_blank\" class=\"button secondary expand\" rel=\"noopener\" >\n\t\t<span>Terminbuchung<\/span>\n\t<\/a>\n\n\t\t<\/div>\n\t\t<\/div><\/div>\t\t\n<style>\n#col-801628786 > .is-sticky-column > .is-sticky-column__inner > .col-inner {\n  padding: 30px 30px 30px 30px;\n}\n@media (min-width:850px) {\n  #col-801628786 > .is-sticky-column > .is-sticky-column__inner > .col-inner {\n    padding: 50px 50px 50px 50px;\n  }\n}\n<\/style>\n\t<\/div>\n\n\t\n\n\t<div id=\"col-996147517\" class=\"col medium-6 small-12 large-6\"  >\n\t\t\t\t<div class=\"col-inner\"  >\n\t\t\t\n\t\t\t\n\t<div id=\"gap-1128111222\" class=\"gap-element clearfix\" style=\"display:block; height:auto;\">\n\t\t\n<style>\n#gap-1128111222 {\n  padding-top: 60px;\n}\n<\/style>\n\t<\/div>\n\t\n<h3 class=\"accordion_title\">FAQ \u2013 H\u00e4ufige Fragen<\/h3><div class=\"accordion\">\n\t<div id=\"accordion-3559133462\" class=\"accordion-item\">\n\t\t<a id=\"accordion-3559133462-label\" class=\"accordion-title plain active\" href=\"#accordion-item-was-passiert,-wenn-ich-mehr-als-eine-stunde-brauche?\" aria-expanded=\"true\" aria-controls=\"accordion-3559133462-content\">\n\t\t\t<button class=\"toggle\" aria-label=\"Umschalten\"><i class=\"icon-angle-down\" aria-hidden=\"true\"><\/i><\/button>\n\t\t\t<span>Was passiert, wenn ich mehr als eine Stunde brauche?<\/span>\n\t\t<\/a>\n\t\t<div id=\"accordion-3559133462-content\" class=\"accordion-inner\" style=\"display: block;\" aria-labelledby=\"accordion-3559133462-label\">\n\t\t\t\n<p>Bei Bedarf schlagen wir eine weitere Zusammenarbeit zu gesonderten Konditionen vor.<\/p>\n\t\t<\/div>\n\t<\/div>\n\t\n\t<div id=\"accordion-2561647382\" class=\"accordion-item\">\n\t\t<a id=\"accordion-2561647382-label\" class=\"accordion-title plain\" href=\"#accordion-item-bekomme-ich-eine-schriftliche-zusammenfassung?\" aria-expanded=\"false\" aria-controls=\"accordion-2561647382-content\">\n\t\t\t<button class=\"toggle\" aria-label=\"Umschalten\"><i class=\"icon-angle-down\" aria-hidden=\"true\"><\/i><\/button>\n\t\t\t<span>Bekomme ich eine schriftliche Zusammenfassung?<\/span>\n\t\t<\/a>\n\t\t<div id=\"accordion-2561647382-content\" class=\"accordion-inner\" aria-labelledby=\"accordion-2561647382-label\">\n\t\t\t\n<p>Ja, auf Wunsch senden wir eine Zusammenfassung per E-Mail.<\/p>\n\t\t<\/div>\n\t<\/div>\n\t\n\t<div id=\"accordion-1827408925\" class=\"accordion-item\">\n\t\t<a id=\"accordion-1827408925-label\" class=\"accordion-title plain\" href=\"#accordion-item-erhalte-ich-eine-rechnung?\" aria-expanded=\"false\" aria-controls=\"accordion-1827408925-content\">\n\t\t\t<button class=\"toggle\" aria-label=\"Umschalten\"><i class=\"icon-angle-down\" aria-hidden=\"true\"><\/i><\/button>\n\t\t\t<span>Erhalte ich eine Rechnung?<\/span>\n\t\t<\/a>\n\t\t<div id=\"accordion-1827408925-content\" class=\"accordion-inner\" aria-labelledby=\"accordion-1827408925-label\">\n\t\t\t\n<p>Ja, Sie erhalten eine offizielle elektronische Rechnung.<\/p>\n\t\t<\/div>\n\t<\/div>\n\t\n<\/div>\n\t\t<\/div>\n\t\t\t\t\n<style>\n#col-996147517 > .col-inner {\n  padding: 20px 20px 60px 20px;\n}\n<\/style>\n\t<\/div>\n\n\t\n<\/div>","protected":false},"excerpt":{"rendered":"","protected":false},"author":1,"featured_media":5652,"parent":0,"menu_order":0,"comment_status":"closed","ping_status":"closed","template":"page-blank.php","meta":{"footnotes":""},"class_list":["post-5604","page","type-page","status-publish","has-post-thumbnail","hentry"],"_links":{"self":[{"href":"https:\/\/bud-legal.hu\/de\/wp-json\/wp\/v2\/pages\/5604","targetHints":{"allow":["GET"]}}],"collection":[{"href":"https:\/\/bud-legal.hu\/de\/wp-json\/wp\/v2\/pages"}],"about":[{"href":"https:\/\/bud-legal.hu\/de\/wp-json\/wp\/v2\/types\/page"}],"author":[{"embeddable":true,"href":"https:\/\/bud-legal.hu\/de\/wp-json\/wp\/v2\/users\/1"}],"replies":[{"embeddable":true,"href":"https:\/\/bud-legal.hu\/de\/wp-json\/wp\/v2\/comments?post=5604"}],"version-history":[{"count":4,"href":"https:\/\/bud-legal.hu\/de\/wp-json\/wp\/v2\/pages\/5604\/revisions"}],"predecessor-version":[{"id":5661,"href":"https:\/\/bud-legal.hu\/de\/wp-json\/wp\/v2\/pages\/5604\/revisions\/5661"}],"wp:featuredmedia":[{"embeddable":true,"href":"https:\/\/bud-legal.hu\/de\/wp-json\/wp\/v2\/media\/5652"}],"wp:attachment":[{"href":"https:\/\/bud-legal.hu\/de\/wp-json\/wp\/v2\/media?parent=5604"}],"curies":[{"name":"wp","href":"https:\/\/api.w.org\/{rel}","templated":true}]}}