{"id":5466,"date":"2024-08-26T15:24:48","date_gmt":"2024-08-26T13:24:48","guid":{"rendered":"https:\/\/bud-legal.hu\/?page_id=5466"},"modified":"2024-08-26T16:13:44","modified_gmt":"2024-08-26T14:13:44","slug":"karrier","status":"publish","type":"page","link":"https:\/\/bud-legal.hu\/de\/karrier\/","title":{"rendered":"Karrier"},"content":{"rendered":"<div class=\"container section-title-container\" ><h3 class=\"section-title section-title-normal\"><b aria-hidden=\"true\"><\/b><span class=\"section-title-main\" >Karrier a Budlegaln\u00e1l!<\/span><b aria-hidden=\"true\"><\/b><\/h3><\/div>\n<p>Irod\u00e1nk magyar \u00e9s k\u00fclf\u00f6ldi c\u00e9geknek ny\u00fajt jogi tan\u00e1csad\u00e1st a gazdas\u00e1gi \u00e9let szinte minden ter\u00fclet\u00e9n, magyar, angol \u00e9s n\u00e9met nyelven. Kiemelt szakter\u00fcleteink a polg\u00e1ri \u00e9s kereskedelmi jog, t\u00e1rsas\u00e1gi jog, a munkajog, az adatv\u00e9delem \u00e9s az ingatlanjog, bejelent\u0151v\u00e9delem, ESG, \u00f6r\u00f6kl\u00e9si jog, peres k\u00e9pviselet.<\/p>\n\t<div id=\"text-840763951\" class=\"text\">\n\t\t\n<h2>Nyitott poz\u00edci\u00f3ink:<\/h2>\n\t\t\n<style>\n#text-840763951 {\n  text-align: left;\n}\n<\/style>\n\t<\/div>\n\t\n\t<div id=\"gap-1066269368\" class=\"gap-element clearfix\" style=\"display:block; height:auto;\">\n\t\t\n<style>\n#gap-1066269368 {\n  padding-top: 30px;\n}\n<\/style>\n\t<\/div>\n\t\n\n\t<section class=\"section\" id=\"section_694099493\">\n\t\t<div class=\"section-bg fill\" >\n\t\t\t\t\t\t\t\t\t\n\t\t\t\n\n\t\t<\/div>\n\n\t\t\n\n\t\t<div class=\"section-content relative\">\n\t\t\t\n<div class=\"row row-collapse row-full-width align-middle\"  id=\"row-1835984074\">\n\n\t<div id=\"col-124752271\" class=\"col medium-6 small-12 large-6\"  >\n\t\t\t\t<div class=\"col-inner\"  >\n\t\t\t\n\t\t\t\n\n  <div class=\"banner has-hover\" id=\"banner-1364374983\">\n          <div class=\"banner-inner fill\">\n        <div class=\"banner-bg fill\" >\n            <img loading=\"lazy\" decoding=\"async\" width=\"970\" height=\"726\" src=\"https:\/\/bud-legal.hu\/wp-content\/uploads\/2024\/08\/adminisztrativ.jpg\" class=\"bg attachment-large size-large\" alt=\"\" title=\"adminisztrativ\" \/>                                    \n                    <\/div>\n\t\t\n        <div class=\"banner-layers container\">\n            <div class=\"fill banner-link\"><\/div>            \n        <\/div>\n      <\/div>\n\n            \n<style>\n#banner-1364374983 {\n  padding-top: 350px;\n  background-color: rgba(255, 255, 255, 0);\n}\n@media (min-width:850px) {\n  #banner-1364374983 {\n    padding-top: 400px;\n  }\n}\n<\/style>\n  <\/div>\n\n\n\t\t<\/div>\n\t\t\t\t\t<\/div>\n\n\t\n\n\t<div id=\"col-1962413946\" class=\"col medium-6 small-12 large-6\"  >\n\t\t\t\t<div class=\"col-inner text-center\"  >\n\t\t\t\n\t\t\t\n\t<div id=\"gap-1123960511\" class=\"gap-element clearfix\" style=\"display:block; height:auto;\">\n\t\t\n<style>\n#gap-1123960511 {\n  padding-top: 30px;\n}\n<\/style>\n\t<\/div>\n\t\n<h2>Adminisztr\u00e1tori poz\u00edci\u00f3<\/h2>\n<p>\u00a0<\/p>\n<a href=\"https:\/\/bud-legal.hu\/karrier\/adminisztratori-pozicio\/\" class=\"button primary\" >\n\t\t<span>R\u00e9szletek<\/span>\n\t<\/a>\n\n\t\t<\/div>\n\t\t\t\t\n<style>\n#col-1962413946 > .col-inner {\n  padding: 40px 8% 50px 8%;\n}\n@media (min-width:550px) {\n  #col-1962413946 > .col-inner {\n    padding: 0px 8% 0px 8%;\n  }\n}\n@media (min-width:850px) {\n  #col-1962413946 > .col-inner {\n    padding: 0px 10% 0px 10%;\n  }\n}\n<\/style>\n\t<\/div>\n\n\t\n<\/div>\n<div class=\"row row-collapse row-full-width align-middle\"  id=\"row-226940465\">\n\n\t<div id=\"col-2104398059\" class=\"col medium-6 small-12 large-6\"  >\n\t\t\t\t<div class=\"col-inner text-center\"  >\n\t\t\t\n\t\t\t\n\t<div id=\"gap-764938907\" class=\"gap-element clearfix\" style=\"display:block; height:auto;\">\n\t\t\n<style>\n#gap-764938907 {\n  padding-top: 30px;\n}\n<\/style>\n\t<\/div>\n\t\n<h2>Jogi asszisztensi poz\u00edci\u00f3<\/h2>\n<p>\u00a0<\/p>\n<a href=\"https:\/\/bud-legal.hu\/karrier\/jogi-asszisztensi-pozicio\/\" class=\"button primary\" >\n\t\t<span>R\u00e9szletek<\/span>\n\t<\/a>\n\n\t\t<\/div>\n\t\t\t\t\n<style>\n#col-2104398059 > .col-inner {\n  padding: 40px 8% 50px 8%;\n}\n@media (min-width:550px) {\n  #col-2104398059 > .col-inner {\n    padding: 0px 8% 0px 8%;\n  }\n}\n@media (min-width:850px) {\n  #col-2104398059 > .col-inner {\n    padding: 0px 10% 0px 10%;\n  }\n}\n<\/style>\n\t<\/div>\n\n\t\n\n\t<div id=\"col-1318579292\" class=\"col medium-6 small-12 large-6 small-col-first\"  >\n\t\t\t\t<div class=\"col-inner\"  >\n\t\t\t\n\t\t\t\n\n  <div class=\"banner has-hover\" id=\"banner-867060410\">\n          <div class=\"banner-inner fill\">\n        <div class=\"banner-bg fill\" >\n            <img loading=\"lazy\" decoding=\"async\" width=\"800\" height=\"677\" src=\"https:\/\/bud-legal.hu\/wp-content\/uploads\/2024\/08\/jogi-asszisztens.jpg\" class=\"bg attachment-large size-large\" alt=\"\" title=\"jogi-asszisztens\" \/>                                    \n                    <\/div>\n\t\t\n        <div class=\"banner-layers container\">\n            <div class=\"fill banner-link\"><\/div>            \n        <\/div>\n      <\/div>\n\n            \n<style>\n#banner-867060410 {\n  padding-top: 349px;\n  background-color: rgba(255, 255, 255, 0);\n}\n@media (min-width:850px) {\n  #banner-867060410 {\n    padding-top: 400px;\n  }\n}\n<\/style>\n  <\/div>\n\n\n\t\t<\/div>\n\t\t\t\t\t<\/div>\n\n\t\n<\/div>\n<div class=\"row row-collapse row-full-width align-middle\"  id=\"row-1937565644\">\n\n\t<div id=\"col-1406271585\" class=\"col medium-6 small-12 large-6\"  >\n\t\t\t\t<div class=\"col-inner\"  >\n\t\t\t\n\t\t\t\n\n  <div class=\"banner has-hover\" id=\"banner-364754331\">\n          <div class=\"banner-inner fill\">\n        <div class=\"banner-bg fill\" >\n            <img loading=\"lazy\" decoding=\"async\" width=\"800\" height=\"712\" src=\"https:\/\/bud-legal.hu\/wp-content\/uploads\/2024\/08\/ugyvedjelolt.jpg\" class=\"bg attachment-large size-large\" alt=\"\" title=\"ugyvedjelolt\" \/>                                    \n                    <\/div>\n\t\t\n        <div class=\"banner-layers container\">\n            <div class=\"fill banner-link\"><\/div>            \n        <\/div>\n      <\/div>\n\n            \n<style>\n#banner-364754331 {\n  padding-top: 350px;\n  background-color: rgba(255, 255, 255, 0);\n}\n@media (min-width:850px) {\n  #banner-364754331 {\n    padding-top: 400px;\n  }\n}\n<\/style>\n  <\/div>\n\n\n\t\t<\/div>\n\t\t\t\t\t<\/div>\n\n\t\n\n\t<div id=\"col-1430981749\" class=\"col medium-6 small-12 large-6\"  >\n\t\t\t\t<div class=\"col-inner text-center\"  >\n\t\t\t\n\t\t\t\n\t<div id=\"gap-79470183\" class=\"gap-element clearfix\" style=\"display:block; height:auto;\">\n\t\t\n<style>\n#gap-79470183 {\n  padding-top: 30px;\n}\n<\/style>\n\t<\/div>\n\t\n<h2>\u00dcgyv\u00e9djel\u00f6lti poz\u00edci\u00f3<\/h2>\n<p>\u00a0<\/p>\n<a href=\"https:\/\/bud-legal.hu\/karrier\/ugyvedjelolti-pozicio\/\" class=\"button primary\" >\n\t\t<span>R\u00e9szletek<\/span>\n\t<\/a>\n\n\t\t<\/div>\n\t\t\t\t\n<style>\n#col-1430981749 > .col-inner {\n  padding: 40px 8% 50px 8%;\n}\n@media (min-width:550px) {\n  #col-1430981749 > .col-inner {\n    padding: 0px 8% 0px 8%;\n  }\n}\n@media (min-width:850px) {\n  #col-1430981749 > .col-inner {\n    padding: 0px 10% 0px 10%;\n  }\n}\n<\/style>\n\t<\/div>\n\n\t\n<\/div>\n<div class=\"row row-collapse row-full-width align-middle\"  id=\"row-510763766\">\n\n\t<div id=\"col-1165152412\" class=\"col medium-6 small-12 large-6\"  >\n\t\t\t\t<div class=\"col-inner text-center\"  >\n\t\t\t\n\t\t\t\n\t<div id=\"gap-1381529561\" class=\"gap-element clearfix\" style=\"display:block; height:auto;\">\n\t\t\n<style>\n#gap-1381529561 {\n  padding-top: 30px;\n}\n<\/style>\n\t<\/div>\n\t\n<h2>Gyakornoki poz\u00edci\u00f3<\/h2>\n<p>\u00a0<\/p>\n<a href=\"https:\/\/bud-legal.hu\/karrier\/gyakornoki-allas-a-budlegalnal\/\" class=\"button primary\" >\n\t\t<span>R\u00e9szletek<\/span>\n\t<\/a>\n\n\t\t<\/div>\n\t\t\t\t\n<style>\n#col-1165152412 > .col-inner {\n  padding: 40px 8% 50px 8%;\n}\n@media (min-width:550px) {\n  #col-1165152412 > .col-inner {\n    padding: 0px 8% 0px 8%;\n  }\n}\n@media (min-width:850px) {\n  #col-1165152412 > .col-inner {\n    padding: 0px 15% 0px 15%;\n  }\n}\n<\/style>\n\t<\/div>\n\n\t\n\n\t<div id=\"col-129034182\" class=\"col medium-6 small-12 large-6 small-col-first\"  >\n\t\t\t\t<div class=\"col-inner\"  >\n\t\t\t\n\t\t\t\n\n  <div class=\"banner has-hover\" id=\"banner-1395839758\">\n          <div class=\"banner-inner fill\">\n        <div class=\"banner-bg fill\" >\n            <img loading=\"lazy\" decoding=\"async\" width=\"800\" height=\"723\" src=\"https:\/\/bud-legal.hu\/wp-content\/uploads\/2024\/08\/gyakornok.jpg\" class=\"bg attachment-large size-large\" alt=\"\" title=\"gyakornok\" \/>                                    \n                    <\/div>\n\t\t\n        <div class=\"banner-layers container\">\n            <div class=\"fill banner-link\"><\/div>            \n        <\/div>\n      <\/div>\n\n            \n<style>\n#banner-1395839758 {\n  padding-top: 349px;\n  background-color: rgba(255, 255, 255, 0);\n}\n@media (min-width:850px) {\n  #banner-1395839758 {\n    padding-top: 400px;\n  }\n}\n<\/style>\n  <\/div>\n\n\n\t\t<\/div>\n\t\t\t\t\t<\/div>\n\n\t\n<\/div>\n\t\t<\/div>\n\n\t\t\n<style>\n#section_694099493 {\n  padding-top: 0px;\n  padding-bottom: 0px;\n}\n<\/style>\n\t<\/section>\n\t\n\t<div id=\"gap-1896301682\" class=\"gap-element clearfix\" style=\"display:block; height:auto;\">\n\t\t\n<style>\n#gap-1896301682 {\n  padding-top: 60px;\n}\n<\/style>\n\t<\/div>\n\t\n\t<div id=\"text-695063634\" class=\"text\">\n\t\t\n<p><span style=\"font-weight: 400;\">\u00c1ltal\u00e1nos jelentkez\u00e9shez k\u00fcldj f\u00e9nyk\u00e9pes <strong>\u00f6n\u00e9letrajzot<\/strong> \u00e9s <strong>motiv\u00e1ci\u00f3s<\/strong> <strong>levelet<\/strong> az <\/span><span style=\"font-weight: 400;\"><a href=\"mailto:office@bud-legal.hu\">office@bud-legal.hu<\/a><\/span><span style=\"font-weight: 400;\"> -ra.<\/span><\/p>\n\t\t\n<style>\n#text-695063634 {\n  text-align: center;\n}\n<\/style>\n\t<\/div>\n\t\n","protected":false},"excerpt":{"rendered":"<p>Irod\u00e1nk magyar \u00e9s k\u00fclf\u00f6ldi c\u00e9geknek ny\u00fajt jogi tan\u00e1csad\u00e1st a gazdas\u00e1gi \u00e9let szinte minden ter\u00fclet\u00e9n, magyar, angol \u00e9s n\u00e9met nyelven. Kiemelt szakter\u00fcleteink a polg\u00e1ri \u00e9s kereskedelmi jog, t\u00e1rsas\u00e1gi jog, a munkajog, az adatv\u00e9delem \u00e9s az ingatlanjog, bejelent\u0151v\u00e9delem, ESG, \u00f6r\u00f6kl\u00e9si jog, peres k\u00e9pviselet.<\/p>\n","protected":false},"author":1,"featured_media":0,"parent":0,"menu_order":0,"comment_status":"closed","ping_status":"closed","template":"","meta":{"footnotes":""},"class_list":["post-5466","page","type-page","status-publish","hentry"],"_links":{"self":[{"href":"https:\/\/bud-legal.hu\/de\/wp-json\/wp\/v2\/pages\/5466","targetHints":{"allow":["GET"]}}],"collection":[{"href":"https:\/\/bud-legal.hu\/de\/wp-json\/wp\/v2\/pages"}],"about":[{"href":"https:\/\/bud-legal.hu\/de\/wp-json\/wp\/v2\/types\/page"}],"author":[{"embeddable":true,"href":"https:\/\/bud-legal.hu\/de\/wp-json\/wp\/v2\/users\/1"}],"replies":[{"embeddable":true,"href":"https:\/\/bud-legal.hu\/de\/wp-json\/wp\/v2\/comments?post=5466"}],"version-history":[{"count":4,"href":"https:\/\/bud-legal.hu\/de\/wp-json\/wp\/v2\/pages\/5466\/revisions"}],"predecessor-version":[{"id":5486,"href":"https:\/\/bud-legal.hu\/de\/wp-json\/wp\/v2\/pages\/5466\/revisions\/5486"}],"wp:attachment":[{"href":"https:\/\/bud-legal.hu\/de\/wp-json\/wp\/v2\/media?parent=5466"}],"curies":[{"name":"wp","href":"https:\/\/api.w.org\/{rel}","templated":true}]}}