{"id":5425,"date":"2024-04-07T14:41:29","date_gmt":"2024-04-07T12:41:29","guid":{"rendered":"https:\/\/bud-legal.hu\/?page_id=5425"},"modified":"2024-04-07T14:42:33","modified_gmt":"2024-04-07T12:42:33","slug":"adminisztratori-pozicio","status":"publish","type":"page","link":"https:\/\/bud-legal.hu\/de\/karrier-orig\/adminisztratori-pozicio\/","title":{"rendered":"Adminisztr\u00e1tori poz\u00edci\u00f3"},"content":{"rendered":"","protected":false},"excerpt":{"rendered":"","protected":false},"author":1,"featured_media":4196,"parent":5385,"menu_order":0,"comment_status":"closed","ping_status":"closed","template":"","meta":{"footnotes":""},"class_list":["post-5425","page","type-page","status-publish","has-post-thumbnail","hentry"],"_links":{"self":[{"href":"https:\/\/bud-legal.hu\/de\/wp-json\/wp\/v2\/pages\/5425","targetHints":{"allow":["GET"]}}],"collection":[{"href":"https:\/\/bud-legal.hu\/de\/wp-json\/wp\/v2\/pages"}],"about":[{"href":"https:\/\/bud-legal.hu\/de\/wp-json\/wp\/v2\/types\/page"}],"author":[{"embeddable":true,"href":"https:\/\/bud-legal.hu\/de\/wp-json\/wp\/v2\/users\/1"}],"replies":[{"embeddable":true,"href":"https:\/\/bud-legal.hu\/de\/wp-json\/wp\/v2\/comments?post=5425"}],"version-history":[{"count":1,"href":"https:\/\/bud-legal.hu\/de\/wp-json\/wp\/v2\/pages\/5425\/revisions"}],"predecessor-version":[{"id":5428,"href":"https:\/\/bud-legal.hu\/de\/wp-json\/wp\/v2\/pages\/5425\/revisions\/5428"}],"up":[{"embeddable":true,"href":"https:\/\/bud-legal.hu\/de\/wp-json\/wp\/v2\/pages\/5385"}],"wp:featuredmedia":[{"embeddable":true,"href":"https:\/\/bud-legal.hu\/de\/wp-json\/wp\/v2\/media\/4196"}],"wp:attachment":[{"href":"https:\/\/bud-legal.hu\/de\/wp-json\/wp\/v2\/media?parent=5425"}],"curies":[{"name":"wp","href":"https:\/\/api.w.org\/{rel}","templated":true}]}}