{"id":5077,"date":"2023-05-03T15:12:10","date_gmt":"2023-05-03T15:12:10","guid":{"rendered":"https:\/\/bud-legal.hu\/?page_id=5077"},"modified":"2023-05-03T15:17:47","modified_gmt":"2023-05-03T15:17:47","slug":"wiras","status":"publish","type":"page","link":"https:\/\/bud-legal.hu\/de\/wiras\/","title":{"rendered":"Wiras"},"content":{"rendered":"<div class=\"container section-title-container hidden\" ><h1 class=\"section-title section-title-normal\"><b aria-hidden=\"true\"><\/b><span class=\"section-title-main\" >IR Global<\/span><b aria-hidden=\"true\"><\/b><\/h1><\/div>\n\n\t<section class=\"section\" id=\"section_510904618\">\n\t\t<div class=\"section-bg fill\" >\n\t\t\t\t\t\t\t\t\t\n\t\t\t\n\n\t\t<\/div>\n\n\t\t\n\n\t\t<div class=\"section-content relative\">\n\t\t\t\n<div class=\"row\"  id=\"row-809976603\">\n\n\t<div id=\"col-995536683\" class=\"col medium-5 small-12 large-5\"  >\n\t\t\t\t<div class=\"col-inner\"  >\n\t\t\t\n\t\t\t\n\t<div class=\"img has-hover x md-x lg-x y md-y lg-y\" id=\"image_867165025\">\n\t\t<a class=\"\" href=\"https:\/\/wiras.de\" target=\"_blank\" rel=\"noopener\">\t\t\t\t\t\t<div class=\"img-inner dark\" >\n\t\t\t<img loading=\"lazy\" decoding=\"async\" width=\"1020\" height=\"257\" src=\"https:\/\/bud-legal.hu\/wp-content\/uploads\/2023\/05\/WIRAS-Logo-1600x403.png\" class=\"attachment-large size-large\" alt=\"wiras logo\" srcset=\"https:\/\/bud-legal.hu\/wp-content\/uploads\/2023\/05\/WIRAS-Logo-1600x403.png 1600w, https:\/\/bud-legal.hu\/wp-content\/uploads\/2023\/05\/WIRAS-Logo-800x202.png 800w, https:\/\/bud-legal.hu\/wp-content\/uploads\/2023\/05\/WIRAS-Logo-768x194.png 768w, https:\/\/bud-legal.hu\/wp-content\/uploads\/2023\/05\/WIRAS-Logo-1536x387.png 1536w, https:\/\/bud-legal.hu\/wp-content\/uploads\/2023\/05\/WIRAS-Logo-2048x516.png 2048w\" sizes=\"auto, (max-width: 1020px) 100vw, 1020px\" title=\"WIRAS Logo\" \/>\t\t\t\t\t\t\n\t\t\t\t\t<\/div>\n\t\t\t\t\t\t<\/a>\t\t\n<style>\n#image_867165025 {\n  width: 100%;\n}\n<\/style>\n\t<\/div>\n\t\n\t\t<\/div>\n\t\t\t\t\t<\/div>\n\n\t\n\n\t<div id=\"col-1816270738\" class=\"col medium-7 small-12 large-7\"  >\n\t\t\t\t<div class=\"col-inner\"  >\n\t\t\t\n\t\t\t\n<p>Eine starke Marke f\u00fcr einen starken Verbund unabh\u00e4ngiger, inhabergef\u00fchrter Kanzleien von Steuerberatern, Wirtschaftspr\u00fcfern und Rechtsanw\u00e4lten. Deutschsprachig und international mit 197 Partnern in 43 L\u00e4ndern weltweit.<\/p>\n\t\t<\/div>\n\t\t\t\t\t<\/div>\n\n\t\n<\/div>\n\t\t<\/div>\n\n\t\t\n<style>\n#section_510904618 {\n  padding-top: 30px;\n  padding-bottom: 30px;\n}\n<\/style>\n\t<\/section>","protected":false},"excerpt":{"rendered":"","protected":false},"author":1,"featured_media":0,"parent":0,"menu_order":0,"comment_status":"closed","ping_status":"closed","template":"","meta":{"footnotes":""},"class_list":["post-5077","page","type-page","status-publish","hentry"],"_links":{"self":[{"href":"https:\/\/bud-legal.hu\/de\/wp-json\/wp\/v2\/pages\/5077","targetHints":{"allow":["GET"]}}],"collection":[{"href":"https:\/\/bud-legal.hu\/de\/wp-json\/wp\/v2\/pages"}],"about":[{"href":"https:\/\/bud-legal.hu\/de\/wp-json\/wp\/v2\/types\/page"}],"author":[{"embeddable":true,"href":"https:\/\/bud-legal.hu\/de\/wp-json\/wp\/v2\/users\/1"}],"replies":[{"embeddable":true,"href":"https:\/\/bud-legal.hu\/de\/wp-json\/wp\/v2\/comments?post=5077"}],"version-history":[{"count":3,"href":"https:\/\/bud-legal.hu\/de\/wp-json\/wp\/v2\/pages\/5077\/revisions"}],"predecessor-version":[{"id":5081,"href":"https:\/\/bud-legal.hu\/de\/wp-json\/wp\/v2\/pages\/5077\/revisions\/5081"}],"wp:attachment":[{"href":"https:\/\/bud-legal.hu\/de\/wp-json\/wp\/v2\/media?parent=5077"}],"curies":[{"name":"wp","href":"https:\/\/api.w.org\/{rel}","templated":true}]}}