{"id":4985,"date":"2023-04-11T14:19:57","date_gmt":"2023-04-11T14:19:57","guid":{"rendered":"https:\/\/bud-legal.hu\/?page_id=4985"},"modified":"2023-06-30T08:30:52","modified_gmt":"2023-06-30T08:30:52","slug":"network","status":"publish","type":"page","link":"https:\/\/bud-legal.hu\/de\/network\/","title":{"rendered":"Network"},"content":{"rendered":"<section class=\"section\" id=\"section_472906365\">\n\t\t<div class=\"section-bg fill\" >\n\t\t\t\t\t\t\t\t\t\n\t\t\t\n\n\t\t<\/div>\n\n\t\t\n\n\t\t<div class=\"section-content relative\">\n\t\t\t\n<div class=\"container section-title-container\" ><h1 class=\"section-title section-title-normal\"><b aria-hidden=\"true\"><\/b><span class=\"section-title-main\" >IR Global<\/span><b aria-hidden=\"true\"><\/b><\/h1><\/div>\n<div class=\"row\"  id=\"row-1992160464\">\n\n\t<div id=\"col-461872151\" class=\"col medium-5 small-12 large-5\"  >\n\t\t\t\t<div class=\"col-inner\"  >\n\t\t\t\n\t\t\t\n\t<div class=\"img has-hover x md-x lg-x y md-y lg-y\" id=\"image_667699088\">\n\t\t\t\t\t\t\t\t<div class=\"img-inner dark\" >\n\t\t\t<img loading=\"lazy\" decoding=\"async\" width=\"945\" height=\"460\" src=\"https:\/\/bud-legal.hu\/wp-content\/uploads\/2023\/04\/IRG-White-Back.png\" class=\"attachment-large size-large\" alt=\"IR Global logo\" srcset=\"https:\/\/bud-legal.hu\/wp-content\/uploads\/2023\/04\/IRG-White-Back.png 945w, https:\/\/bud-legal.hu\/wp-content\/uploads\/2023\/04\/IRG-White-Back-800x389.png 800w, https:\/\/bud-legal.hu\/wp-content\/uploads\/2023\/04\/IRG-White-Back-768x374.png 768w\" sizes=\"auto, (max-width: 945px) 100vw, 945px\" title=\"IRG &#8211; White Back\" \/>\t\t\t\t\t\t\n\t\t\t\t\t<\/div>\n\t\t\t\t\t\t\t\t\n<style>\n#image_667699088 {\n  width: 100%;\n}\n<\/style>\n\t<\/div>\n\t\n\t\t<\/div>\n\t\t\t\t\t<\/div>\n\n\t\n\n\t<div id=\"col-217824276\" class=\"col medium-7 small-12 large-7\"  >\n\t\t\t\t<div class=\"col-inner\"  >\n\t\t\t\n\t\t\t\n<p><strong>IR Global<\/strong> ist ein multidisziplin\u00e4res professionelles Dienstleistungsnetzwerk, das Unternehmen und Einzelpersonen auf der ganzen Welt rechtliche, buchhalterische und finanzielle Beratung bietet.<\/p>\n<p>Mit Vertretungen in \u00fcber 165 Gerichtsbarkeiten und Abdeckung von mehr als 60 einzigartigen Fachbereichen bietet uns die Mitgliedschaft bei IR Global eine internationale Reichweite, die h\u00f6chste Qualit\u00e4t ma\u00dfgeschneiderter Beratung bietet, die den Anforderungen der komplexesten Kundenbed\u00fcrfnisse entspricht.<\/p>\n\t\t<\/div>\n\t\t\t\t\t<\/div>\n\n\t\n<\/div>\n<div class=\"row\"  id=\"row-1181269094\">\n\n\t<div id=\"col-2124258997\" class=\"col small-12 large-12\"  >\n\t\t\t\t<div class=\"col-inner\"  >\n\t\t\t\n\t\t\t\n<p>Innerhalb unserer IR Global-Mitgliedschaft arbeiten wir zusammen mit hochwertigen Boutique- und mittelst\u00e4ndischen Unternehmen, die den Mittelstand auf der ganzen Welt bedienen. Unternehmen, die sich auf partnergef\u00fchrten, pers\u00f6nlichen Service und umfangreiche grenz\u00fcberschreitende Erfahrung konzentrieren.<\/p>\n<p>In den letzten zehn Jahren ist die IR Global-Community auf \u00fcber 1000 Mitglieder weltweit angewachsen, basierend auf den Prinzipien von Freundschaft, Vertrauen und einem gemeinsamen Glauben an eine \u00fcber die traditionelle Rolle des Beraters hinausgehende Unterst\u00fctzung.<\/p>\n<p>Wir teilen den IR Global-Wert, ein &#8222;Go-to&#8220;-Netzwerk f\u00fcr zukunftsorientierte Kunden zu schaffen, die kreative, pragmatische und kosteneffektive L\u00f6sungen suchen.<\/p>\n\t\t<\/div>\n\t\t\t\t\t<\/div>\n\n\t\n<\/div>\n<div class=\"container section-title-container\" ><h1 class=\"section-title section-title-normal\"><b aria-hidden=\"true\"><\/b><span class=\"section-title-main\" >Wiras Verbund INternational<\/span><b aria-hidden=\"true\"><\/b><\/h1><\/div>\n<div class=\"row\"  id=\"row-271196177\">\n\n\t<div id=\"col-387833441\" class=\"col medium-6 small-12 large-6\"  >\n\t\t\t\t<div class=\"col-inner\"  >\n\t\t\t\n\t\t\t\n<p>Budlegal ist im Jahr 2023 dem <strong>WIRAS Verbund<\/strong> beigetreten, einem der weltweit gr\u00f6\u00dften deutschsprachigen Netzwerke von Steuerberatern, Wirtschaftspr\u00fcfern und Rechtsanw\u00e4lten.<\/p>\n\t\t<\/div>\n\t\t\t\t\t<\/div>\n\n\t\n\n\t<div id=\"col-1651870916\" class=\"col medium-6 small-12 large-6\"  >\n\t\t\t\t<div class=\"col-inner\"  >\n\t\t\t\n\t\t\t\n\t<div class=\"img has-hover x md-x lg-x y md-y lg-y\" id=\"image_2066732592\">\n\t\t\t\t\t\t\t\t<div class=\"img-inner dark\" >\n\t\t\t<img loading=\"lazy\" decoding=\"async\" width=\"400\" height=\"85\" src=\"https:\/\/bud-legal.hu\/wp-content\/uploads\/2023\/06\/Logo-WIRAS-international-400px.jpg\" class=\"attachment-large size-large\" alt=\"\" title=\"Logo-WIRAS-international-400px\" \/>\t\t\t\t\t\t\n\t\t\t\t\t<\/div>\n\t\t\t\t\t\t\t\t\n<style>\n#image_2066732592 {\n  width: 100%;\n}\n<\/style>\n\t<\/div>\n\t\n\t\t<\/div>\n\t\t\t\t\t<\/div>\n\n\t\n<\/div>\n<div class=\"row\"  id=\"row-648183241\">\n\n\t<div id=\"col-1952743389\" class=\"col small-12 large-12\"  >\n\t\t\t\t<div class=\"col-inner\"  >\n\t\t\t\n\t\t\t\n<p>Innerhalb des WIRAS Verbunds gibt es 197 Mitgliedskanzleien, die sich auf 154 St\u00e4dte und 43 L\u00e4nder erstrecken. Es handelt sich um ein dynamisches Netzwerk von Fachleuten auf den Gebieten Recht und Steuern, die \u00fcber einen umfangreichen Erfahrungsschatz verf\u00fcgen.<\/p>\n<p>Der WIRAS Verbund f\u00f6rdert den fachlichen, unternehmerischen und pers\u00f6nlichen Austausch unter Gleichgesinnten. Insbesondere in der heutigen Zeit besch\u00e4ftigt sich das Netzwerk intensiv mit Fragen rund um Digitalisierung, K\u00fcnstliche Intelligenz und deren Auswirkungen auf das zuk\u00fcnftige Gesch\u00e4ftsmodell der modernen (Steuer-)Beratung.<\/p>\n\t\t<\/div>\n\t\t\t\t\t<\/div>\n\n\t\n<\/div>\n\t\t<\/div>\n\n\t\t\n<style>\n#section_472906365 {\n  padding-top: 30px;\n  padding-bottom: 30px;\n}\n<\/style>\n\t<\/section>","protected":false},"excerpt":{"rendered":"","protected":false},"author":1,"featured_media":0,"parent":0,"menu_order":0,"comment_status":"closed","ping_status":"closed","template":"","meta":{"footnotes":""},"class_list":["post-4985","page","type-page","status-publish","hentry"],"_links":{"self":[{"href":"https:\/\/bud-legal.hu\/de\/wp-json\/wp\/v2\/pages\/4985","targetHints":{"allow":["GET"]}}],"collection":[{"href":"https:\/\/bud-legal.hu\/de\/wp-json\/wp\/v2\/pages"}],"about":[{"href":"https:\/\/bud-legal.hu\/de\/wp-json\/wp\/v2\/types\/page"}],"author":[{"embeddable":true,"href":"https:\/\/bud-legal.hu\/de\/wp-json\/wp\/v2\/users\/1"}],"replies":[{"embeddable":true,"href":"https:\/\/bud-legal.hu\/de\/wp-json\/wp\/v2\/comments?post=4985"}],"version-history":[{"count":4,"href":"https:\/\/bud-legal.hu\/de\/wp-json\/wp\/v2\/pages\/4985\/revisions"}],"predecessor-version":[{"id":5197,"href":"https:\/\/bud-legal.hu\/de\/wp-json\/wp\/v2\/pages\/4985\/revisions\/5197"}],"wp:attachment":[{"href":"https:\/\/bud-legal.hu\/de\/wp-json\/wp\/v2\/media?parent=4985"}],"curies":[{"name":"wp","href":"https:\/\/api.w.org\/{rel}","templated":true}]}}