{"id":4836,"date":"2022-11-28T19:34:12","date_gmt":"2022-11-28T19:34:12","guid":{"rendered":"https:\/\/bud-legal.hu\/?page_id=4836"},"modified":"2026-01-11T11:54:18","modified_gmt":"2026-01-11T10:54:18","slug":"rolunk","status":"publish","type":"page","link":"https:\/\/bud-legal.hu\/de\/rolunk\/","title":{"rendered":"\u00dcber Uns"},"content":{"rendered":"<section class=\"section\" id=\"section_1515332402\">\n\t\t<div class=\"section-bg fill\" >\n\t\t\t\t\t\t\t\t\t<div class=\"section-bg-overlay absolute fill\"><\/div>\n\t\t\t\n\n\t\t<\/div>\n\n\t\t\n\n\t\t<div class=\"section-content relative\">\n\t\t\t\n<div class=\"row\" style=\"max-width:1200px\" id=\"row-1283847096\">\n\n\t<div id=\"col-1441821051\" class=\"col medium-6 small-12 large-5\"  >\n\t\t\t\t<div class=\"col-inner\"  >\n\t\t\t\n\t\t\t\n\t<div id=\"gap-2138549721\" class=\"gap-element clearfix hidden\" style=\"display:block; height:auto;\">\n\t\t\n<style>\n#gap-2138549721 {\n  padding-top: 60px;\n}\n<\/style>\n\t<\/div>\n\t\n\t<div id=\"text-1769263227\" class=\"text\">\n\t\t\n<h1>\u00dcber Uns<\/h1>\n\t\t\n<style>\n#text-1769263227 {\n  font-size: 1.15rem;\n  color: rgb(31, 50, 97);\n}\n#text-1769263227 > * {\n  color: rgb(31, 50, 97);\n}\n<\/style>\n\t<\/div>\n\t\n\t\t<\/div>\n\t\t\t\t\t<\/div>\n\n\t\n<\/div>\n\t\t<\/div>\n\n\t\t\n<style>\n#section_1515332402 {\n  padding-top: 0px;\n  padding-bottom: 0px;\n  min-height: 300px;\n}\n#section_1515332402 .section-bg-overlay {\n  background-color: rgba(255, 255, 255, 0.471);\n}\n@media (min-width:550px) {\n  #section_1515332402 {\n    min-height: 300px;\n  }\n}\n<\/style>\n\t<\/section>\n\t\n\n\t<section class=\"section\" id=\"section_885039852\">\n\t\t<div class=\"section-bg fill\" >\n\t\t\t\t\t\t\t\t\t\n\t\t\t\n\n\t\t<\/div>\n\n\t\t\n\n\t\t<div class=\"section-content relative\">\n\t\t\t\n<div class=\"row\" style=\"max-width:1200px\" id=\"row-1181364682\">\n\n\t<div id=\"col-1491227506\" class=\"col small-12 large-12\"  >\n\t\t\t\t<div class=\"col-inner\"  >\n\t\t\t\n\t\t\t\n<div class=\"row align-bottom\" style=\"max-width:1200px\" id=\"row-872715626\">\n\n\t<div id=\"col-1846995446\" class=\"col medium-12 small-12 large-6\"  >\n\t\t\t\t<div class=\"col-inner\"  >\n\t\t\t\n\t\t\t\n<p>Budlegal Rechtsanw\u00e4lte besch\u00e4ftigt sich in erster Linie mit Wirtschaftsrecht, Zivilrecht, Wirtschaftsrechtsberatung und umfassenden Rechtsdienstleistungen f\u00fcr in- und ausl\u00e4ndische Mandanten, vor allem Unternehmen in Budapest und Buda\u00f6rs.<\/p>\n<p>Mit mehr als 20 Jahren Berufserfahrung in der internationalen Wirtschaft legen wir Wert auf Professionalit\u00e4t, sichere Abwicklung von Rechtsgesch\u00e4ften, qualitativ hochwertige, schnelle und transparente Rechtsberatung.<\/p>\n\t\t<\/div>\n\t\t\t\t\n<style>\n#col-1846995446 > .col-inner {\n  margin: -150px 0px 0px 0px;\n}\n<\/style>\n\t<\/div>\n\n\t\n\n\t<div id=\"col-954558053\" class=\"col medium-12 small-12 large-6 medium-col-first\"  >\n\t\t\t\t<div class=\"col-inner\"  >\n\t\t\t\n\t\t\t\n\n  <div class=\"banner has-hover\" id=\"banner-862434231\">\n          <div class=\"banner-inner fill\">\n        <div class=\"banner-bg fill\" >\n            <img loading=\"lazy\" decoding=\"async\" width=\"1020\" height=\"765\" src=\"https:\/\/bud-legal.hu\/wp-content\/uploads\/2024\/02\/IMG_6483-\u2013-nagy.jpeg\" class=\"bg attachment-large size-large\" alt=\"Bueno-iroda\" title=\"IMG_6483 \u2013 nagy\" \/>                                    \n                    <\/div>\n\t\t\n        <div class=\"banner-layers container\">\n            <div class=\"fill banner-link\"><\/div>            \n   <div id=\"text-box-1697223045\" class=\"text-box banner-layer x50 md-x50 lg-x50 y50 md-y50 lg-y50 res-text\">\n                                <div class=\"text-box-content text dark\">\n              \n              <div class=\"text-inner text-center\">\n                  \n              <\/div>\n           <\/div>\n                            \n<style>\n#text-box-1697223045 {\n  width: 60%;\n}\n#text-box-1697223045 .text-box-content {\n  font-size: 100%;\n}\n@media (min-width:550px) {\n  #text-box-1697223045 {\n    width: 60%;\n  }\n}\n<\/style>\n    <\/div>\n \n        <\/div>\n      <\/div>\n\n            \n<style>\n#banner-862434231 {\n  padding-top: 400px;\n  background-color: rgb(255, 255, 255);\n}\n#banner-862434231 .banner-bg img {\n  object-position: 78% 33%;\n}\n@media (min-width:550px) {\n  #banner-862434231 {\n    padding-top: 600px;\n  }\n}\n@media (min-width:850px) {\n  #banner-862434231 {\n    padding-top: 400px;\n  }\n}\n<\/style>\n  <\/div>\n\n\n\t\t<\/div>\n\t\t\t\t\n<style>\n#col-954558053 > .col-inner {\n  padding: 0px 0px 30px 0px;\n  margin: -70px 0px 0px 0px;\n}\n@media (min-width:850px) {\n  #col-954558053 > .col-inner {\n    margin: -250px 0px 0px 0px;\n  }\n}\n<\/style>\n\t<\/div>\n\n\t\n<\/div>\n\t\t<\/div>\n\t\t\t\t\t<\/div>\n\n\t\n<\/div>\n\t\t<\/div>\n\n\t\t\n<style>\n#section_885039852 {\n  padding-top: 0px;\n  padding-bottom: 0px;\n}\n<\/style>\n\t<\/section>\n\t\n\n\t<section class=\"section\" id=\"section_700289316\">\n\t\t<div class=\"section-bg fill\" >\n\t\t\t\t\t\t\t\t\t\n\t\t\t\n\n\t\t<\/div>\n\n\t\t\n\n\t\t<div class=\"section-content relative\">\n\t\t\t\n<div class=\"row\" style=\"max-width:1200px\" id=\"row-675965006\">\n\n\t<div id=\"col-1860271158\" class=\"col medium-11 small-12 large-9\"  >\n\t\t\t\t<div class=\"col-inner\"  >\n\t\t\t\n\t\t\t\n\t<div id=\"gap-330178837\" class=\"gap-element clearfix\" style=\"display:block; height:auto;\">\n\t\t\n<style>\n#gap-330178837 {\n  padding-top: 30px;\n}\n<\/style>\n\t<\/div>\n\t\n\n  <div class=\"banner has-hover\" id=\"banner-274569207\">\n          <div class=\"banner-inner fill\">\n        <div class=\"banner-bg fill\" >\n            <img loading=\"lazy\" decoding=\"async\" width=\"1020\" height=\"765\" src=\"https:\/\/bud-legal.hu\/wp-content\/uploads\/2022\/09\/IMG_3640-1600x1200.jpeg\" class=\"bg attachment-large size-large\" alt=\"\" title=\"IMG_3640\" \/>                                    \n                    <\/div>\n\t\t\n        <div class=\"banner-layers container\">\n            <div class=\"fill banner-link\"><\/div>            \n   <div id=\"text-box-1278638515\" class=\"text-box banner-layer x50 md-x50 lg-x50 y50 md-y50 lg-y50 res-text\">\n                                <div class=\"text-box-content text dark\">\n              \n              <div class=\"text-inner text-center\">\n                  \n              <\/div>\n           <\/div>\n                            \n<style>\n#text-box-1278638515 {\n  width: 60%;\n}\n#text-box-1278638515 .text-box-content {\n  font-size: 100%;\n}\n@media (min-width:550px) {\n  #text-box-1278638515 {\n    width: 60%;\n  }\n}\n<\/style>\n    <\/div>\n \n        <\/div>\n      <\/div>\n\n            \n<style>\n#banner-274569207 {\n  padding-top: 300px;\n  background-color: rgb(249, 245, 229);\n}\n#banner-274569207 .banner-bg img {\n  object-position: 34% 44%;\n}\n@media (min-width:550px) {\n  #banner-274569207 {\n    padding-top: 500px;\n  }\n}\n<\/style>\n  <\/div>\n\n\n\t\t<\/div>\n\t\t\t\t\t<\/div>\n\n\t\n<\/div>\n<div class=\"row align-right\" style=\"max-width:1200px\" id=\"row-2077034902\">\n\n\t<div id=\"col-801181894\" class=\"col medium-8 small-12 large-9\"  >\n\t\t\t\t<div class=\"col-inner\" style=\"background-color:rgb(255, 255, 255);\" >\n\t\t\t\n\t\t\t\n\t<div id=\"text-4271652539\" class=\"text\">\n\t\t\n<p><strong>Wir bieten transparente und beruhigende rechtliche und wirtschaftliche L\u00f6sungen.<\/strong><br \/>\n\t\t\n<style>\n#text-4271652539 {\n  font-size: 1rem;\n  line-height: 1.2;\n  color: #002d62;\n}\n#text-4271652539 > * {\n  color: #002d62;\n}\n<\/style>\n\t<\/div>\n\t\n<p>Wir bieten internationale Beratungsdienstleistungen f\u00fcr unsere ausl\u00e4ndischen Mandanten, die am ungarischen Markt interessiert sind, sowie f\u00fcr multinationale mittlere und gro\u00dfe Unternehmen.<\/p>\n<p>Wir erbringen internationale Rechtsdienstleistungen f\u00fcr ausl\u00e4ndische Mandanten, die an einer Expansion in Ungarn interessiert sind und Rechtsdienstleistungen mit Kenntnissen des ungarischen Marktes und Rechtssystems ben\u00f6tigen, sowie f\u00fcr ungarische multinationale mittlere und gro\u00dfe Unternehmen, deren Eigentum oder Management international ist und daher unsere Unterst\u00fctzung in grenz\u00fcberschreitenden Rechtsangelegenheiten ben\u00f6tigen.<\/p>\n\t\t<\/div>\n\t\t\t\t\n<style>\n#col-801181894 > .col-inner {\n  padding: 5% 5% 0% 5%;\n  margin: -42px -42px 0px 0px;\n}\n@media (min-width:550px) {\n  #col-801181894 > .col-inner {\n    margin: -217px -42px 0px 0px;\n  }\n}\n<\/style>\n\t<\/div>\n\n\t\n<\/div>\n\t\t<\/div>\n\n\t\t\n<style>\n#section_700289316 {\n  padding-top: 40px;\n  padding-bottom: 40px;\n}\n@media (min-width:550px) {\n  #section_700289316 {\n    padding-top: 80px;\n    padding-bottom: 80px;\n  }\n}\n@media (min-width:850px) {\n  #section_700289316 {\n    padding-top: 30px;\n    padding-bottom: 30px;\n  }\n}\n<\/style>\n\t<\/section>\n\t\n\n\t<section class=\"section\" id=\"section_1016873537\">\n\t\t<div class=\"section-bg fill\" >\n\t\t\t\t\t\t\t\t\t\n\t\t\t\n\n\t\t<\/div>\n\n\t\t\n\n\t\t<div class=\"section-content relative\">\n\t\t\t\n\t<div id=\"gap-1134896049\" class=\"gap-element clearfix hidden\" style=\"display:block; height:auto;\">\n\t\t\n<style>\n#gap-1134896049 {\n  padding-top: 30px;\n}\n<\/style>\n\t<\/div>\n\t\n<div class=\"row\" style=\"max-width:1200px\" id=\"row-394994792\">\n\n\t<div id=\"col-2077260952\" class=\"col medium-6 small-12 large-6\"  >\n\t\t\t\t<div class=\"col-inner\"  >\n\t\t\t\n\t\t\t\n\n  <div class=\"banner has-hover\" id=\"banner-990862153\">\n          <div class=\"banner-inner fill\">\n        <div class=\"banner-bg fill\" >\n            <img loading=\"lazy\" decoding=\"async\" width=\"1020\" height=\"383\" src=\"https:\/\/bud-legal.hu\/wp-content\/uploads\/2024\/02\/2.png\" class=\"bg attachment-large size-large\" alt=\"\" title=\"2\" \/>                                    \n                    <\/div>\n\t\t\n        <div class=\"banner-layers container\">\n            <div class=\"fill banner-link\"><\/div>            \n   <div id=\"text-box-1132102308\" class=\"text-box banner-layer x50 md-x50 lg-x50 y50 md-y50 lg-y50 res-text\">\n                                <div class=\"text-box-content text dark\">\n              \n              <div class=\"text-inner text-center\">\n                  \n              <\/div>\n           <\/div>\n                            \n<style>\n#text-box-1132102308 {\n  width: 60%;\n}\n#text-box-1132102308 .text-box-content {\n  font-size: 100%;\n}\n@media (min-width:550px) {\n  #text-box-1132102308 {\n    width: 60%;\n  }\n}\n<\/style>\n    <\/div>\n \n        <\/div>\n      <\/div>\n\n            \n<style>\n#banner-990862153 {\n  padding-top: 400px;\n  background-color: rgb(255, 255, 255);\n}\n#banner-990862153 .banner-bg img {\n  object-position: 5\u00f6% 11%;\n}\n@media (min-width:550px) {\n  #banner-990862153 {\n    padding-top: 450px;\n  }\n}\n<\/style>\n  <\/div>\n\n\n\t\t<\/div>\n\t\t\t\t\n<style>\n#col-2077260952 > .col-inner {\n  padding: 0px 0px 0px 1px;\n}\n@media (min-width:850px) {\n  #col-2077260952 > .col-inner {\n    padding: 50px 50px 50px 0px;\n  }\n}\n<\/style>\n\t<\/div>\n\n\t\n\n\t<div id=\"col-1926882924\" class=\"col medium-6 small-12 large-6\"  >\n\t\t\t\t<div class=\"col-inner\"  >\n\t\t\t\n\t\t\t\n<p style=\"font-weight: 400;\">Als Mitglied des professionellen Netzwerks <a href=\"https:\/\/irglobal.com\/\" target=\"_blank\" rel=\"noopener\"><strong>IR Global<\/strong><\/a>, des internationalen <a href=\"https:\/\/wiras.de\/\" target=\"_blank\" rel=\"noopener\"><strong>WIRAS Netzwerk<\/strong>s<\/a> sowie des <strong><a href=\"https:\/\/www.dach-ra.de\/de\/\" target=\"_blank\" rel=\"noopener\">DACH<\/a> \u00a0\u00a0<\/strong>\u00a0\u2013 dem Zusammenschluss deutschsprachiger Anwaltskanzleien und Steuerberater \u2013 bieten wir eine starke grenz\u00fcberschreitende Zusammenarbeit. Unsere Mandanten profitieren dadurch von einer deutschsprachigen Anwaltskanzlei in Ungarn mit fundiertem Wissen und direktem Zugang zu einem europaweiten Expertennetzwerk. Ideal f\u00fcr Firmen und Privatpersonen, die Rechtsberatung in Budapest und Ungarn auf Deutsch suchen.<\/p>\n<p style=\"font-weight: 400;\">\u00a0<\/p>\n<p style=\"font-weight: 400;\">Wir sind Mitglied der <a href=\"https:\/\/www.ahkungarn.hu\/de\" target=\"_blank\" rel=\"noopener\"><strong>Deutsch-Ungarischen Industrie- und Handelskammer<\/strong> (DUIHK)<\/a> sowie der <a href=\"https:\/\/swisscham.hu\/en\/\" target=\"_blank\" rel=\"noopener\"><strong>Schweizerisch-Ungarischen Handelskam (MNJE)<\/strong><\/a>.<\/p>\n\t<div id=\"gap-1465746848\" class=\"gap-element clearfix\" style=\"display:block; height:auto;\">\n\t\t\n<style>\n#gap-1465746848 {\n  padding-top: 30px;\n}\n@media (min-width:550px) {\n  #gap-1465746848 {\n    padding-top: 80px;\n  }\n}\n<\/style>\n\t<\/div>\n\t\n\t\t<\/div>\n\t\t\t\t\n<style>\n#col-1926882924 > .col-inner {\n  padding: 0px 0px 0px 0;\n}\n@media (min-width:550px) {\n  #col-1926882924 > .col-inner {\n    padding: 50px 0px 0px 20px;\n  }\n}\n@media (min-width:850px) {\n  #col-1926882924 > .col-inner {\n    padding: 50px 0px 0px 10px;\n  }\n}\n<\/style>\n\t<\/div>\n\n\t\n<\/div>\n\t\t<\/div>\n\n\t\t\n<style>\n#section_1016873537 {\n  padding-top: 0px;\n  padding-bottom: 0px;\n}\n<\/style>\n\t<\/section>\n\t\n\n\t<section class=\"section\" id=\"section_1093620566\">\n\t\t<div class=\"section-bg fill\" >\n\t\t\t\t\t\t\t\t\t\n\t\t\t\n\n\t\t<\/div>\n\n\t\t\n\n\t\t<div class=\"section-content relative\">\n\t\t\t\n<div class=\"row align-center\" style=\"max-width:1200px\" id=\"row-1453981716\">\n\n\t<div id=\"col-204479863\" class=\"col medium-7 small-12 large-12\"  >\n\t\t\t\t<div class=\"col-inner text-center\"  >\n\t\t\t\n\t\t\t\n\t<div id=\"gap-338386099\" class=\"gap-element clearfix hidden\" style=\"display:block; height:auto;\">\n\t\t\n<style>\n#gap-338386099 {\n  padding-top: 50px;\n}\n@media (min-width:550px) {\n  #gap-338386099 {\n    padding-top: 60px;\n  }\n}\n@media (min-width:850px) {\n  #gap-338386099 {\n    padding-top: 70px;\n  }\n}\n<\/style>\n\t<\/div>\n\t\n\t<div id=\"text-3361949165\" class=\"text\">\n\t\t\n<h2>Wir haben Referenzen aus den folgenden Branchen:<\/h2>\n\t\t\n<style>\n#text-3361949165 {\n  font-size: 0.8rem;\n  text-align: center;\n  color: #002d62;\n}\n#text-3361949165 > * {\n  color: #002d62;\n}\n<\/style>\n\t<\/div>\n\t\n\t\t<\/div>\n\t\t\t\t\t<\/div>\n\n\t\n\n\t<div id=\"col-45432125\" class=\"col medium-3 large-3\"  >\n\t\t\t\t<div class=\"col-inner\"  >\n\t\t\t\n\t\t\t\n\n\t\t<div class=\"icon-box featured-box icon-box-center text-center is-small\"  >\n\t\t\t\t\t<div class=\"icon-box-img\" style=\"width: 80px\">\n\t\t\t\t<div class=\"icon\">\n\t\t\t\t\t<div class=\"icon-inner\" >\n\t\t\t\t\t\t<img decoding=\"async\" src=\"http:\/\/bud-legal.hu\/wp-content\/uploads\/2018\/06\/fuvarozas-logisztika.png\" alt=\"Transport und Logistik\"\/>\t\t\t\t\t<\/div>\n\t\t\t\t<\/div>\n\t\t\t<\/div>\n\t\t\t\t<div class=\"icon-box-text last-reset\">\n\t\t\t<h5 class=\"uppercase\">Transport und Logistik<\/h5>\t\t\t\t\t\t\n\t\t<\/div>\n\t<\/div>\n\t\n\t\n\t\t<\/div>\n\t\t\t\t\t<\/div>\n\n\t\n\n\t<div id=\"col-1037252876\" class=\"col medium-3 large-3\"  >\n\t\t\t\t<div class=\"col-inner\"  >\n\t\t\t\n\t\t\t\n\n\t\t<div class=\"icon-box featured-box icon-box-center text-center is-small\"  >\n\t\t\t\t\t<div class=\"icon-box-img\" style=\"width: 80px\">\n\t\t\t\t<div class=\"icon\">\n\t\t\t\t\t<div class=\"icon-inner\" >\n\t\t\t\t\t\t<img decoding=\"async\" src=\"http:\/\/bud-legal.hu\/wp-content\/uploads\/2018\/06\/automotive.png\" alt=\"Automotive\"\/>\t\t\t\t\t<\/div>\n\t\t\t\t<\/div>\n\t\t\t<\/div>\n\t\t\t\t<div class=\"icon-box-text last-reset\">\n\t\t\t<h5 class=\"uppercase\">Automotive<\/h5>\t\t\t\t\t\t\n\t\t<\/div>\n\t<\/div>\n\t\n\t\n\t\t<\/div>\n\t\t\t\t\t<\/div>\n\n\t\n\n\t<div id=\"col-1969898697\" class=\"col medium-3 large-3\"  >\n\t\t\t\t<div class=\"col-inner\"  >\n\t\t\t\n\t\t\t\n\n\t\t<div class=\"icon-box featured-box icon-box-center text-center is-small\"  >\n\t\t\t\t\t<div class=\"icon-box-img\" style=\"width: 80px\">\n\t\t\t\t<div class=\"icon\">\n\t\t\t\t\t<div class=\"icon-inner\" >\n\t\t\t\t\t\t<img decoding=\"async\" src=\"http:\/\/bud-legal.hu\/wp-content\/uploads\/2018\/06\/epitoipar-ingatlanfejlesztes.png\" alt=\"Bauwesen, Immobilienentwicklung\"\/>\t\t\t\t\t<\/div>\n\t\t\t\t<\/div>\n\t\t\t<\/div>\n\t\t\t\t<div class=\"icon-box-text last-reset\">\n\t\t\t<h5 class=\"uppercase\">Bauwesen, Immobilienentwicklung<\/h5>\t\t\t\t\t\t\n\t\t<\/div>\n\t<\/div>\n\t\n\t\n\t\t<\/div>\n\t\t\t\t\t<\/div>\n\n\t\n\n\t<div id=\"col-1345525030\" class=\"col medium-3 large-3\"  >\n\t\t\t\t<div class=\"col-inner\"  >\n\t\t\t\n\t\t\t\n\n\t\t<div class=\"icon-box featured-box icon-box-center text-center is-small\"  >\n\t\t\t\t\t<div class=\"icon-box-img\" style=\"width: 80px\">\n\t\t\t\t<div class=\"icon\">\n\t\t\t\t\t<div class=\"icon-inner\" >\n\t\t\t\t\t\t<img decoding=\"async\" src=\"http:\/\/bud-legal.hu\/wp-content\/uploads\/2018\/06\/ingatlan-uemeltetes.png\" alt=\"Immobiliengesch\u00e4fte\"\/>\t\t\t\t\t<\/div>\n\t\t\t\t<\/div>\n\t\t\t<\/div>\n\t\t\t\t<div class=\"icon-box-text last-reset\">\n\t\t\t<h5 class=\"uppercase\">Immobiliengesch\u00e4fte<\/h5>\t\t\t\t\t\t\n\t\t<\/div>\n\t<\/div>\n\t\n\t\n\t\t<\/div>\n\t\t\t\t\t<\/div>\n\n\t\n<\/div>\n<div class=\"row\"  id=\"row-274629879\">\n\n\t<div id=\"col-2077993981\" class=\"col medium-3 large-3\"  >\n\t\t\t\t<div class=\"col-inner\"  >\n\t\t\t\n\t\t\t\n\n\t\t<div class=\"icon-box featured-box icon-box-center text-center is-small\"  >\n\t\t\t\t\t<div class=\"icon-box-img\" style=\"width: 80px\">\n\t\t\t\t<div class=\"icon\">\n\t\t\t\t\t<div class=\"icon-inner\" >\n\t\t\t\t\t\t<img decoding=\"async\" src=\"http:\/\/bud-legal.hu\/wp-content\/uploads\/2018\/06\/penzugyi-szolgaltatasok.png\" alt=\"Finanzdienstleistungen\"\/>\t\t\t\t\t<\/div>\n\t\t\t\t<\/div>\n\t\t\t<\/div>\n\t\t\t\t<div class=\"icon-box-text last-reset\">\n\t\t\t<h5 class=\"uppercase\">Finanzdienstleistungen<\/h5>\t\t\t\t\t\t\n\t\t<\/div>\n\t<\/div>\n\t\n\t\n\t\t<\/div>\n\t\t\t\t\t<\/div>\n\n\t\n\n\t<div id=\"col-1312254499\" class=\"col medium-3 large-3\"  >\n\t\t\t\t<div class=\"col-inner\"  >\n\t\t\t\n\t\t\t\n\n\t\t<div class=\"icon-box featured-box icon-box-center text-center is-small\"  >\n\t\t\t\t\t<div class=\"icon-box-img\" style=\"width: 80px\">\n\t\t\t\t<div class=\"icon\">\n\t\t\t\t\t<div class=\"icon-inner\" >\n\t\t\t\t\t\t<img decoding=\"async\" src=\"http:\/\/bud-legal.hu\/wp-content\/uploads\/2018\/06\/elelmiszer-kereskedelem.png\" alt=\"Lebensmittelhandel\"\/>\t\t\t\t\t<\/div>\n\t\t\t\t<\/div>\n\t\t\t<\/div>\n\t\t\t\t<div class=\"icon-box-text last-reset\">\n\t\t\t<h5 class=\"uppercase\">Lebensmittelhandel<\/h5>\t\t\t\t\t\t\n\t\t<\/div>\n\t<\/div>\n\t\n\t\n\t\t<\/div>\n\t\t\t\t\t<\/div>\n\n\t\n\n\t<div id=\"col-908965180\" class=\"col medium-3 large-3\"  >\n\t\t\t\t<div class=\"col-inner\"  >\n\t\t\t\n\t\t\t\n\n\t\t<div class=\"icon-box featured-box icon-box-center text-center is-small\"  >\n\t\t\t\t\t<div class=\"icon-box-img\" style=\"width: 80px\">\n\t\t\t\t<div class=\"icon\">\n\t\t\t\t\t<div class=\"icon-inner\" >\n\t\t\t\t\t\t<img decoding=\"async\" src=\"http:\/\/bud-legal.hu\/wp-content\/uploads\/2018\/06\/szorakoztatoipar.png\" alt=\"Unterhaltung\"\/>\t\t\t\t\t<\/div>\n\t\t\t\t<\/div>\n\t\t\t<\/div>\n\t\t\t\t<div class=\"icon-box-text last-reset\">\n\t\t\t<h5 class=\"uppercase\">Unterhaltung<\/h5>\t\t\t\t\t\t\n\t\t<\/div>\n\t<\/div>\n\t\n\t\n\t\t<\/div>\n\t\t\t\t\t<\/div>\n\n\t\n\n\t<div id=\"col-580249293\" class=\"col medium-3 large-3\"  >\n\t\t\t\t<div class=\"col-inner\"  >\n\t\t\t\n\t\t\t\n\n\t\t<div class=\"icon-box featured-box icon-box-center text-center is-small\"  >\n\t\t\t\t\t<div class=\"icon-box-img\" style=\"width: 80px\">\n\t\t\t\t<div class=\"icon\">\n\t\t\t\t\t<div class=\"icon-inner\" >\n\t\t\t\t\t\t<img decoding=\"async\" src=\"http:\/\/bud-legal.hu\/wp-content\/uploads\/2018\/06\/klasszikus-kereskedelem.png\" alt=\"FMCG, klassischer Handel\"\/>\t\t\t\t\t<\/div>\n\t\t\t\t<\/div>\n\t\t\t<\/div>\n\t\t\t\t<div class=\"icon-box-text last-reset\">\n\t\t\t<h5 class=\"uppercase\">FMCG, klassischer Handel<\/h5>\t\t\t\t\t\t\n\t\t<\/div>\n\t<\/div>\n\t\n\t\n\t\t<\/div>\n\t\t\t\t\t<\/div>\n\n\t\n<\/div>\n\t\t<\/div>\n\n\t\t\n<style>\n#section_1093620566 {\n  padding-top: 60px;\n  padding-bottom: 60px;\n}\n@media (min-width:550px) {\n  #section_1093620566 {\n    padding-top: 0px;\n    padding-bottom: 0px;\n  }\n}\n<\/style>\n\t<\/section>\n\t\n\t<div id=\"gap-1216252107\" class=\"gap-element clearfix\" style=\"display:block; height:auto;\">\n\t\t\n<style>\n#gap-1216252107 {\n  padding-top: 60px;\n}\n<\/style>\n\t<\/div>","protected":false},"excerpt":{"rendered":"","protected":false},"author":1,"featured_media":0,"parent":0,"menu_order":0,"comment_status":"closed","ping_status":"closed","template":"","meta":{"footnotes":""},"class_list":["post-4836","page","type-page","status-publish","hentry"],"_links":{"self":[{"href":"https:\/\/bud-legal.hu\/de\/wp-json\/wp\/v2\/pages\/4836","targetHints":{"allow":["GET"]}}],"collection":[{"href":"https:\/\/bud-legal.hu\/de\/wp-json\/wp\/v2\/pages"}],"about":[{"href":"https:\/\/bud-legal.hu\/de\/wp-json\/wp\/v2\/types\/page"}],"author":[{"embeddable":true,"href":"https:\/\/bud-legal.hu\/de\/wp-json\/wp\/v2\/users\/1"}],"replies":[{"embeddable":true,"href":"https:\/\/bud-legal.hu\/de\/wp-json\/wp\/v2\/comments?post=4836"}],"version-history":[{"count":4,"href":"https:\/\/bud-legal.hu\/de\/wp-json\/wp\/v2\/pages\/4836\/revisions"}],"predecessor-version":[{"id":5777,"href":"https:\/\/bud-legal.hu\/de\/wp-json\/wp\/v2\/pages\/4836\/revisions\/5777"}],"wp:attachment":[{"href":"https:\/\/bud-legal.hu\/de\/wp-json\/wp\/v2\/media?parent=4836"}],"curies":[{"name":"wp","href":"https:\/\/api.w.org\/{rel}","templated":true}]}}