{"id":4593,"date":"2022-04-04T17:18:47","date_gmt":"2022-04-04T17:18:47","guid":{"rendered":"https:\/\/bud-legal.hu\/?page_id=4593"},"modified":"2022-04-05T09:10:21","modified_gmt":"2022-04-05T09:10:21","slug":"bejelentes","status":"publish","type":"page","link":"https:\/\/bud-legal.hu\/de\/bejelentes\/","title":{"rendered":"Bejelent\u00e9s"},"content":{"rendered":"<div id=\"page-header-2063387120\" class=\"page-header-wrapper\">\n  <div class=\"page-title light normal-title\">\n\n    \n    <div class=\"page-title-inner container align-center flex-row medium-flex-wrap\" >\n              <div class=\"title-wrapper flex-col text-left medium-text-center\">\n          <h1 class=\"entry-title mb-0\">\n            Bejelent\u00e9s          <\/h1>\n        <\/div>\n                    <div class=\"title-content flex-col flex-right text-right medium-text-center\">\n        <div class=\"title-breadcrumbs pb-half pt-half\"><\/div>      <\/div>\n    <\/div>\n\n       <\/div>\n    <\/div>\n  \n\n\t<section class=\"section\" id=\"section_366237770\">\n\t\t<div class=\"section-bg fill\" >\n\t\t\t\t\t\t\t\t\t\n\t\t\t\n\n\t\t<\/div>\n\n\t\t\n\n\t\t<div class=\"section-content relative\">\n\t\t\t\n<div class=\"row\"  id=\"row-1433384851\">\n\n\t<div id=\"col-227695613\" class=\"col small-12 large-12\"  >\n\t\t\t\t<div class=\"col-inner\"  >\n\t\t\t\n\t\t\t\n<div class=\"container section-title-container\" ><h3 class=\"section-title section-title-normal\"><b aria-hidden=\"true\"><\/b><span class=\"section-title-main\" >Els\u0151sorban az al\u00e1bbi jogs\u00e9rt\u00e9sek eset\u00e9n fordulhatnak hozz\u00e1nk:<\/span><b aria-hidden=\"true\"><\/b><\/h3><\/div>\n<ul>\n<li>szexu\u00e1lis vissza\u00e9l\u00e9s, zaklat\u00e1s<\/li>\n<li>munkahelyi fenyeget\u0151z\u00e9s, fizikai er\u0151szak, sz\u00f3beli megal\u00e1z\u00e1s, agresszi\u00f3<\/li>\n<li>h\u00e1tr\u00e1nyos megk\u00fcl\u00f6nb\u00f6ztet\u00e9s vagy indokolatlan el\u0151nyben r\u00e9szes\u00edt\u00e9s<\/li>\n<li>alkoholos, k\u00e1b\u00edt\u00f3szeres vagy egy\u00e9b befoly\u00e1solts\u00e1g alatti munkav\u00e9gz\u00e9s<\/li>\n<li>veszteget\u00e9s, aj\u00e1nd\u00e9kok, ken\u0151p\u00e9nzek elfogad\u00e1sa vagy felaj\u00e1nl\u00e1sa<\/li>\n<li>\u00e1ru, term\u00e9kek, p\u00e9nz eltulajdon\u00edt\u00e1sa, lop\u00e1s, sikkaszt\u00e1s, egy\u00e9b gazdas\u00e1gi b\u0171ncselekm\u00e9nyek<\/li>\n<li>hamis adatszolg\u00e1ltat\u00e1s<\/li>\n<li>\u00fczleti titok megs\u00e9rt\u00e9se<\/li>\n<\/ul>\n<div class=\"is-divider divider clearfix\" ><\/div>\n<div class=\"container section-title-container\" ><h3 class=\"section-title section-title-normal\"><b aria-hidden=\"true\"><\/b><span class=\"section-title-main\" >Bejelent\u00e9s\u00e9t az al\u00e1bbi \u0171rlapon teheti meg:<\/span><b aria-hidden=\"true\"><\/b><\/h3><\/div>\n\n<div class=\"caldera-grid\" id=\"caldera_form_3\" data-cf-ver=\"1.9.7\" data-cf-form-id=\"CF624af6a995b90\"><div id=\"caldera_notices_3\" data-spinner=\"https:\/\/bud-legal.hu\/wp-admin\/images\/spinner.gif\"><\/div><form data-instance=\"3\" class=\"CF624af6a995b90 caldera_forms_form cfajax-trigger\" method=\"POST\" enctype=\"multipart\/form-data\" id=\"CF624af6a995b90_3\" data-form-id=\"CF624af6a995b90\" aria-label=\"Bejelent\u0151v&eacute;delem - Bud-terra\" data-target=\"#caldera_notices_3\" data-template=\"#cfajax_CF624af6a995b90-tmpl\" data-cfajax=\"CF624af6a995b90\" data-load-element=\"_parent\" data-load-class=\"cf_processing\" data-post-disable=\"0\" data-action=\"cf_process_ajax_submit\" data-request=\"https:\/\/bud-legal.hu\/de\/cf-api\/CF624af6a995b90\" data-hiderows=\"true\">\r\n<input type=\"hidden\" id=\"_cf_verify_CF624af6a995b90\" name=\"_cf_verify\" value=\"b077552689\"  data-nonce-time=\"1778347292\" \/><input type=\"hidden\" name=\"_wp_http_referer\" value=\"\/de\/wp-json\/wp\/v2\/pages\/4593\" \/><div id=\"cf2-CF624af6a995b90_3\"><\/div><input type=\"hidden\" name=\"_cf_frm_id\" value=\"CF624af6a995b90\">\r\n<input type=\"hidden\" name=\"_cf_frm_ct\" value=\"3\">\r\n<input type=\"hidden\" name=\"cfajax\" value=\"CF624af6a995b90\">\r\n<input type=\"hidden\" name=\"_cf_cr_pst\" value=\"4593\">\r\n<div class=\"hide\" style=\"display:none; overflow:hidden;height:0;width:0;\">\r\n<label>Company<\/label><input type=\"text\" name=\"company\" value=\"\" autocomplete=\"off\">\r\n<\/div><div id=\"CF624af6a995b90_3-row-1\"  class=\"row  first_row\"><div  class=\"col-sm-12  single\"><div class=\"\"><h2>Bejelent\u00e9s<\/h2>\n<p>Bejelent\u00e9s\u00e9hez az al\u00e1bbi adatokat adja meg:<\/p>\n<hr>\n<\/div><input    type=\"hidden\" data-field=\"fld_8300675\" class=\" form-control\" id=\"fld_8300675_3\" name=\"fld_8300675\" value=\"\" data-type=\"hidden\"   ><\/div><\/div><div id=\"CF624af6a995b90_3-row-2\"  class=\"row \"><div  class=\"col-sm-12  single\"><input    type=\"hidden\" data-field=\"fld_2758980\" class=\" form-control\" id=\"fld_2758980_3\" name=\"fld_2758980\" value=\"Bud-terra Kft.\" data-type=\"hidden\"   ><div data-field-wrapper=\"fld_1839124\" class=\"form-group\" id=\"fld_1839124_3-wrap\">\r\n\t<label id=\"fld_1839124Label\" for=\"fld_1839124_3\" class=\"control-label\">Milyen jogviszonyban \u00e1ll a c\u00e9ggel?<\/label>\r\n\t<div class=\"\">\r\n\t\t<select name=\"fld_1839124\" value=\"\" data-field=\"fld_1839124\" class=\"form-control\" id=\"fld_1839124_3\"    aria-labelledby=\"fld_1839124Label\" >\n\t\t<option value=\"\"><\/option>\r\n\t\t\t\t\t<option value=\"Munkaviszony jelleg\u0171 jogviszony\"  data-calc-value=\"Munkaviszony jelleg\u0171 jogviszony\" >\n\t\t\t\t\t\tMunkaviszony jelleg\u0171 jogviszony\t\t\t\t\t<\/option>\n\t\t\t\t\t\t\t\t\t\t<option value=\"Szerz\u0151d\u00e9ses jogviszony\"  data-calc-value=\"Szerz\u0151d\u00e9ses jogviszony\" >\n\t\t\t\t\t\tSzerz\u0151d\u00e9ses jogviszony\t\t\t\t\t<\/option>\n\t\t\t\t\t\t\t\t\t\t<option value=\"Egy\u00e9b\"  data-calc-value=\"Egy\u00e9b\" >\n\t\t\t\t\t\tEgy\u00e9b\t\t\t\t\t<\/option>\n\t\t\t\t\t\t\t<\/select>\n\t\t\t<\/div>\r\n<\/div>\r\n<span class=\"caldera-forms-conditional-field\" role=\"region\" aria-live=\"polite\" id=\"conditional_fld_1889868_3\" data-field-id=\"fld_1889868_3\"><\/span><div data-field-wrapper=\"fld_3879667\" class=\"form-group\" id=\"fld_3879667_3-wrap\">\r\n\t<label id=\"fld_3879667Label\" for=\"fld_3879667_3\" class=\"control-label screen-reader-text sr-only\">Anonim bejelent\u00e9st szeretn\u00e9k tenni<\/label>\r\n\t<div class=\"\">\r\n\t\t\t\t\t\t\t\t\t\t\t<div class=\"checkbox\">\n\t\t\t\t\n                <label                         for=\"fld_3879667_3_opt1501318\"\n                >\n                            <input\n                                                                type=\"checkbox\"\n                                data-label=\"Anonim bejelent\u00e9st szeretn\u00e9k tenni\"\n                                data-field=\"fld_3879667\"\n                                id=\"fld_3879667_3_opt1501318\"\n                                class=\"fld_3879667_3\"\n                                name=\"fld_3879667[opt1501318]\"\n                                value=\"Anonim bejelent\u00e9st szeretn\u00e9k tenni\"\n                                                                data-type=\"checkbox\"\n                                data-checkbox-field=\"fld_3879667_3\"\n                                                                data-calc-value=\"Anonim bejelent\u00e9st szeretn\u00e9k tenni\"\n                            >\n                    Anonim bejelent\u00e9st szeretn\u00e9k tenni                <\/label>\n\n                \t\t\t\t\t<\/div>\n\t\t\t\t\t\t\t\t\t\t<span id=\"fld_3879667Caption\" class=\"help-block\">Amennyiben anonim bejelent\u00e9st tesz, \u00e9s bejelent\u00e9s\u00e9ben foglalt inform\u00e1ci\u00f3 nem elegend\u0151 az \u00fcgy kivizsg\u00e1l\u00e1s\u00e1hoz, \u00fagy a bejelent\u00e9st nem tudjuk feldolgozni.<\/span>\r\n\t<\/div>\r\n<\/div>\r\n<span class=\"caldera-forms-conditional-field\" role=\"region\" aria-live=\"polite\" id=\"conditional_fld_8768091_3\" data-field-id=\"fld_8768091_3\"><div data-field-wrapper=\"fld_8768091\" class=\"form-group\" id=\"fld_8768091_3-wrap\">\r\n\t<label id=\"fld_8768091Label\" for=\"fld_8768091_3\" class=\"control-label\">Bejelent\u0151 neve <span aria-hidden=\"true\" role=\"presentation\" class=\"field_required\" style=\"color:#ee0000;\">*<\/span><\/label>\r\n\t<div class=\"\">\r\n\t\t<input   required type=\"text\" data-field=\"fld_8768091\" class=\" form-control\" id=\"fld_8768091_3\" name=\"fld_8768091\" value=\"\" data-type=\"text\" aria-required=\"true\"   aria-labelledby=\"fld_8768091Label\" >\t\t\t<\/div>\r\n<\/div>\r\n<\/span><span class=\"caldera-forms-conditional-field\" role=\"region\" aria-live=\"polite\" id=\"conditional_fld_6009157_3\" data-field-id=\"fld_6009157_3\"><div data-field-wrapper=\"fld_6009157\" class=\"form-group\" id=\"fld_6009157_3-wrap\">\r\n\t<label id=\"fld_6009157Label\" for=\"fld_6009157_3\" class=\"control-label\">Az \u00d6n e-mail c\u00edme <span aria-hidden=\"true\" role=\"presentation\" class=\"field_required\" style=\"color:#ee0000;\">*<\/span><\/label>\r\n\t<div class=\"\">\r\n\t\t<input   required type=\"email\" data-field=\"fld_6009157\" class=\" form-control\" id=\"fld_6009157_3\" name=\"fld_6009157\" value=\"\" data-type=\"email\" aria-required=\"true\"   aria-labelledby=\"fld_6009157Label\" >\t\t\t<\/div>\r\n<\/div>\r\n<\/span><span class=\"caldera-forms-conditional-field\" role=\"region\" aria-live=\"polite\" id=\"conditional_fld_6975750_3\" data-field-id=\"fld_6975750_3\"><div data-field-wrapper=\"fld_6975750\" class=\"form-group\" id=\"fld_6975750_3-wrap\">\r\n\t<label id=\"fld_6975750Label\" for=\"fld_6975750_3\" class=\"control-label\">Az \u00d6n telefonsz\u00e1ma<\/label>\r\n\t<div class=\"\">\r\n\t\t<input    type=\"tel\" data-field=\"fld_6975750\" class=\" form-control\" id=\"fld_6975750_3\" name=\"fld_6975750\" value=\"\" data-type=\"phone_better\"   aria-labelledby=\"fld_6975750Label\" >\t\t\t<\/div>\r\n<\/div>\r\n<\/span><div data-field-wrapper=\"fld_7683514\" class=\"form-group\" id=\"fld_7683514_3-wrap\">\r\n\t<label id=\"fld_7683514Label\" for=\"fld_7683514_3\" class=\"control-label\">A panasz r\u00f6vid le\u00edr\u00e1sa <span aria-hidden=\"true\" role=\"presentation\" class=\"field_required\" style=\"color:#ee0000;\">*<\/span><\/label>\r\n\t<div class=\"\">\r\n\t\t<textarea name=\"fld_7683514\" value=\"\" data-field=\"fld_7683514\" class=\"form-control\" id=\"fld_7683514_3\" rows=\"7\"  required=\"required\"  aria-labelledby=\"fld_7683514Label\" ><\/textarea>\n\t\t\t<\/div>\r\n<\/div>\r\n<div id=\"cf2-fld_2072126_3\" class=\"cf2-field-wrapper\" data-field-id=\"fld_2072126_3\"><\/div><\/div><\/div><div id=\"CF624af6a995b90_3-row-3\"  class=\"row  last_row\"><div  class=\"col-sm-12  single\"><div data-field-wrapper=\"fld_8945630\" class=\"form-group\" id=\"fld_8945630_3-wrap\">\r\n\t<label id=\"fld_8945630Label\" for=\"fld_8945630_3\" class=\"control-label\">Adatv\u00e9delem <span aria-hidden=\"true\" role=\"presentation\" class=\"field_required\" style=\"color:#ee0000;\">*<\/span><\/label>\r\n\t<div class=\"\">\r\n\t\t\t\t\t\t\t\t\t\t\t<div class=\"checkbox\">\n\t\t\t\t\n                <label                         for=\"fld_8945630_3_opt1782746\"\n                >\n                            <input\n                                data-parsley-required=\"true\" data-parsley-group=\"fld_8945630_3\" data-parsley-multiple=\"fld_8945630_3\"                                type=\"checkbox\"\n                                data-label=\"Elfogadom az adatv\u00e9delmi felt\u00e9teleket\"\n                                data-field=\"fld_8945630\"\n                                id=\"fld_8945630_3_opt1782746\"\n                                class=\"fld_8945630_3 option-required\"\n                                name=\"fld_8945630[opt1782746]\"\n                                value=\"Elfogadom az adatv\u00e9delmi felt\u00e9teleket\"\n                                                                data-type=\"checkbox\"\n                                data-checkbox-field=\"fld_8945630_3\"\n                                                                data-calc-value=\"Elfogadom az adatv\u00e9delmi felt\u00e9teleket\"\n                            >\n                    Elfogadom az adatv\u00e9delmi felt\u00e9teleket                <\/label>\n\n                \t\t\t\t\t<\/div>\n\t\t\t\t\t\t\t\t\t\t<span id=\"fld_8945630Caption\" class=\"help-block\">Adatait titkosan kezelj\u00fck, azokat a bepanaszolt c\u00e9gnek az \u00d6n k\u00fcl\u00f6n enged\u00e9lye hi\u00e1ny\u00e1ban nem tov\u00e1bb\u00edtjuk. Bejelent\u0151v\u00e9delemre vonatkoz\u00f3 adatv\u00e9delmi t\u00e1j\u00e9koztat\u00f3nkat itt tal\u00e1lja. Teljes adatkezel\u00e9si t\u00e1j\u00e9koztat\u00f3nk itt tal\u00e1lhat\u00f3 Az Adatv\u00e9delmi t\u00e1j\u00e9koztat\u00f3t megismertem \u00e9s hozz\u00e1j\u00e1rulok szem\u00e9lyes adataim kezel\u00e9s\u00e9hez.<\/span>\r\n\t<\/div>\r\n<\/div>\r\n<div data-field-wrapper=\"fld_7908577\" class=\"form-group button primary\" id=\"fld_7908577_3-wrap\">\r\n<div class=\"\">\r\n\t<input  class=\"button primary\" type=\"submit\" name=\"fld_7908577\" id=\"fld_7908577_3\" value=\"Panasz elk\u00fcld\u00e9se\" data-field=\"fld_7908577\"  >\n<\/div>\r\n<\/div>\r\n\t<input class=\"button_trigger_3\" type=\"hidden\" name=\"fld_7908577\" id=\"fld_7908577_3_btn\" value=\"\" data-field=\"fld_7908577\"  \/>\n<\/div><\/div><\/form>\r\n<\/div>\r\n<script type=\"text\/javascript\">\r\nif( typeof caldera_conditionals === \"undefined\" ){ var caldera_conditionals = {}; }caldera_conditionals.CF624af6a995b90_3 = {\"fld_1889868_3\":{\"type\":\"show\",\"group\":{\"rw_xephbcok\":{\"cl_wanmrij\":{\"id\":\"cl_wanmrij\",\"field\":\"fld_1839124\",\"value\":\"Egy\\u00e9b\",\"compare\":\"is\",\"parent\":\"rw_xephbcok\",\"label\":\"Egy\\u00e9b\"}}}},\"fld_8768091_3\":{\"type\":\"hide\",\"group\":{\"rw_lxmazpg\":{\"cl_nhtqjoyun\":{\"id\":\"cl_nhtqjoyun\",\"field\":\"fld_3879667\",\"value\":\"Anonim bejelent\\u00e9st szeretn\\u00e9k tenni\",\"compare\":\"is\",\"parent\":\"rw_lxmazpg\",\"label\":\"Anonim bejelent\\u00e9st szeretn\\u00e9k tenni\"}}}},\"fld_6009157_3\":{\"type\":\"hide\",\"group\":{\"rw_lxmazpg\":{\"cl_nhtqjoyun\":{\"id\":\"cl_nhtqjoyun\",\"field\":\"fld_3879667\",\"value\":\"Anonim bejelent\\u00e9st szeretn\\u00e9k tenni\",\"compare\":\"is\",\"parent\":\"rw_lxmazpg\",\"label\":\"Anonim bejelent\\u00e9st szeretn\\u00e9k tenni\"}}}},\"fld_6975750_3\":{\"type\":\"hide\",\"group\":{\"rw_lxmazpg\":{\"cl_nhtqjoyun\":{\"id\":\"cl_nhtqjoyun\",\"field\":\"fld_3879667\",\"value\":\"Anonim bejelent\\u00e9st szeretn\\u00e9k tenni\",\"compare\":\"is\",\"parent\":\"rw_lxmazpg\",\"label\":\"Anonim bejelent\\u00e9st szeretn\\u00e9k tenni\"}}}}};\r\n<\/script>\r\n<script type=\"text\/html\" id=\"conditional-fld_1889868_3-tmpl\">\r\n<div data-field-wrapper=\"fld_1889868\" class=\"form-group\" id=\"fld_1889868_3-wrap\">\r\n\t<label id=\"fld_1889868Label\" for=\"fld_1889868_3\" class=\"control-label\">\u00e9spedig<\/label>\r\n\t<div class=\"\">\r\n\t\t<input    type=\"text\" data-field=\"fld_1889868\" class=\" form-control\" id=\"fld_1889868_3\" name=\"fld_1889868\" value=\"\" data-type=\"text\"   aria-labelledby=\"fld_1889868Label\" >\t\t\t<\/div>\r\n<\/div>\r\n<\/script>\r\n\r\n<script type=\"text\/html\" id=\"conditional-fld_8768091_3-tmpl\">\r\n<div data-field-wrapper=\"fld_8768091\" class=\"form-group\" id=\"fld_8768091_3-wrap\">\r\n\t<label id=\"fld_8768091Label\" for=\"fld_8768091_3\" class=\"control-label\">Bejelent\u0151 neve <span aria-hidden=\"true\" role=\"presentation\" class=\"field_required\" style=\"color:#ee0000;\">*<\/span><\/label>\r\n\t<div class=\"\">\r\n\t\t<input   required type=\"text\" data-field=\"fld_8768091\" class=\" form-control\" id=\"fld_8768091_3\" name=\"fld_8768091\" value=\"\" data-type=\"text\" aria-required=\"true\"   aria-labelledby=\"fld_8768091Label\" >\t\t\t<\/div>\r\n<\/div>\r\n<\/script>\r\n\r\n<script type=\"text\/html\" id=\"conditional-fld_6009157_3-tmpl\">\r\n<div data-field-wrapper=\"fld_6009157\" class=\"form-group\" id=\"fld_6009157_3-wrap\">\r\n\t<label id=\"fld_6009157Label\" for=\"fld_6009157_3\" class=\"control-label\">Az \u00d6n e-mail c\u00edme <span aria-hidden=\"true\" role=\"presentation\" class=\"field_required\" style=\"color:#ee0000;\">*<\/span><\/label>\r\n\t<div class=\"\">\r\n\t\t<input   required type=\"email\" data-field=\"fld_6009157\" class=\" form-control\" id=\"fld_6009157_3\" name=\"fld_6009157\" value=\"\" data-type=\"email\" aria-required=\"true\"   aria-labelledby=\"fld_6009157Label\" >\t\t\t<\/div>\r\n<\/div>\r\n<\/script>\r\n\r\n<script type=\"text\/html\" id=\"conditional-fld_6975750_3-tmpl\">\r\n<div data-field-wrapper=\"fld_6975750\" class=\"form-group\" id=\"fld_6975750_3-wrap\">\r\n\t<label id=\"fld_6975750Label\" for=\"fld_6975750_3\" class=\"control-label\">Az \u00d6n telefonsz\u00e1ma<\/label>\r\n\t<div class=\"\">\r\n\t\t<input    type=\"tel\" data-field=\"fld_6975750\" class=\" form-control\" id=\"fld_6975750_3\" name=\"fld_6975750\" value=\"\" data-type=\"phone_better\"   aria-labelledby=\"fld_6975750Label\" >\t\t\t<\/div>\r\n<\/div>\r\n<\/script>\r\n\n\n\t\t<\/div>\n\t\t\t\t\t<\/div>\n\n\t\n<\/div>\n\t\t<\/div>\n\n\t\t\n<style>\n#section_366237770 {\n  padding-top: 30px;\n  padding-bottom: 30px;\n}\n<\/style>\n\t<\/section>","protected":false},"excerpt":{"rendered":"","protected":false},"author":1,"featured_media":0,"parent":0,"menu_order":0,"comment_status":"closed","ping_status":"closed","template":"","meta":{"footnotes":""},"class_list":["post-4593","page","type-page","status-publish","hentry"],"_links":{"self":[{"href":"https:\/\/bud-legal.hu\/de\/wp-json\/wp\/v2\/pages\/4593","targetHints":{"allow":["GET"]}}],"collection":[{"href":"https:\/\/bud-legal.hu\/de\/wp-json\/wp\/v2\/pages"}],"about":[{"href":"https:\/\/bud-legal.hu\/de\/wp-json\/wp\/v2\/types\/page"}],"author":[{"embeddable":true,"href":"https:\/\/bud-legal.hu\/de\/wp-json\/wp\/v2\/users\/1"}],"replies":[{"embeddable":true,"href":"https:\/\/bud-legal.hu\/de\/wp-json\/wp\/v2\/comments?post=4593"}],"version-history":[{"count":4,"href":"https:\/\/bud-legal.hu\/de\/wp-json\/wp\/v2\/pages\/4593\/revisions"}],"predecessor-version":[{"id":4609,"href":"https:\/\/bud-legal.hu\/de\/wp-json\/wp\/v2\/pages\/4593\/revisions\/4609"}],"wp:attachment":[{"href":"https:\/\/bud-legal.hu\/de\/wp-json\/wp\/v2\/media?parent=4593"}],"curies":[{"name":"wp","href":"https:\/\/api.w.org\/{rel}","templated":true}]}}