{"id":3846,"date":"2018-06-06T09:29:14","date_gmt":"2018-06-06T09:29:14","guid":{"rendered":"http:\/\/bud-legal.hu\/?page_id=3846"},"modified":"2026-01-11T11:52:50","modified_gmt":"2026-01-11T10:52:50","slug":"tarsadalmi-szerepvallalas-csr","status":"publish","type":"page","link":"https:\/\/bud-legal.hu\/de\/tarsadalmi-szerepvallalas-csr\/","title":{"rendered":"Soziales Engagement (CSR)"},"content":{"rendered":"<section class=\"section\" id=\"section_1400060977\">\n\t\t<div class=\"section-bg fill\" >\n\t\t\t\t\t\t\t\t\t\n\t\t\t\n\n\t\t<\/div>\n\n\t\t\n\n\t\t<div class=\"section-content relative\">\n\t\t\t\n<div class=\"row\"  id=\"row-1783099655\">\n\n\t<div id=\"col-1676914936\" class=\"col small-12 large-12\"  >\n\t\t\t\t<div class=\"col-inner\"  >\n\t\t\t\n\t\t\t\n<p>Im Beruf ist eine qualitativ hochwertige, schnelle und transparente Rechtsberatung wesentlich f\u00fcr nationale und internationale mittlere und gro\u00dfe Unternehmen.<\/p>\n<p>Ebenso von Bedeutung ist soziales Engangement, das derzeit in drei Bereichen vorhanden ist.<\/p>\n\t\t<\/div>\n\t\t\t\t\t<\/div>\n\n\t\n<\/div>\n<div class=\"row\"  id=\"row-1588760101\">\n\n\t<div id=\"col-2040797741\" class=\"col small-12 large-12\"  >\n\t\t\t\t<div class=\"col-inner\"  >\n\t\t\t\n\t\t\t\n<h2>budlegal ist seit 2017 Teil der Initiative f\u00fcr eine unternehmerische Unternehmenskultur<\/h2>\n\t\t<\/div>\n\t\t\t\t\t<\/div>\n\n\t\n<\/div>\n<div class=\"row\"  id=\"row-978147596\">\n\n\t<div id=\"col-2044127242\" class=\"col medium-4 large-4\"  >\n\t\t\t\t<div class=\"col-inner text-center\"  >\n\t\t\t\n\t\t\t\n\t<div class=\"img has-hover x md-x lg-x y md-y lg-y\" id=\"image_2065976325\">\n\t\t\t\t\t\t\t\t<div class=\"img-inner dark\" >\n\t\t\t\t\t\t\t\t\t\n\t\t\t\t\t<\/div>\n\t\t\t\t\t\t\t\t\n<style>\n#image_2065976325 {\n  width: 90%;\n}\n<\/style>\n\t<\/div>\n\t\n\t\t<\/div>\n\t\t\t\t\t<\/div>\n\n\t\n\n\t<div id=\"col-1819350390\" class=\"col medium-8 large-8\"  >\n\t\t\t\t<div class=\"col-inner\"  >\n\t\t\t\n\t\t\t\n<p>Die Initiative f\u00fcr eine unternehmerische Unternehmenskultur vereint und bildet eine Gemeinschaft von Unternehmen, die Leistung und Wertsch\u00f6pfung als den wahren Ma\u00dfstab ihrer Gesch\u00e4ftst\u00e4tigkeit betrachten und sich dar\u00fcber einig sind, dass der Wettbewerb auf dem Markt sie genauso entwickelt wie Win-Win-Gesch\u00e4ftskooperationen. Die Basis unserer positiven Einstellung ist das erworbene Wissen und der st\u00e4ndige Wille zur Verbesserung. Wir sind fest \u00fcberzeugt, dass unsere Leistung als Referenz f\u00fcr andere Unternehmen dienen und dazu beitragen kann, Ungarn zu einem besser funktionierenden, wettbewerbsf\u00e4higeren Land und einem noch besseren Ort zu machen.<\/p>\n\t\t<\/div>\n\t\t\t\t\t<\/div>\n\n\t\n<\/div>\n<div class=\"row\"  id=\"row-714601554\">\n\n\t<div id=\"col-821517800\" class=\"col small-12 large-12\"  >\n\t\t\t\t<div class=\"col-inner\"  >\n\t\t\t\n\t\t\t\n<h2>Kostenlose Rechtsberatung und Beitr\u00e4ge<\/h2>\n\t\t<\/div>\n\t\t\t\t\t<\/div>\n\n\t\n<\/div>\n<div class=\"row\"  id=\"row-1931158735\">\n\n\t<div id=\"col-308467403\" class=\"col medium-6 small-12 large-6\"  >\n\t\t\t\t<div class=\"col-inner\"  >\n\t\t\t\n\t\t\t\n<p>Es ist uns wichtig, Fachkenntnisse und St\u00e4rken unseres Teams auf Aktivit\u00e4ten zu lenken, die der Verwirklichung gesellschaftlicher Ziele sowie der Unterst\u00fctzung benachteiligter Personen und Gruppen dienen.<\/p>\n<p>Deshalb greifen wir diversen Organisationen, Stiftungen und privaten Organisationen mit kostenloser Beratung unter die Arme. Wir sind stolz, seit einigen Jahren mit dem Ersten Deutschsprachigen Lions Club THOMAS MANN in Budapest und der ans\u00e4ssigen Krankenhausschule zusammenzuarbeiten.<\/p>\n<p>Dar\u00fcber hinaus unterst\u00fctzen wir die Ungarisch-Deutsche Juristenvereinigung.<\/p>\n<p>Wir helfen kranken und benachteiligten Kindern, indem wir uns im Gesundheitswesen mit regelm\u00e4\u00dfiger finanzieller Unterst\u00fctzung engagieren.<\/p>\n\t\t<\/div>\n\t\t\t\t\t<\/div>\n\n\t\n\n\t<div id=\"col-1318538506\" class=\"col medium-6 small-12 large-6\"  >\n\t\t\t\t<div class=\"col-inner\"  >\n\t\t\t\n\t\t\t\n<div class=\"row\"  id=\"row-774438926\">\n\n\t<div id=\"col-1982903002\" class=\"col small-12 large-12\"  >\n\t\t\t\t<div class=\"col-inner\"  >\n\t\t\t\n\t\t\t\n\t<div class=\"img has-hover x md-x lg-x y md-y lg-y\" id=\"image_421332480\">\n\t\t\t\t\t\t\t\t<div class=\"img-inner dark\" >\n\t\t\t<img loading=\"lazy\" decoding=\"async\" width=\"291\" height=\"80\" src=\"https:\/\/bud-legal.hu\/wp-content\/uploads\/2018\/06\/korhaz-suli-logo80.jpg\" class=\"attachment-large size-large\" alt=\"K\u00f3rh\u00e1zSuli\" title=\"K\u00f3rh\u00e1zSuli\" \/>\t\t\t\t\t\t\n\t\t\t\t\t<\/div>\n\t\t\t\t\t\t\t\t\n<style>\n#image_421332480 {\n  width: 100%;\n}\n<\/style>\n\t<\/div>\n\t\n\t\t<\/div>\n\t\t\t\t\t<\/div>\n\n\t\n<\/div>\n<div class=\"row\"  id=\"row-1000088190\">\n\n\t<div id=\"col-782080826\" class=\"col small-12 large-12\"  >\n\t\t\t\t<div class=\"col-inner text-center\"  >\n\t\t\t\n\t\t\t\n\t<div class=\"img has-hover x md-x lg-x y md-y lg-y\" id=\"image_1948894597\">\n\t\t\t\t\t\t\t\t<div class=\"img-inner dark\" >\n\t\t\t<img loading=\"lazy\" decoding=\"async\" width=\"265\" height=\"280\" src=\"https:\/\/bud-legal.hu\/wp-content\/uploads\/2018\/05\/lions-klub-budapest-265x280-1.jpg\" class=\"attachment-medium size-medium\" alt=\"Deutchsprache Lions Club Budapest\" title=\"Deutchsprache Lions Club Budapest\" \/>\t\t\t\t\t\t\n\t\t\t\t\t<\/div>\n\t\t\t\t\t\t\t\t\n<style>\n#image_1948894597 {\n  width: 60%;\n}\n<\/style>\n\t<\/div>\n\t\n\t\t<\/div>\n\t\t\t\t\t<\/div>\n\n\t\n<\/div>\n\t\t<\/div>\n\t\t\t\t\t<\/div>\n\n\t\n<\/div>\n<div class=\"row\"  id=\"row-1525155531\">\n\n\t<div id=\"col-1372358151\" class=\"col small-12 large-12\"  >\n\t\t\t\t<div class=\"col-inner\"  >\n\t\t\t\n\t\t\t\n<h2>Zusammenarbeit mit Rechtsschutzversicherungen<\/h2>\n<p>Wir arbeiten mit zahlreichen deutschen Rechtsschutzversicherungen zusammen, au\u00dferdem mit der von der DAHAG angebotenen Anwaltshotline.<\/p>\n\t\t<\/div>\n\t\t\t\t\t<\/div>\n\n\t\n<\/div>\n<div class=\"row\"  id=\"row-591678134\">\n\n\t<div id=\"col-190149802\" class=\"col small-12 large-12\"  >\n\t\t\t\t<div class=\"col-inner\"  >\n\t\t\t\n\t\t\t\n<h2>Wir unterst\u00fctzen die pers\u00f6nliche und berufliche Entwicklung unsere Mitarbeiter<\/h2>\n<p>Wir w\u00fcrdigen, dass unsere Kollegen ihre Entwicklungspfade eigenen Interesse nach w\u00e4hlen und so in verschiedensten Bereiche lernen, erfahren und praktizieren k\u00f6nnen. Unsere Rechtsanwaltsanw\u00e4rter haben Berufsreisen unternommen und Berufspraktika absolviert, besuchen Sprachkurse und nehmen an professionellen, rechtlichen, finanziellen und an Marketingkonferenzen teil. Dies ist uns sehr wichtig. Unser B\u00fcro ist zudem so gestaltet, dass anstrengende Arbeitstage in einer modernen, unterhaltsamen und gesunden Umgebung verbracht werden k\u00f6nnen.<\/p>\n\t\t<\/div>\n\t\t\t\t\t<\/div>\n\n\t\n<\/div>\n\t\t<\/div>\n\n\t\t\n<style>\n#section_1400060977 {\n  padding-top: 30px;\n  padding-bottom: 30px;\n}\n<\/style>\n\t<\/section>","protected":false},"excerpt":{"rendered":"","protected":false},"author":1,"featured_media":0,"parent":0,"menu_order":0,"comment_status":"closed","ping_status":"closed","template":"","meta":{"footnotes":""},"class_list":["post-3846","page","type-page","status-publish","hentry"],"_links":{"self":[{"href":"https:\/\/bud-legal.hu\/de\/wp-json\/wp\/v2\/pages\/3846","targetHints":{"allow":["GET"]}}],"collection":[{"href":"https:\/\/bud-legal.hu\/de\/wp-json\/wp\/v2\/pages"}],"about":[{"href":"https:\/\/bud-legal.hu\/de\/wp-json\/wp\/v2\/types\/page"}],"author":[{"embeddable":true,"href":"https:\/\/bud-legal.hu\/de\/wp-json\/wp\/v2\/users\/1"}],"replies":[{"embeddable":true,"href":"https:\/\/bud-legal.hu\/de\/wp-json\/wp\/v2\/comments?post=3846"}],"version-history":[{"count":4,"href":"https:\/\/bud-legal.hu\/de\/wp-json\/wp\/v2\/pages\/3846\/revisions"}],"predecessor-version":[{"id":5776,"href":"https:\/\/bud-legal.hu\/de\/wp-json\/wp\/v2\/pages\/3846\/revisions\/5776"}],"wp:attachment":[{"href":"https:\/\/bud-legal.hu\/de\/wp-json\/wp\/v2\/media?parent=3846"}],"curies":[{"name":"wp","href":"https:\/\/api.w.org\/{rel}","templated":true}]}}