{"id":3755,"date":"2018-06-04T14:42:55","date_gmt":"2018-06-04T14:42:55","guid":{"rendered":"http:\/\/bud-legal.hu\/?page_id=3755"},"modified":"2023-04-11T14:35:14","modified_gmt":"2023-04-11T14:35:14","slug":"rolunk-old","status":"publish","type":"page","link":"https:\/\/bud-legal.hu\/de\/rolunk-old\/","title":{"rendered":"\u00dcber Uns"},"content":{"rendered":"<div class=\"row\"  id=\"row-892971715\">\n\n\t<div id=\"col-1535455048\" class=\"col large-12\"  >\n\t\t\t\t<div class=\"col-inner\"  >\n\t\t\t\n\t\t\t\n<p class=\"lead\" style=\"text-align: justify;\">Die Anwaltssoziet\u00e4t budlegal befasst sich in erster Linie mit Angelegenheiten im Bereich des Wirtschaftsrechts und des b\u00fcrgerlichen Rechts. Wir bieten umfassende rechtliche Dienstleistungen und beraten gerne Ihre ungarischen und internationalen Gesch\u00e4ftskunden.<\/p>\n<p class=\"lead\" style=\"text-align: justify;\">Seit mehr als 15 Jahren ist budlegal im internationalen Business vertreten und steht f\u00fcr niveauvolle, schnelle und transparente Rechtsberatung. Wir legen gro\u00dfen Wert auf Gr\u00fcndlichkeit und auf sichere Abwicklung aller Rechtsgesch\u00e4fte.<\/p>\n<p class=\"lead\" style=\"text-align: center;\"><strong>Wir bieten rechtliche und gesch\u00e4ftliche L\u00f6sungen; transparent und entlastend.<\/strong><\/p>\n<p class=\"lead\">Unsere unabh\u00e4ngige Anwaltskanzlei pflegt internationale Beziehungen zu etlichen europ\u00e4ischen Anwaltskanzleien. Wir sind behilflich bei der Abwicklung von ungarischen und l\u00e4nder\u00fcbergreifenden Gesch\u00e4ften.<\/p>\n<p class=\"lead\">Budlegal setzt sich zum einen f\u00fcr ausl\u00e4ndische Kunden ein, die Interesse haben an der ungarischen Marktsituation und die in dieser Hinsicht fachkundige rechtliche Dienstleistungen brauchen, und zum anderen f\u00fcr ungarische Mittel- und Gro\u00df-Unternehmen mit multinationaler Gesch\u00e4ftsf\u00fchrung oder internationalem Kundenkreis.<\/p>\n<p class=\"lead\">Als Mitgliedskanzlei von IR Global (<a href=\"https:\/\/irglobal.com\/\" target=\"_blank\" rel=\"noopener noreferrer\">https:\/\/irglobal.com\/<\/a>) unterst\u00fctzen wir die Gesch\u00e4fte unserer Kunden in nahezu allen L\u00e4ndern der Welt. IR Global ist ein internationales fachliches Kooperationsnetz, das in \u00fcber 155 L\u00e4ndern vertreten ist und Personen und Unternehmen ber\u00e4t. Unsere Kooperation erlaubt besondere Einsichten in internationale Trends und vermittelt uns Ausk\u00fcnfte aus erster Hand \u00fcber praktische, rechtliche und finanzielle L\u00f6sungen.<\/p>\n<p class=\"lead\">Wir sind Mitglied der <strong>Deutsch-Ungarischen Industrie- und Handelskammer<\/strong> und der <strong>Handelskammer Schweiz-Ungarn<\/strong>.<\/p>\n<p class=\"lead\">Die Deutsche und die Schweizer Botschaft in Budapest verzeichnen auch budlegal zwischen den empfehlenswerten Anwaltskanzleien.<\/p>\n<p class=\"lead\">Wir arbeiten eng zusammen mit kompetenten Buchhaltern und Steuerberatern.<\/p>\n<h3>Wir haben Referenzen aus den folgenden Branchen:<\/h3>\n\t\t<\/div>\n\t\t\t\t\t<\/div>\n\n\t\n<\/div>\n<div class=\"row\"  id=\"row-573550784\">\n\n\t<div id=\"col-231291076\" class=\"col medium-3 large-3\"  >\n\t\t\t\t<div class=\"col-inner\"  >\n\t\t\t\n\t\t\t\n\n\t\t<div class=\"icon-box featured-box icon-box-center text-center\"  >\n\t\t\t\t\t<div class=\"icon-box-img\" style=\"width: 100px\">\n\t\t\t\t<div class=\"icon\">\n\t\t\t\t\t<div class=\"icon-inner\" >\n\t\t\t\t\t\t<img decoding=\"async\" src=\"http:\/\/bud-legal.hu\/wp-content\/uploads\/2018\/06\/fuvarozas-logisztika.png\" alt=\"Transport &amp; Logistik\"\/>\t\t\t\t\t<\/div>\n\t\t\t\t<\/div>\n\t\t\t<\/div>\n\t\t\t\t<div class=\"icon-box-text last-reset\">\n\t\t\t<h5 class=\"uppercase\">Transport &amp; Logistik<\/h5>\t\t\t\t\t\t\n\t\t<\/div>\n\t<\/div>\n\t\n\t\n\t\t<\/div>\n\t\t\t\t\t<\/div>\n\n\t\n\n\t<div id=\"col-1528128259\" class=\"col medium-3 large-3\"  >\n\t\t\t\t<div class=\"col-inner\"  >\n\t\t\t\n\t\t\t\n\n\t\t<div class=\"icon-box featured-box icon-box-center text-center\"  >\n\t\t\t\t\t<div class=\"icon-box-img\" style=\"width: 100px\">\n\t\t\t\t<div class=\"icon\">\n\t\t\t\t\t<div class=\"icon-inner\" >\n\t\t\t\t\t\t<img decoding=\"async\" src=\"http:\/\/bud-legal.hu\/wp-content\/uploads\/2018\/06\/automotive.png\" alt=\"Automobilindustrie\"\/>\t\t\t\t\t<\/div>\n\t\t\t\t<\/div>\n\t\t\t<\/div>\n\t\t\t\t<div class=\"icon-box-text last-reset\">\n\t\t\t<h5 class=\"uppercase\">Automobilindustrie<\/h5>\t\t\t\t\t\t\n\t\t<\/div>\n\t<\/div>\n\t\n\t\n\t\t<\/div>\n\t\t\t\t\t<\/div>\n\n\t\n\n\t<div id=\"col-223186128\" class=\"col medium-3 large-3\"  >\n\t\t\t\t<div class=\"col-inner\"  >\n\t\t\t\n\t\t\t\n\n\t\t<div class=\"icon-box featured-box icon-box-center text-center\"  >\n\t\t\t\t\t<div class=\"icon-box-img\" style=\"width: 100px\">\n\t\t\t\t<div class=\"icon\">\n\t\t\t\t\t<div class=\"icon-inner\" >\n\t\t\t\t\t\t<img decoding=\"async\" src=\"http:\/\/bud-legal.hu\/wp-content\/uploads\/2018\/06\/epitoipar-ingatlanfejlesztes.png\" alt=\"Bauindustrie, Immobilienentwicklung\"\/>\t\t\t\t\t<\/div>\n\t\t\t\t<\/div>\n\t\t\t<\/div>\n\t\t\t\t<div class=\"icon-box-text last-reset\">\n\t\t\t<h5 class=\"uppercase\">Bauindustrie, Immobilienentwicklung<\/h5>\t\t\t\t\t\t\n\t\t<\/div>\n\t<\/div>\n\t\n\t\n\t\t<\/div>\n\t\t\t\t\t<\/div>\n\n\t\n\n\t<div id=\"col-1895882546\" class=\"col medium-3 large-3\"  >\n\t\t\t\t<div class=\"col-inner\"  >\n\t\t\t\n\t\t\t\n\n\t\t<div class=\"icon-box featured-box icon-box-center text-center\"  >\n\t\t\t\t\t<div class=\"icon-box-img\" style=\"width: 100px\">\n\t\t\t\t<div class=\"icon\">\n\t\t\t\t\t<div class=\"icon-inner\" >\n\t\t\t\t\t\t<img decoding=\"async\" src=\"http:\/\/bud-legal.hu\/wp-content\/uploads\/2018\/06\/ingatlan-uemeltetes.png\" alt=\"Immobilienbetrieb\"\/>\t\t\t\t\t<\/div>\n\t\t\t\t<\/div>\n\t\t\t<\/div>\n\t\t\t\t<div class=\"icon-box-text last-reset\">\n\t\t\t<h5 class=\"uppercase\">Immobilienbetrieb<\/h5>\t\t\t\t\t\t\n\t\t<\/div>\n\t<\/div>\n\t\n\t\n\t\t<\/div>\n\t\t\t\t\t<\/div>\n\n\t\n<\/div>\n<div class=\"row\"  id=\"row-1918414847\">\n\n\t<div id=\"col-512602714\" class=\"col medium-3 large-3\"  >\n\t\t\t\t<div class=\"col-inner\"  >\n\t\t\t\n\t\t\t\n\n\t\t<div class=\"icon-box featured-box icon-box-center text-center\"  >\n\t\t\t\t\t<div class=\"icon-box-img\" style=\"width: 100px\">\n\t\t\t\t<div class=\"icon\">\n\t\t\t\t\t<div class=\"icon-inner\" >\n\t\t\t\t\t\t<img decoding=\"async\" src=\"http:\/\/bud-legal.hu\/wp-content\/uploads\/2018\/06\/penzugyi-szolgaltatasok.png\" alt=\"Finanzielle Dienstleistungen\"\/>\t\t\t\t\t<\/div>\n\t\t\t\t<\/div>\n\t\t\t<\/div>\n\t\t\t\t<div class=\"icon-box-text last-reset\">\n\t\t\t<h5 class=\"uppercase\">Finanzielle Dienstleistungen<\/h5>\t\t\t\t\t\t\n\t\t<\/div>\n\t<\/div>\n\t\n\t\n\t\t<\/div>\n\t\t\t\t\t<\/div>\n\n\t\n\n\t<div id=\"col-917500897\" class=\"col medium-3 large-3\"  >\n\t\t\t\t<div class=\"col-inner\"  >\n\t\t\t\n\t\t\t\n\n\t\t<div class=\"icon-box featured-box icon-box-center text-center\"  >\n\t\t\t\t\t<div class=\"icon-box-img\" style=\"width: 100px\">\n\t\t\t\t<div class=\"icon\">\n\t\t\t\t\t<div class=\"icon-inner\" >\n\t\t\t\t\t\t<img decoding=\"async\" src=\"http:\/\/bud-legal.hu\/wp-content\/uploads\/2018\/06\/elelmiszer-kereskedelem.png\" alt=\"Lebensmittelhandel &amp; Agri\"\/>\t\t\t\t\t<\/div>\n\t\t\t\t<\/div>\n\t\t\t<\/div>\n\t\t\t\t<div class=\"icon-box-text last-reset\">\n\t\t\t<h5 class=\"uppercase\">Lebensmittelhandel &amp; Agri<\/h5>\t\t\t\t\t\t\n\t\t<\/div>\n\t<\/div>\n\t\n\t\n\t\t<\/div>\n\t\t\t\t\t<\/div>\n\n\t\n\n\t<div id=\"col-1706284414\" class=\"col medium-3 large-3\"  >\n\t\t\t\t<div class=\"col-inner\"  >\n\t\t\t\n\t\t\t\n\n\t\t<div class=\"icon-box featured-box icon-box-center text-center\"  >\n\t\t\t\t\t<div class=\"icon-box-img\" style=\"width: 100px\">\n\t\t\t\t<div class=\"icon\">\n\t\t\t\t\t<div class=\"icon-inner\" >\n\t\t\t\t\t\t<img decoding=\"async\" src=\"http:\/\/bud-legal.hu\/wp-content\/uploads\/2018\/06\/szorakoztatoipar.png\" alt=\"Unterhaltungsindustrie\"\/>\t\t\t\t\t<\/div>\n\t\t\t\t<\/div>\n\t\t\t<\/div>\n\t\t\t\t<div class=\"icon-box-text last-reset\">\n\t\t\t<h5 class=\"uppercase\">Unterhaltungsindustrie<\/h5>\t\t\t\t\t\t\n\t\t<\/div>\n\t<\/div>\n\t\n\t\n\t\t<\/div>\n\t\t\t\t\t<\/div>\n\n\t\n\n\t<div id=\"col-1639419130\" class=\"col medium-3 large-3\"  >\n\t\t\t\t<div class=\"col-inner\"  >\n\t\t\t\n\t\t\t\n\n\t\t<div class=\"icon-box featured-box icon-box-center text-center\"  >\n\t\t\t\t\t<div class=\"icon-box-img\" style=\"width: 100px\">\n\t\t\t\t<div class=\"icon\">\n\t\t\t\t\t<div class=\"icon-inner\" >\n\t\t\t\t\t\t<img decoding=\"async\" src=\"http:\/\/bud-legal.hu\/wp-content\/uploads\/2018\/06\/klasszikus-kereskedelem.png\" alt=\"FMCG, klassischer HandelFMCG\"\/>\t\t\t\t\t<\/div>\n\t\t\t\t<\/div>\n\t\t\t<\/div>\n\t\t\t\t<div class=\"icon-box-text last-reset\">\n\t\t\t<h5 class=\"uppercase\">FMCG, klassischer HandelFMCG<\/h5>\t\t\t\t\t\t\n\t\t<\/div>\n\t<\/div>\n\t\n\t\n\t\t<\/div>\n\t\t\t\t\t<\/div>\n\n\t\n<\/div>\n\t<div id=\"gap-1980281215\" class=\"gap-element clearfix\" style=\"display:block; height:auto;\">\n\t\t\n<style>\n#gap-1980281215 {\n  padding-top: 60px;\n}\n<\/style>\n\t<\/div>\n\t\n<div class=\"slider-wrapper relative\" id=\"slider-1872184940\" >\n    <div class=\"slider slider-nav-circle slider-nav-large slider-nav-light slider-style-normal\"\n        data-flickity-options='{\n            \"cellAlign\": \"center\",\n            \"imagesLoaded\": true,\n            \"lazyLoad\": 1,\n            \"freeScroll\": false,\n            \"wrapAround\": true,\n            \"autoPlay\": 6000,\n            \"pauseAutoPlayOnHover\" : true,\n            \"prevNextButtons\": true,\n            \"contain\" : true,\n            \"adaptiveHeight\" : true,\n            \"dragThreshold\" : 10,\n            \"percentPosition\": true,\n            \"pageDots\": true,\n            \"rightToLeft\": false,\n            \"draggable\": true,\n            \"selectedAttraction\": 0.1,\n            \"parallax\" : 0,\n            \"friction\": 0.6        }'\n        >\n        \n  <div class=\"banner-grid-wrapper\">\n  <div id=\"banner-grid-1716950839\" class=\"banner-grid row row-grid row-small\" data-packery-options=\"\">\n                      \n<div class=\"col grid-col large-9 grid-col-1\" ><div class=\"col-inner\">\n\t<div class=\"img has-hover x md-x lg-x y md-y lg-y\" id=\"image_807825679\">\n\t\t\t\t\t\t\t\t<div class=\"img-inner dark\" >\n\t\t\t<img loading=\"lazy\" decoding=\"async\" width=\"1020\" height=\"765\" src=\"https:\/\/bud-legal.hu\/wp-content\/uploads\/2022\/09\/IMG_3640-1600x1200.jpeg\" class=\"attachment-large size-large\" alt=\"\" srcset=\"https:\/\/bud-legal.hu\/wp-content\/uploads\/2022\/09\/IMG_3640-1600x1200.jpeg 1600w, https:\/\/bud-legal.hu\/wp-content\/uploads\/2022\/09\/IMG_3640-800x600.jpeg 800w, https:\/\/bud-legal.hu\/wp-content\/uploads\/2022\/09\/IMG_3640-768x576.jpeg 768w, https:\/\/bud-legal.hu\/wp-content\/uploads\/2022\/09\/IMG_3640-1536x1152.jpeg 1536w, https:\/\/bud-legal.hu\/wp-content\/uploads\/2022\/09\/IMG_3640.jpeg 2048w\" sizes=\"auto, (max-width: 1020px) 100vw, 1020px\" title=\"IMG_3640\" \/>\t\t\t\t\t\t\n\t\t\t\t\t<\/div>\n\t\t\t\t\t\t\t\t\n<style>\n#image_807825679 {\n  width: 100%;\n}\n<\/style>\n\t<\/div>\n\t\n<\/div><\/div>\n<div class=\"col grid-col large-3 grid-col-1-2\" ><div class=\"col-inner\">\n\t<div class=\"img has-hover x md-x lg-x y md-y lg-y\" id=\"image_1734409944\">\n\t\t\t\t\t\t\t\t<div class=\"img-inner dark\" >\n\t\t\t<img loading=\"lazy\" decoding=\"async\" width=\"850\" height=\"1280\" src=\"https:\/\/bud-legal.hu\/wp-content\/uploads\/2022\/09\/BUD_print_07-Nagy.jpeg\" class=\"attachment-large size-large\" alt=\"\" srcset=\"https:\/\/bud-legal.hu\/wp-content\/uploads\/2022\/09\/BUD_print_07-Nagy.jpeg 850w, https:\/\/bud-legal.hu\/wp-content\/uploads\/2022\/09\/BUD_print_07-Nagy-531x800.jpeg 531w, https:\/\/bud-legal.hu\/wp-content\/uploads\/2022\/09\/BUD_print_07-Nagy-768x1157.jpeg 768w\" sizes=\"auto, (max-width: 850px) 100vw, 850px\" title=\"BUD_print_07 Nagy\" \/>\t\t\t\t\t\t\n\t\t\t\t\t<\/div>\n\t\t\t\t\t\t\t\t\n<style>\n#image_1734409944 {\n  width: 100%;\n}\n<\/style>\n\t<\/div>\n\t\n<\/div><\/div>\n<div class=\"col grid-col large-3 grid-col-1-2\" ><div class=\"col-inner\">\n\t<div class=\"img has-hover x md-x lg-x y md-y lg-y\" id=\"image_1662771672\">\n\t\t\t\t\t\t\t\t<div class=\"img-inner dark\" >\n\t\t\t<img loading=\"lazy\" decoding=\"async\" width=\"1020\" height=\"681\" src=\"https:\/\/bud-legal.hu\/wp-content\/uploads\/2022\/09\/VAS_8967-Nagy.jpeg\" class=\"attachment-large size-large\" alt=\"\" srcset=\"https:\/\/bud-legal.hu\/wp-content\/uploads\/2022\/09\/VAS_8967-Nagy.jpeg 1280w, https:\/\/bud-legal.hu\/wp-content\/uploads\/2022\/09\/VAS_8967-Nagy-800x534.jpeg 800w, https:\/\/bud-legal.hu\/wp-content\/uploads\/2022\/09\/VAS_8967-Nagy-768x513.jpeg 768w\" sizes=\"auto, (max-width: 1020px) 100vw, 1020px\" title=\"VAS_8967 Nagy\" \/>\t\t\t\t\t\t\n\t\t\t\t\t<\/div>\n\t\t\t\t\t\t\t\t\n<style>\n#image_1662771672 {\n  width: 100%;\n}\n<\/style>\n\t<\/div>\n\t\n<\/div><\/div>\n            <\/div>\n    <style>\n    #banner-grid-1716950839 .grid-col-1{height: 600px}\n    #banner-grid-1716950839 .grid-col-1-2{height: 300px}\n    #banner-grid-1716950839 .grid-col-1-3{height:200px}\n    #banner-grid-1716950839 .grid-col-2-3{height: 400px}\n    #banner-grid-1716950839 .grid-col-1-4{height: 150px}\n    #banner-grid-1716950839 .grid-col-3-4{height: 450px}\n\n\n    \n    \n\n  <\/style>\n    <\/div>\n  \n  <div class=\"banner-grid-wrapper\">\n  <div id=\"banner-grid-1394241349\" class=\"banner-grid row row-grid row-small\" data-packery-options=\"\">\n                      \n<div class=\"col grid-col large-12 grid-col-2-3\" ><div class=\"col-inner\">\n\t<div class=\"img has-hover x md-x lg-x y md-y lg-y\" id=\"image_630885624\">\n\t\t\t\t\t\t\t\t<div class=\"img-inner dark\" >\n\t\t\t<img loading=\"lazy\" decoding=\"async\" width=\"1020\" height=\"765\" src=\"https:\/\/bud-legal.hu\/wp-content\/uploads\/2022\/09\/IMG_4624-1600x1200.jpeg\" class=\"attachment-large size-large\" alt=\"\" srcset=\"https:\/\/bud-legal.hu\/wp-content\/uploads\/2022\/09\/IMG_4624-1600x1200.jpeg 1600w, https:\/\/bud-legal.hu\/wp-content\/uploads\/2022\/09\/IMG_4624-800x600.jpeg 800w, https:\/\/bud-legal.hu\/wp-content\/uploads\/2022\/09\/IMG_4624-768x576.jpeg 768w, https:\/\/bud-legal.hu\/wp-content\/uploads\/2022\/09\/IMG_4624-1536x1152.jpeg 1536w, https:\/\/bud-legal.hu\/wp-content\/uploads\/2022\/09\/IMG_4624.jpeg 2048w\" sizes=\"auto, (max-width: 1020px) 100vw, 1020px\" title=\"IMG_4624\" \/>\t\t\t\t\t\t\n\t\t\t\t\t<\/div>\n\t\t\t\t\t\t\t\t\n<style>\n#image_630885624 {\n  width: 100%;\n}\n<\/style>\n\t<\/div>\n\t\n<\/div><\/div>\n<div class=\"col grid-col large-4 grid-col-1-3\" ><div class=\"col-inner\">\n\t<div class=\"img has-hover x md-x lg-x y md-y lg-y\" id=\"image_440427845\">\n\t\t\t\t\t\t\t\t<div class=\"img-inner dark\" >\n\t\t\t<img loading=\"lazy\" decoding=\"async\" width=\"1020\" height=\"683\" src=\"https:\/\/bud-legal.hu\/wp-content\/uploads\/2022\/09\/Budapest_1.jpg\" class=\"attachment-large size-large\" alt=\"\" srcset=\"https:\/\/bud-legal.hu\/wp-content\/uploads\/2022\/09\/Budapest_1.jpg 1280w, https:\/\/bud-legal.hu\/wp-content\/uploads\/2022\/09\/Budapest_1-800x536.jpg 800w, https:\/\/bud-legal.hu\/wp-content\/uploads\/2022\/09\/Budapest_1-768x514.jpg 768w\" sizes=\"auto, (max-width: 1020px) 100vw, 1020px\" title=\"Budapest_1\" \/>\t\t\t\t\t\t\n\t\t\t\t\t<\/div>\n\t\t\t\t\t\t\t\t\n<style>\n#image_440427845 {\n  width: 100%;\n}\n<\/style>\n\t<\/div>\n\t\n<\/div><\/div>\n<div class=\"col grid-col large-4 grid-col-1-3\" ><div class=\"col-inner\">\n\t<div class=\"img has-hover x md-x lg-x y md-y lg-y\" id=\"image_536759870\">\n\t\t\t\t\t\t\t\t<div class=\"img-inner dark\" >\n\t\t\t<img loading=\"lazy\" decoding=\"async\" width=\"1020\" height=\"574\" src=\"https:\/\/bud-legal.hu\/wp-content\/uploads\/2022\/09\/2-Nagy.jpeg\" class=\"attachment-large size-large\" alt=\"\" srcset=\"https:\/\/bud-legal.hu\/wp-content\/uploads\/2022\/09\/2-Nagy.jpeg 1280w, https:\/\/bud-legal.hu\/wp-content\/uploads\/2022\/09\/2-Nagy-800x450.jpeg 800w, https:\/\/bud-legal.hu\/wp-content\/uploads\/2022\/09\/2-Nagy-768x432.jpeg 768w\" sizes=\"auto, (max-width: 1020px) 100vw, 1020px\" title=\"2 Nagy\" \/>\t\t\t\t\t\t\n\t\t\t\t\t<\/div>\n\t\t\t\t\t\t\t\t\n<style>\n#image_536759870 {\n  width: 100%;\n}\n<\/style>\n\t<\/div>\n\t\n<\/div><\/div>\n<div class=\"col grid-col large-4 grid-col-1-3\" ><div class=\"col-inner\">\n\t<div class=\"img has-hover x md-x lg-x y md-y lg-y\" id=\"image_1778921961\">\n\t\t\t\t\t\t\t\t<div class=\"img-inner dark\" >\n\t\t\t<img loading=\"lazy\" decoding=\"async\" width=\"1020\" height=\"574\" src=\"https:\/\/bud-legal.hu\/wp-content\/uploads\/2022\/09\/1-Nagy.jpeg\" class=\"attachment-large size-large\" alt=\"\" srcset=\"https:\/\/bud-legal.hu\/wp-content\/uploads\/2022\/09\/1-Nagy.jpeg 1280w, https:\/\/bud-legal.hu\/wp-content\/uploads\/2022\/09\/1-Nagy-800x450.jpeg 800w, https:\/\/bud-legal.hu\/wp-content\/uploads\/2022\/09\/1-Nagy-768x432.jpeg 768w\" sizes=\"auto, (max-width: 1020px) 100vw, 1020px\" title=\"1 Nagy\" \/>\t\t\t\t\t\t\n\t\t\t\t\t<\/div>\n\t\t\t\t\t\t\t\t\n<style>\n#image_1778921961 {\n  width: 100%;\n}\n<\/style>\n\t<\/div>\n\t\n<\/div><\/div>\n            <\/div>\n    <style>\n    #banner-grid-1394241349 .grid-col-1{height: 600px}\n    #banner-grid-1394241349 .grid-col-1-2{height: 300px}\n    #banner-grid-1394241349 .grid-col-1-3{height:200px}\n    #banner-grid-1394241349 .grid-col-2-3{height: 400px}\n    #banner-grid-1394241349 .grid-col-1-4{height: 150px}\n    #banner-grid-1394241349 .grid-col-3-4{height: 450px}\n\n\n    \n    \n\n  <\/style>\n    <\/div>\n  \n     <\/div>\n\n     <div class=\"loading-spin dark large centered\"><\/div>\n\n\t<\/div>","protected":false},"excerpt":{"rendered":"","protected":false},"author":1,"featured_media":0,"parent":0,"menu_order":0,"comment_status":"closed","ping_status":"closed","template":"","meta":{"footnotes":""},"class_list":["post-3755","page","type-page","status-publish","hentry"],"_links":{"self":[{"href":"https:\/\/bud-legal.hu\/de\/wp-json\/wp\/v2\/pages\/3755","targetHints":{"allow":["GET"]}}],"collection":[{"href":"https:\/\/bud-legal.hu\/de\/wp-json\/wp\/v2\/pages"}],"about":[{"href":"https:\/\/bud-legal.hu\/de\/wp-json\/wp\/v2\/types\/page"}],"author":[{"embeddable":true,"href":"https:\/\/bud-legal.hu\/de\/wp-json\/wp\/v2\/users\/1"}],"replies":[{"embeddable":true,"href":"https:\/\/bud-legal.hu\/de\/wp-json\/wp\/v2\/comments?post=3755"}],"version-history":[{"count":4,"href":"https:\/\/bud-legal.hu\/de\/wp-json\/wp\/v2\/pages\/3755\/revisions"}],"predecessor-version":[{"id":4995,"href":"https:\/\/bud-legal.hu\/de\/wp-json\/wp\/v2\/pages\/3755\/revisions\/4995"}],"wp:attachment":[{"href":"https:\/\/bud-legal.hu\/de\/wp-json\/wp\/v2\/media?parent=3755"}],"curies":[{"name":"wp","href":"https:\/\/api.w.org\/{rel}","templated":true}]}}