{"id":2980,"date":"2017-01-18T19:11:23","date_gmt":"2017-01-18T19:11:23","guid":{"rendered":"http:\/\/bud-legal.hu\/?page_id=2980"},"modified":"2017-03-07T16:17:58","modified_gmt":"2017-03-07T16:17:58","slug":"referenciaink","status":"publish","type":"page","link":"https:\/\/bud-legal.hu\/de\/referenciaink\/","title":{"rendered":"Referenci\u00e1ink"},"content":{"rendered":"<h1 class=\"lead\">REFERENCI\u00c1INK<\/h1>\n\t<div id=\"gap-728004038\" class=\"gap-element clearfix\" style=\"display:block; height:auto;\">\n\t\t\n<style>\n#gap-728004038 {\n  padding-top: 30px;\n}\n<\/style>\n\t<\/div>\n\t\n<p class=\"lead\">Folyamatos fejl\u0151d\u00e9s\u00fcnknek k\u00f6sz\u00f6nhet\u0151en \u00fcgyf\u00e9lk\u00f6r\u00fcnk gyors \u00fctemben b\u0151v\u00fclt, <strong>hazai \u00e9s nemzetk\u00f6zi \u00fcgyfeleink<\/strong> m\u00e1ra m\u00e1r a gazdas\u00e1gi \u00e9let sz\u00e1mos ter\u00fclet\u00e9n veszik ig\u00e9nybe a <strong>jogi \u00e9s \u00fczleti tan\u00e1csad\u00e1si szolg\u00e1ltat\u00e1sainkat<\/strong>, valamint a <strong>b\u00edr\u00f3s\u00e1g<\/strong> \u00e9s a <strong>v\u00e1lasztottb\u00edr\u00f3s\u00e1g el\u0151tti jogi k\u00e9pviselet\u00fcnket<\/strong>.<\/p>\n<h2 class=\"lead\">Referenci\u00e1inkat a k\u00f6vetkez\u0151 ipar\u00e1gakban szerezt\u00fck meg:<\/h2>\n<p class=\"lead\" style=\"padding-left: 30px;\">\u2022 Fuvaroz\u00e1s &amp; logisztika<br \/>\n\u2022 Aut\u00f3alkatr\u00e9sz-gy\u00e1rt\u00e1s, Automotive<br \/>\n\u2022 \u00c9p\u00edt\u0151ipar, ingatlanfejleszt\u00e9s<br \/>\n\u2022 Ingatlan-\u00fczemeltet\u00e9s<br \/>\n\u2022 FMCG, klasszikus kereskedelem<br \/>\n\u2022 Online kereskedelem<br \/>\n\u2022 Logisztika<br \/>\n\u2022 Technol\u00f3gia \u00e9s inform\u00e1ci\u00f3, kommunik\u00e1ci\u00f3<br \/>\n\u2022 \u00c9lelmiszer-kereskedelem &amp; Agri<br \/>\n\u2022 Sz\u00f3rakoztat\u00f3ipar<br \/>\n\u2022 Mez\u0151gazdas\u00e1gi termel\u00e9s<br \/>\n\u2022 Munkaer\u0151-k\u00f6lcs\u00f6nz\u00e9s<br \/>\n\u2022 P\u00e9nz\u00fcgyi szolg\u00e1ltat\u00e1sok<\/p>\n\t<div id=\"gap-615832224\" class=\"gap-element clearfix\" style=\"display:block; height:auto;\">\n\t\t\n<style>\n#gap-615832224 {\n  padding-top: 30px;\n}\n<\/style>\n\t<\/div>\n\t\n<h2 class=\"lead\">Legut\u00f3bbi kiemelt \u00fcgyeink a k\u00f6vetkez\u0151k:<\/h2>\n<h3 class=\"lead\"><em><a href=\"http:\/\/bud-legal.hu\/szakter-ikon4\/\"><img loading=\"lazy\" decoding=\"async\" class=\"alignleft wp-image-2920\" src=\"http:\/\/bud-legal.hu\/wp-content\/uploads\/2017\/01\/szakter-ikon4.png\" width=\"30\" height=\"30\" \/><\/a><\/em><em>Kereskedelmi jog<\/em><\/h3>\n<p class=\"lead\" style=\"padding-left: 60px;\">\u2022 Magyarorsz\u00e1gi logisztikai c\u00e9g felv\u00e1s\u00e1rl\u00e1sa nemzetk\u00f6zi h\u00e1tter\u0171 v\u00e1llalatcsoport \u00e1ltal;<br \/>\n\u2022 Online-kereskedelem v\u00e1llalat elad\u00e1sa n\u00e9met c\u00e9gcsoport \u00e1ltal kelet-eur\u00f3pai befektet\u0151k r\u00e9sz\u00e9re;<br \/>\n\u2022 Vil\u00e1gszerte m\u0171k\u00f6d\u0151 v\u00e1llalat EMEA szolg\u00e1ltat\u00f3-r\u00e9szleg\u00e9nek teljes k\u00f6r\u0171 jogi kiszolg\u00e1l\u00e1sa;<br \/>\n\u2022 \u00c9lelmiszerjogi tan\u00e1csad\u00e1s FMCG\/Agri t\u00e9mak\u00f6rben t\u00edz k\u00f6z\u00e9p-kelet eur\u00f3pai orsz\u00e1g koordin\u00e1l\u00e1sa mellett;<br \/>\n\u2022 Magyar-N\u00e9met Joint Venture l\u00e9tes\u00edt\u00e9se ipar\u00e1gazati befektet\u00e9sek c\u00e9lj\u00e1b\u00f3l;<\/p>\n<h3 class=\"lead\"><em><a href=\"http:\/\/bud-legal.hu\/szakter-ikon3\/\"><img loading=\"lazy\" decoding=\"async\" class=\"alignleft wp-image-2921\" src=\"http:\/\/bud-legal.hu\/wp-content\/uploads\/2017\/01\/szakter-ikon3-340x340.png\" width=\"30\" height=\"30\" \/><\/a>T\u00e1rsas\u00e1gi jog<\/em><\/h3>\n<p class=\"lead\" style=\"padding-left: 60px;\">\u2022 Public-private-Partnership: Zrt. alap\u00edt\u00e1sa k\u00f6z\u00f6s befektet\u00e9si holding tev\u00e9kenys\u00e9g kifejt\u00e9s\u00e9re, komplex szindik\u00e1tusi szerz\u0151d\u00e9s elk\u00e9sz\u00edt\u00e9se;<br \/>\n\u2022 Sv\u00e1jci \u00e9p\u00edt\u00e9sz-iroda magyarorsz\u00e1gi terjeszked\u00e9se \u00e9s leteleped\u00e9se;<\/p>\n<h3 class=\"lead\"><em><a href=\"http:\/\/bud-legal.hu\/szakter-ikon2\/\"><img loading=\"lazy\" decoding=\"async\" class=\"alignleft wp-image-2922\" src=\"http:\/\/bud-legal.hu\/wp-content\/uploads\/2017\/01\/szakter-ikon2-340x340.png\" width=\"30\" height=\"30\" \/><\/a>Ingatlanjog<\/em><\/h3>\n<h3 class=\"lead\"><em><a href=\"http:\/\/bud-legal.hu\/szakter-ikon1\/\"><img loading=\"lazy\" decoding=\"async\" class=\"alignleft wp-image-2923\" src=\"http:\/\/bud-legal.hu\/wp-content\/uploads\/2017\/01\/szakter-ikon1-340x340.png\" width=\"30\" height=\"30\" \/><\/a>Munkajog<\/em><\/h3>\n<h3 class=\"lead\"><\/h3>\n\t<div id=\"gap-430525686\" class=\"gap-element clearfix\" style=\"display:block; height:auto;\">\n\t\t\n<style>\n#gap-430525686 {\n  padding-top: 30px;\n}\n<\/style>\n\t<\/div>\n\t\n<h3 class=\"lead\"><em>Adatv\u00e9delem<\/em><\/h3>\n<p class=\"lead\" style=\"padding-left: 30px;\">\u2022 Adatv\u00e9delmi szaktan\u00e1csad\u00e1s multinacion\u00e1lis, vezet\u0151 B2B inform\u00e1ci\u00f3-szolg\u00e1ltat\u00f3 v\u00e1llalat r\u00e9sz\u00e9re;<\/p>\n","protected":false},"excerpt":{"rendered":"<p class=\"qtranxs-available-languages-message qtranxs-available-languages-message-de\">Leider ist der Eintrag nur auf <a href=\"https:\/\/bud-legal.hu\/hu\/wp-json\/wp\/v2\/pages\/2980\" class=\"qtranxs-available-language-link qtranxs-available-language-link-hu\" title=\"Magyar\">Magyar<\/a> verf\u00fcgbar.<\/p>\n","protected":false},"author":1,"featured_media":0,"parent":0,"menu_order":0,"comment_status":"closed","ping_status":"closed","template":"page-blank-container.php","meta":{"footnotes":""},"class_list":["post-2980","page","type-page","status-publish","hentry"],"_links":{"self":[{"href":"https:\/\/bud-legal.hu\/de\/wp-json\/wp\/v2\/pages\/2980","targetHints":{"allow":["GET"]}}],"collection":[{"href":"https:\/\/bud-legal.hu\/de\/wp-json\/wp\/v2\/pages"}],"about":[{"href":"https:\/\/bud-legal.hu\/de\/wp-json\/wp\/v2\/types\/page"}],"author":[{"embeddable":true,"href":"https:\/\/bud-legal.hu\/de\/wp-json\/wp\/v2\/users\/1"}],"replies":[{"embeddable":true,"href":"https:\/\/bud-legal.hu\/de\/wp-json\/wp\/v2\/comments?post=2980"}],"version-history":[{"count":0,"href":"https:\/\/bud-legal.hu\/de\/wp-json\/wp\/v2\/pages\/2980\/revisions"}],"wp:attachment":[{"href":"https:\/\/bud-legal.hu\/de\/wp-json\/wp\/v2\/media?parent=2980"}],"curies":[{"name":"wp","href":"https:\/\/api.w.org\/{rel}","templated":true}]}}