{"id":2977,"date":"2017-01-18T19:08:58","date_gmt":"2017-01-18T19:08:58","guid":{"rendered":"http:\/\/bud-legal.hu\/?page_id=2977"},"modified":"2017-03-07T16:17:18","modified_gmt":"2017-03-07T16:17:18","slug":"nemzetkozi-tanacsadas","status":"publish","type":"page","link":"https:\/\/bud-legal.hu\/de\/nemzetkozi-tanacsadas\/","title":{"rendered":"NEMZETK\u00d6ZI TAN\u00c1CSAD\u00c1S"},"content":{"rendered":"<h1>NEMZETK\u00d6ZI TAN\u00c1CSAD\u00c1S<\/h1>\n\t<div id=\"gap-1697653350\" class=\"gap-element clearfix\" style=\"display:block; height:auto;\">\n\t\t\n<style>\n#gap-1697653350 {\n  padding-top: 30px;\n}\n<\/style>\n\t<\/div>\n\t\n<p class=\"lead\">Nemzetk\u00f6zi tev\u00e9kenys\u00e9g\u00fcnk \u00fcgyv\u00e9deink szakmai tapasztalat\u00e1nak k\u00f6sz\u00f6nhet\u0151en nagyon sz\u00e9lesk\u00f6r\u0171, hiszen egyr\u00e9szt ell\u00e1tjuk <strong>nemzetk\u00f6zi \u00fczleti \u00fcgyek<\/strong> \u00e9s <strong>nemzetk\u00f6zi \u00fcgyfelek jogi tan\u00e1csad\u00e1s\u00e1t<\/strong>, m\u00e1sr\u00e9szt folyamatosan b\u0151v\u00edtj\u00fck <strong>k\u00fclf\u00f6ldi partneri, szakmai h\u00e1l\u00f3zatunkat<\/strong>.<br \/>\nT\u00e1rsul\u00e1sunk tagja az <a href=\"https:\/\/irglobal.com\/\" target=\"_blank\" rel=\"noopener\"><strong>IR Global<\/strong><\/a> szakmai h\u00e1l\u00f3zat\u00e1nak.<\/p>\n<p class=\"lead\">Nemzetk\u00f6zi jogi tan\u00e1csad\u00e1sunk k\u00e9t \u00fczleti ter\u00fcletet \u00f6lel fel, egyr\u00e9szt seg\u00edts\u00e9get ny\u00fajtunk<\/p>\n<p class=\"lead\" style=\"padding-left: 30px;\">1. <em>K\u00fclf\u00f6ldi \u00fcgyfeleinknek, akik Magyarorsz\u00e1gon szeretn\u00e9nek terjeszkedni<\/em> \u00e9s sz\u00fcks\u00e9g\u00fck van a magyar piaci helyzetet \u00e9s jogrendszert ismer\u0151 jogi szolg\u00e1ltat\u00e1sokra;<\/p>\n<p class=\"lead\" style=\"padding-left: 30px;\">2. <em>Magyar multinacion\u00e1lis k\u00f6z\u00e9p- \u00e9s nagyv\u00e1llatok r\u00e9sz\u00e9re, amelyek tulajdonosi k\u00f6re vagy \u00fcgyvezet\u00e9se nemzetk\u00f6zi<\/em>, \u00e9s ez\u00e1ltal hat\u00e1rokon \u00e1t\u00edvel\u0151 jogi k\u00e9rd\u00e9sekben k\u00e9rik seg\u00edts\u00e9g\u00fcnket.<\/p>\n<p class=\"lead\">K\u00fclf\u00f6ldi szakmai tapasztalatunk \u00e9s kiterjedt kapcsolatrendszer\u00fcnk j\u00f3volt\u00e1b\u00f3l nagysz\u00e1m\u00fa k\u00fclf\u00f6ldi, els\u0151sorban n\u00e9met nyelvi ter\u00fcletr\u0151l sz\u00e1rmaz\u00f3 v\u00e1llalkoz\u00e1s r\u00e9sz\u00e9re ny\u00fajtottunk m\u00e1r \u00e9s ny\u00fajtunk jogi tan\u00e1csad\u00e1st.<br \/>\n\u00dcgyfeleink k\u00f6z\u00f6tt t\u00f6bb sv\u00e1jci, osztr\u00e1k, n\u00e9met c\u00e9get tudhatunk, de holland, brit, szlov\u00e9n, horv\u00e1t \u00e9s szlov\u00e1k \u00fcgyfeleinkkel is megtal\u00e1ljuk a k\u00f6z\u00f6s hangot.<\/p>\n<p class=\"lead\">Fontos sz\u00e1munkra, hogy a leghat\u00e9konyabban tudjuk kiszolg\u00e1lni \u00fcgyfeleink ig\u00e9nyeit: buda\u00f6rsi irod\u00e1nk elhelyezked\u00e9se a k\u00f6rnyez\u0151 multinacion\u00e1lis v\u00e1llalatok sz\u00e1m\u00e1ra jelent el\u0151nyt \u00e9s k\u00e9nyelmet, hiszen t\u0151l\u00fck karny\u00fajt\u00e1snyira vehetik ig\u00e9nybe jogi szolg\u00e1ltat\u00e1sainkat.<\/p>\n","protected":false},"excerpt":{"rendered":"<p class=\"qtranxs-available-languages-message qtranxs-available-languages-message-de\">Leider ist der Eintrag nur auf <a href=\"https:\/\/bud-legal.hu\/hu\/wp-json\/wp\/v2\/pages\/2977\" class=\"qtranxs-available-language-link qtranxs-available-language-link-hu\" title=\"Magyar\">Magyar<\/a> verf\u00fcgbar.<\/p>\n","protected":false},"author":1,"featured_media":0,"parent":0,"menu_order":0,"comment_status":"closed","ping_status":"closed","template":"page-blank-container.php","meta":{"footnotes":""},"class_list":["post-2977","page","type-page","status-publish","hentry"],"_links":{"self":[{"href":"https:\/\/bud-legal.hu\/de\/wp-json\/wp\/v2\/pages\/2977","targetHints":{"allow":["GET"]}}],"collection":[{"href":"https:\/\/bud-legal.hu\/de\/wp-json\/wp\/v2\/pages"}],"about":[{"href":"https:\/\/bud-legal.hu\/de\/wp-json\/wp\/v2\/types\/page"}],"author":[{"embeddable":true,"href":"https:\/\/bud-legal.hu\/de\/wp-json\/wp\/v2\/users\/1"}],"replies":[{"embeddable":true,"href":"https:\/\/bud-legal.hu\/de\/wp-json\/wp\/v2\/comments?post=2977"}],"version-history":[{"count":0,"href":"https:\/\/bud-legal.hu\/de\/wp-json\/wp\/v2\/pages\/2977\/revisions"}],"wp:attachment":[{"href":"https:\/\/bud-legal.hu\/de\/wp-json\/wp\/v2\/media?parent=2977"}],"curies":[{"name":"wp","href":"https:\/\/api.w.org\/{rel}","templated":true}]}}