{"id":2932,"date":"2017-01-18T15:57:05","date_gmt":"2017-01-18T15:57:05","guid":{"rendered":"http:\/\/bud-legal.hu\/?page_id=2932"},"modified":"2026-03-20T04:18:47","modified_gmt":"2026-03-20T03:18:47","slug":"contact","status":"publish","type":"page","link":"https:\/\/bud-legal.hu\/de\/contact\/","title":{"rendered":"Kontakt"},"content":{"rendered":"<section class=\"section\" id=\"section_1803562728\">\n\t\t<div class=\"section-bg fill\" >\n\t\t\t\t\t\t\t\t\t\n\t\t\t\n\n\t\t<\/div>\n\n\t\t\n\n\t\t<div class=\"section-content relative\">\n\t\t\t\n<div class=\"row\"  id=\"row-1011315242\">\n\n\t<div id=\"col-1852568822\" class=\"col large-12\"  >\n\t\t\t\t<div class=\"col-inner text-center\"  >\n\t\t\t\n\t\t\t\n<div class=\"container section-title-container\" style=\"margin-bottom:-5px;\"><h3 class=\"section-title section-title-center\"><b aria-hidden=\"true\"><\/b><span class=\"section-title-main\" style=\"font-size:110%;\">Budlegal ANW\u00c4LTE<\/span><b aria-hidden=\"true\"><\/b><\/h3><\/div>\n\t<div id=\"text-1948249232\" class=\"text\">\n\t\t\n<p>Vertreten durch: Rechtsanw\u00e4ltin Dr. Jesszika Udvari<br \/>Hauptsitz: H-1024 Budapest, L\u00f6v\u0151h\u00e1z utca 30.<br \/>Mobil: <a style=\"color: inherit; text-decoration: inherit;\" href=\"tel:+36308681297\">+36 30 868 1297<\/a><br \/>E-Mail: office@bud-legal.hu<br \/>www.bud-legal.hu<\/p>\n\t\t\n<style>\n#text-1948249232 {\n  font-size: 1.2rem;\n}\n<\/style>\n\t<\/div>\n\t\n<a href=\"mailto:office@bud-legal.hu?subject=Kapcsolat%20a%20budlegal%20honlapr\u00f3l\" class=\"button primary is-primary is-medium\" >\n\t\t<span>Senden Sie uns eine E-Mail<\/span>\n\t<\/a>\n\n<div class=\"social-icons follow-icons full-width text-center\" ><a href=\"https:\/\/www.facebook.com\/budlegal\/\" target=\"_blank\" data-label=\"Facebook\" class=\"icon primary button circle tooltip facebook\" title=\"Auf Facebook folgen\" aria-label=\"Auf Facebook folgen\" rel=\"noopener nofollow\"><i class=\"icon-facebook\" aria-hidden=\"true\"><\/i><\/a><a href=\"https:\/\/www.instagram.com\/budlegal\/\" target=\"_blank\" data-label=\"Instagram\" class=\"icon primary button circle tooltip instagram\" title=\"Auf Instagram folgen\" aria-label=\"Auf Instagram folgen\" rel=\"noopener nofollow\"><i class=\"icon-instagram\" aria-hidden=\"true\"><\/i><\/a><a href=\"https:\/\/www.linkedin.com\/company\/buz-dy-&#038;-udvari-law-firm\/\" data-label=\"LinkedIn\" target=\"_blank\" class=\"icon primary button circle tooltip linkedin\" title=\"Auf Linkedin folgen\" aria-label=\"Auf Linkedin folgen\" rel=\"noopener nofollow\"><i class=\"icon-linkedin\" aria-hidden=\"true\"><\/i><\/a><\/div>\n\t\t<\/div>\n\t\t\t\t\t<\/div>\n\n\t\n<\/div>\n<div class=\"row\"  id=\"row-321605325\">\n\n\t<div id=\"col-1920685923\" class=\"col medium-6 large-6\"  >\n\t\t\t\t<div class=\"col-inner\"  >\n\t\t\t\n\t\t\t\n<div class=\"container section-title-container\" ><h4 class=\"section-title section-title-normal\"><b aria-hidden=\"true\"><\/b><span class=\"section-title-main\" style=\"color:rgb(3, 46, 98);\">Buz\u00e1dy und Udvari Anwaltskanzlei<\/span><b aria-hidden=\"true\"><\/b><\/h4><\/div>\n<p>H-1024 Budapest<br \/>L\u00f6v\u0151h\u00e1z utca 30.<\/p>\n<p>Steuernummer: 18110537-2-41<\/p>\n<p>Rechtsanwalt dr. Csongor Buz\u00e1dy, LL.M. (Berlin)<br \/>Handelskammernummer: 36058203<\/p>\n<p>Rechtsanw\u00e4ltin Dr. Jesszika Udvari, MBA<br \/>Handelskammernummer: 36070727<\/p>\n<p>Mitglied der Anwaltskammer von Budapest<\/p>\n\t\t<\/div>\n\t\t\t\t\t<\/div>\n\n\t\n\n\t<div id=\"col-702149917\" class=\"col medium-6 large-6\"  >\n\t\t\t\t<div class=\"col-inner\"  >\n\t\t\t\n\t\t\t\n<div class=\"container section-title-container\" ><h4 class=\"section-title section-title-normal\"><b aria-hidden=\"true\"><\/b><span class=\"section-title-main\" style=\"color:rgb(3, 46, 98);\">Dr. D\u00f3ra Tuczai Rechtsanw\u00e4ltin<\/span><b aria-hidden=\"true\"><\/b><\/h4><\/div>\n<p>H-1024 Budapest<br \/>L\u00f6v\u0151h\u00e1z utca 30.<\/p>\n<p>Steuernummer: 70895511-2-41<\/p>\n<p>Rechtsanw\u00e4ltin dr. D\u00f3ra Tuczai, LL.M. (Berlin)<br \/>Handelskammernummer: 36070655<\/p>\n<p>Telefon: <a href=\"tel:+36303613938\">+36 30 361 3938<\/a><\/p>\n<p>Mitglied der Anwaltskammer von Budapest<\/p>\n\t\t<\/div>\n\t\t\t\t\t<\/div>\n\n\t\n<\/div>\n\n\n<div class=\"row\"  id=\"row-1675295400\">\n\n\t<div id=\"col-645767242\" class=\"col small-12 large-12\"  >\n\t\t\t\t<div class=\"col-inner\"  >\n\t\t\t\n\t\t\t\n<div class=\"container section-title-container\" style=\"margin-bottom:-10px;\"><h4 class=\"section-title section-title-normal\"><b aria-hidden=\"true\"><\/b><span class=\"section-title-main\" style=\"color:rgb(3, 46, 98);\">Ansatz<\/span><b aria-hidden=\"true\"><\/b><\/h4><\/div>\n<p>L\u00fcv\u0151h\u00e1z utca 30.<br \/>\nH-1024 Budapest<\/p>\n<p><iframe src=\"https:\/\/www.google.com\/maps\/embed?pb=!1m18!1m12!1m3!1d2694.9134227016943!2d19.02023367678208!3d47.51107727118138!2m3!1f0!2f0!3f0!3m2!1i1024!2i768!4f13.1!3m3!1m2!1s0x4741dea69bc040a1%3A0x1237ec058540f7ca!2zTMO2dsWRaMOheiB1LiAzMA!5e0!3m2!1sen!2shu!4v1771302779879!5m2!1sen!2shu\" width=\"1200\" height=\"450\" style=\"border:0;\" allowfullscreen=\"\" loading=\"lazy\" referrerpolicy=\"no-referrer-when-downgrade\"><\/iframe><\/p>\n\t\t<\/div>\n\t\t\t\t\t<\/div>\n\n\t\n<\/div>\n<div class=\"row\"  id=\"row-915744639\">\n\n\t<div id=\"col-310981975\" class=\"col medium-6 large-6\"  >\n\t\t\t\t<div class=\"col-inner\"  >\n\t\t\t\n\t\t\t\n<div class=\"container section-title-container\" style=\"margin-bottom:-10px;\"><h4 class=\"section-title section-title-normal\"><b aria-hidden=\"true\"><\/b><span class=\"section-title-main\" style=\"color:rgb(3, 46, 98);\">Hosting-Anbieter<\/span><b aria-hidden=\"true\"><\/b><\/h4><\/div>\n\t<div id=\"text-948848212\" class=\"text\">\n\t\t\n<p>Name: <strong>Global Systems Informatika Kft.<\/strong><br \/>Adresse: H-1119 Budapest, Etele \u00fat 57.<br \/>Telefonnummer: +36 1 808 9379<br \/>Website: <a href=\"http:\/\/www.globalsystems.hu\" style=\"color: inherit;\ntext-decoration: inherit;\" target=\"_blank\" rel=\"noopener\">www.globalsystems.hu<\/a><\/p>\n\t\t\n<style>\n#text-948848212 {\n  font-size: 1rem;\n}\n<\/style>\n\t<\/div>\n\t\n\t\t<\/div>\n\t\t\t\t\t<\/div>\n\n\t\n\n\t<div id=\"col-1027919527\" class=\"col small-12 large-12\"  >\n\t\t\t\t<div class=\"col-inner\"  >\n\t\t\t\n\t\t\t\n\t<div id=\"text-3309028163\" class=\"text\">\n\t\t\n<p>Diese Website wird von <strong>BUDLEGAL ANW\u00c4LTE<\/strong>, einer bei der Budapester Rechtsanwaltskammer eingetragenen Anwaltskanzlei, gem\u00e4\u00df den f\u00fcr Rechtsanw\u00e4lte geltenden Gesetzen und internen Vorschriften betrieben. Diese finden Sie zusammen mit Informationen zu den Rechten der Mandanten auf der Website <a style=\"color: inherit; text-decoration: inherit;\" href=\"http:\/\/www.bpbar.hu\" target=\"_blank\" rel=\"noopener\">www.bpbar.hu<\/a>.<\/p>\n\t\t\n<style>\n#text-3309028163 {\n  font-size: 1rem;\n}\n<\/style>\n\t<\/div>\n\t\n\t\t<\/div>\n\t\t\t\t\t<\/div>\n\n\t\n<\/div>\n\t\t<\/div>\n\n\t\t\n<style>\n#section_1803562728 {\n  padding-top: 30px;\n  padding-bottom: 30px;\n}\n<\/style>\n\t<\/section>","protected":false},"excerpt":{"rendered":"","protected":false},"author":1,"featured_media":0,"parent":0,"menu_order":0,"comment_status":"closed","ping_status":"closed","template":"","meta":{"footnotes":""},"class_list":["post-2932","page","type-page","status-publish","hentry"],"_links":{"self":[{"href":"https:\/\/bud-legal.hu\/de\/wp-json\/wp\/v2\/pages\/2932","targetHints":{"allow":["GET"]}}],"collection":[{"href":"https:\/\/bud-legal.hu\/de\/wp-json\/wp\/v2\/pages"}],"about":[{"href":"https:\/\/bud-legal.hu\/de\/wp-json\/wp\/v2\/types\/page"}],"author":[{"embeddable":true,"href":"https:\/\/bud-legal.hu\/de\/wp-json\/wp\/v2\/users\/1"}],"replies":[{"embeddable":true,"href":"https:\/\/bud-legal.hu\/de\/wp-json\/wp\/v2\/comments?post=2932"}],"version-history":[{"count":5,"href":"https:\/\/bud-legal.hu\/de\/wp-json\/wp\/v2\/pages\/2932\/revisions"}],"predecessor-version":[{"id":5904,"href":"https:\/\/bud-legal.hu\/de\/wp-json\/wp\/v2\/pages\/2932\/revisions\/5904"}],"wp:attachment":[{"href":"https:\/\/bud-legal.hu\/de\/wp-json\/wp\/v2\/media?parent=2932"}],"curies":[{"name":"wp","href":"https:\/\/api.w.org\/{rel}","templated":true}]}}